{"id":4638,"date":"2024-10-23T15:59:38","date_gmt":"2024-10-23T13:59:38","guid":{"rendered":"http:\/\/billigtrikots.com\/?post_type=product&#038;p=4638"},"modified":"2024-10-23T16:01:48","modified_gmt":"2024-10-23T14:01:48","slug":"la-galaxy-city-of-dreams-kit-fans-home-shirt-2022-2023-football-jersey-katai-7","status":"publish","type":"product","link":"https:\/\/www.billigtrikotde.com\/fr\/la-galaxy-city-of-dreams-kit-fans-home-shirt-2022-2023-football-jersey-katai-7\/","title":{"rendered":"Maillot LA Galaxy City of Dreams Kit Fans Home 2022-2023 KATAI 7"},"content":{"rendered":"<p>Le kit City of Dreams honore les maillots blancs propres, classiques et \u00e9l\u00e9gants de l'histoire de la Galaxie avec une touche de LA, pour repr\u00e9senter la City of Dreams et la City of Stars. La puissance et l'\u00e9nergie du quasar repr\u00e9sentent le c\u0153ur de la galaxie et les r\u00eaveurs, cr\u00e9ateurs et innovateurs qui composent Los Angeles. Conseils [\u2026]<\/p>\n<p>Conseils pour le lavage : Il est recommand\u00e9 de laver les maillots de football \u00e0 la main. Si vous souhaitez utiliser la machine \u00e0 laver, pensez \u00e0 retourner les maillots de football avant de les laver. Remplissez la machine avec de l'eau froide et utilisez un cycle de lavage d\u00e9licat pour mieux prot\u00e9ger les couleurs.<\/p>","protected":false},"excerpt":{"rendered":"<p>Le kit City of Dreams honore les maillots blancs propres, classiques et \u00e9l\u00e9gants de l'histoire de la Galaxie avec une touche de LA, pour repr\u00e9senter la City of Dreams et la City of Stars. La puissance et l'\u00e9nergie du quasar repr\u00e9sentent le c\u0153ur de la galaxie et les r\u00eaveurs, cr\u00e9ateurs et innovateurs qui composent Los Angeles. Conseils [\u2026]<\/p>","protected":false},"featured_media":4678,"comment_status":"open","ping_status":"closed","template":"","meta":[],"product_brand":[],"product_cat":[182],"product_tag":[20,21,22,23,24,183,184],"class_list":{"0":"post-4638","1":"product","2":"type-product","3":"status-publish","4":"has-post-thumbnail","6":"product_cat-la-galaxy","7":"product_tag-coole-fussballtrikots","8":"product_tag-fussballtrikot-fuer-herren","9":"product_tag-fussballtrikot-guenstig-kaufen","10":"product_tag-fussballtrikot-kurzarm","11":"product_tag-guenstiges-fussballtrikot","12":"product_tag-la-galaxy-away-shirt","13":"product_tag-la-galaxy-trikots","15":"first","16":"instock","17":"shipping-taxable","18":"purchasable","19":"product-type-variable"},"_links":{"self":[{"href":"https:\/\/www.billigtrikotde.com\/fr\/wp-json\/wp\/v2\/product\/4638","targetHints":{"allow":["GET"]}}],"collection":[{"href":"https:\/\/www.billigtrikotde.com\/fr\/wp-json\/wp\/v2\/product"}],"about":[{"href":"https:\/\/www.billigtrikotde.com\/fr\/wp-json\/wp\/v2\/types\/product"}],"replies":[{"embeddable":true,"href":"https:\/\/www.billigtrikotde.com\/fr\/wp-json\/wp\/v2\/comments?post=4638"}],"wp:featuredmedia":[{"embeddable":true,"href":"https:\/\/www.billigtrikotde.com\/fr\/wp-json\/wp\/v2\/media\/4678"}],"wp:attachment":[{"href":"https:\/\/www.billigtrikotde.com\/fr\/wp-json\/wp\/v2\/media?parent=4638"}],"wp:term":[{"taxonomy":"product_brand","embeddable":true,"href":"https:\/\/www.billigtrikotde.com\/fr\/wp-json\/wp\/v2\/product_brand?post=4638"},{"taxonomy":"product_cat","embeddable":true,"href":"https:\/\/www.billigtrikotde.com\/fr\/wp-json\/wp\/v2\/product_cat?post=4638"},{"taxonomy":"product_tag","embeddable":true,"href":"https:\/\/www.billigtrikotde.com\/fr\/wp-json\/wp\/v2\/product_tag?post=4638"}],"curies":[{"name":"wp","href":"https:\/\/api.w.org\/{rel}","templated":true}]}}