{"id":4521,"date":"2024-10-23T15:53:54","date_gmt":"2024-10-23T13:53:54","guid":{"rendered":"http:\/\/billigtrikots.com\/?post_type=product&#038;p=4521"},"modified":"2024-10-23T15:56:02","modified_gmt":"2024-10-23T13:56:02","slug":"neue-dfb-deutschlands-wm-trikot-2022-football-shirt-mit-aufdruck-mueller-13","status":"publish","type":"product","link":"https:\/\/www.billigtrikotde.com\/fr\/neue-dfb-deutschlands-wm-trikot-2022-football-shirt-mit-aufdruck-mueller-13\/","title":{"rendered":"Nouveau maillot de la DFB Allemagne Coupe du Monde 2022 maillot de football avec impression M\u00fcller 13"},"content":{"rendered":"<p>Une couleur de base blanche avec des motifs en zig-zag gris sur le devant doit \u00eatre le nouveau maillot allemand 2022 ! Or-noir sera l\u2019embl\u00e8me DFB, or le logo adidas et les quatre \u00e9toiles ainsi que les extr\u00e9mit\u00e9s des manches et les \u00e9paules.<br \/>\nConseils pour l'impression : Si le nom et le num\u00e9ro figurant sur l'image correspondent exactement \u00e0 ce que vous souhaitez, vous ne devez pas les saisir \u00e0 nouveau. Si ce n'est pas le cas, vous devez saisir le nom et le num\u00e9ro que vous souhaitez.<\/p>\n<p>Conseils pour le lavage : Il est recommand\u00e9 de laver les maillots de football \u00e0 la main. Si vous souhaitez utiliser la machine \u00e0 laver, pensez \u00e0 retourner les maillots de football avant de les laver. Remplissez la machine avec de l'eau froide et utilisez un cycle de lavage d\u00e9licat pour mieux prot\u00e9ger les couleurs.<\/p>","protected":false},"excerpt":{"rendered":"<p>Une couleur de fond blanche avec des motifs en zigzag gris sur le devant doit avoir le nouveau maillot d'Allemagne 2022 ! Or-Noir sera l'embl\u00e8me de la DFB, l'or le logo adidas et les quatre \u00e9toiles ainsi que les poignets et les \u00e9paules. Conseils pour l'impression : si le nom et le num\u00e9ro sur l'image correspondent exactement \u00e0 vos souhaits, vous n'avez pas besoin de les saisir \u00e0 nouveau. Si [\u2026]<\/p>","protected":false},"featured_media":4562,"comment_status":"open","ping_status":"closed","template":"","meta":[],"product_brand":[],"product_cat":[170],"product_tag":[20,212,172,213,21,22,23,24],"class_list":{"0":"post-4521","1":"product","2":"type-product","3":"status-publish","4":"has-post-thumbnail","6":"product_cat-deutschland-trikots","7":"product_tag-coole-fussballtrikots","8":"product_tag-deutschland-heimtrikot","9":"product_tag-deutschland-trikots","10":"product_tag-fussball-wm-2022","11":"product_tag-fussballtrikot-fuer-herren","12":"product_tag-fussballtrikot-guenstig-kaufen","13":"product_tag-fussballtrikot-kurzarm","14":"product_tag-guenstiges-fussballtrikot","16":"first","17":"instock","18":"shipping-taxable","19":"purchasable","20":"product-type-variable"},"_links":{"self":[{"href":"https:\/\/www.billigtrikotde.com\/fr\/wp-json\/wp\/v2\/product\/4521","targetHints":{"allow":["GET"]}}],"collection":[{"href":"https:\/\/www.billigtrikotde.com\/fr\/wp-json\/wp\/v2\/product"}],"about":[{"href":"https:\/\/www.billigtrikotde.com\/fr\/wp-json\/wp\/v2\/types\/product"}],"replies":[{"embeddable":true,"href":"https:\/\/www.billigtrikotde.com\/fr\/wp-json\/wp\/v2\/comments?post=4521"}],"wp:featuredmedia":[{"embeddable":true,"href":"https:\/\/www.billigtrikotde.com\/fr\/wp-json\/wp\/v2\/media\/4562"}],"wp:attachment":[{"href":"https:\/\/www.billigtrikotde.com\/fr\/wp-json\/wp\/v2\/media?parent=4521"}],"wp:term":[{"taxonomy":"product_brand","embeddable":true,"href":"https:\/\/www.billigtrikotde.com\/fr\/wp-json\/wp\/v2\/product_brand?post=4521"},{"taxonomy":"product_cat","embeddable":true,"href":"https:\/\/www.billigtrikotde.com\/fr\/wp-json\/wp\/v2\/product_cat?post=4521"},{"taxonomy":"product_tag","embeddable":true,"href":"https:\/\/www.billigtrikotde.com\/fr\/wp-json\/wp\/v2\/product_tag?post=4521"}],"curies":[{"name":"wp","href":"https:\/\/api.w.org\/{rel}","templated":true}]}}