{"id":4415,"date":"2024-10-23T15:48:42","date_gmt":"2024-10-23T13:48:42","guid":{"rendered":"http:\/\/billigtrikots.com\/?post_type=product&#038;p=4415"},"modified":"2024-10-23T15:50:53","modified_gmt":"2024-10-23T13:50:53","slug":"rashford-10-manchester-united-2022-23-heimtrikot-herren-trikot-kurze-hosen","status":"publish","type":"product","link":"https:\/\/www.billigtrikotde.com\/fr\/rashford-10-manchester-united-2022-23-heimtrikot-herren-trikot-kurze-hosen\/","title":{"rendered":"RASHFORD 10 Manchester United 2022-23 maillot domicile homme maillot + culotte"},"content":{"rendered":"<p>Le maillot Manchester United 2022-2023 d'Adidas combine une couleur principale plut\u00f4t rouge fonc\u00e9 avec un logo Adidas blanc et des trois bandes noires.<\/p>\n<p>Ce qui rend le maillot sp\u00e9cial, c'est le col polo. Le col blanc est dot\u00e9 d'un design triangulaire inspir\u00e9 de 1994.<\/p>\n<p>Les chaussettes du maillot domicile Manchester United 22-23 combinent la couleur principale traditionnelle noire avec du rouge. Elles ont un diable rouge sur le devant et un logo Adidas blanc \u00e0 l'arri\u00e8re. La partie sup\u00e9rieure est rouge avec des trois bandes noires.<\/p>\n<p>Le maillot Man United 22-23 poss\u00e8de un \u00e9cusson repr\u00e9sentant le logo de Manchester United. L'\u00e9cusson a la forme d'un pentagone et est d'une teinte rouge l\u00e9g\u00e8rement plus fonc\u00e9e que le reste du maillot. Il est \u00e9galement entour\u00e9 d'une fine bordure pour d\u00e9limiter la forme.<\/p>\n<p>Conseils pour l'impression : Si le nom et le num\u00e9ro figurant sur l'image correspondent exactement \u00e0 ce que vous souhaitez, vous ne devez pas les saisir \u00e0 nouveau. Si ce n'est pas le cas, vous devez saisir le nom et le num\u00e9ro que vous souhaitez.<\/p>\n<p>Conseils pour le lavage : Il est recommand\u00e9 de laver les maillots de football \u00e0 la main. Si vous souhaitez utiliser la machine \u00e0 laver, pensez \u00e0 retourner les maillots de football avant de les laver. Remplissez la machine avec de l'eau froide et utilisez un cycle de lavage d\u00e9licat pour mieux prot\u00e9ger les couleurs.<\/p>","protected":false},"excerpt":{"rendered":"<p>Le maillot Manchester United 2022-2023 d'Adidas combine une couleur principale plut\u00f4t rouge fonc\u00e9 avec un logo Adidas blanc et des trois bandes noires. Ce qui rend le maillot sp\u00e9cial, c'est le col polo. Le col blanc est dot\u00e9 d'un design triangulaire inspir\u00e9 de 1994. Les chaussettes du maillot domicile Manchester United 22-23 combinent la couleur principale traditionnelle noire avec du rouge. Elles ont [\u2026]<\/p>","protected":false},"featured_media":4455,"comment_status":"open","ping_status":"closed","template":"","meta":[],"product_brand":[],"product_cat":[50],"product_tag":[20,21,22,23,54,24,141,52],"class_list":{"0":"post-4415","1":"product","2":"type-product","3":"status-publish","4":"has-post-thumbnail","6":"product_cat-manchester-united","7":"product_tag-coole-fussballtrikots","8":"product_tag-fussballtrikot-fuer-herren","9":"product_tag-fussballtrikot-guenstig-kaufen","10":"product_tag-fussballtrikot-kurzarm","11":"product_tag-fussballtrikot-set","12":"product_tag-guenstiges-fussballtrikot","13":"product_tag-manchester-united-heimtrikot","14":"product_tag-manchester-united-trikots","16":"first","17":"instock","18":"shipping-taxable","19":"purchasable","20":"product-type-variable"},"_links":{"self":[{"href":"https:\/\/www.billigtrikotde.com\/fr\/wp-json\/wp\/v2\/product\/4415","targetHints":{"allow":["GET"]}}],"collection":[{"href":"https:\/\/www.billigtrikotde.com\/fr\/wp-json\/wp\/v2\/product"}],"about":[{"href":"https:\/\/www.billigtrikotde.com\/fr\/wp-json\/wp\/v2\/types\/product"}],"replies":[{"embeddable":true,"href":"https:\/\/www.billigtrikotde.com\/fr\/wp-json\/wp\/v2\/comments?post=4415"}],"wp:featuredmedia":[{"embeddable":true,"href":"https:\/\/www.billigtrikotde.com\/fr\/wp-json\/wp\/v2\/media\/4455"}],"wp:attachment":[{"href":"https:\/\/www.billigtrikotde.com\/fr\/wp-json\/wp\/v2\/media?parent=4415"}],"wp:term":[{"taxonomy":"product_brand","embeddable":true,"href":"https:\/\/www.billigtrikotde.com\/fr\/wp-json\/wp\/v2\/product_brand?post=4415"},{"taxonomy":"product_cat","embeddable":true,"href":"https:\/\/www.billigtrikotde.com\/fr\/wp-json\/wp\/v2\/product_cat?post=4415"},{"taxonomy":"product_tag","embeddable":true,"href":"https:\/\/www.billigtrikotde.com\/fr\/wp-json\/wp\/v2\/product_tag?post=4415"}],"curies":[{"name":"wp","href":"https:\/\/api.w.org\/{rel}","templated":true}]}}