{"id":4387,"date":"2024-10-23T15:47:28","date_gmt":"2024-10-23T13:47:28","guid":{"rendered":"http:\/\/billigtrikots.com\/?post_type=product&#038;p=4387"},"modified":"2024-10-23T15:49:41","modified_gmt":"2024-10-23T13:49:41","slug":"manchester-united-2022-23-heimtrikot-herren-trikot-kurze-hosen-mit-aufdruck-van-de-beek-34","status":"publish","type":"product","link":"https:\/\/www.billigtrikotde.com\/fr\/manchester-united-2022-23-heimtrikot-herren-trikot-kurze-hosen-mit-aufdruck-van-de-beek-34\/","title":{"rendered":"Maillot domicile Manchester United 2022-23 avec impression VAN DE BEEK 34"},"content":{"rendered":"<p>Le maillot Manchester United 2022-2023 d'Adidas combine une couleur principale plut\u00f4t rouge fonc\u00e9 avec un logo Adidas blanc et des trois bandes noires. Ce qui rend le maillot sp\u00e9cial, c'est le col polo. Le col blanc est dot\u00e9 d'un design triangulaire inspir\u00e9 de 1994. Les chaussettes du maillot domicile Manchester United 22-23 combinent la couleur principale traditionnelle noire avec du rouge. Elles ont [\u2026]<br \/>\nSie haben einen roten Red Devil auf der Vorderseite und ein wei\u00dfes Adidas-Logo auf der R\u00fcckseite. Die Oberseite ist rot mit schwarzen drei Streifen.<\/p>\n<p>Das Man United 22-23 Heimtrikot hat einen Schild, der das Logo von Manchester United zeigt. Der Schild hat die Form eines F\u00fcnfecks und einen etwas dunkleren Rotton als der Rest des Shirts. Es wird auch durch einen d\u00fcnnen Rand umrissen, um die Form zu trennen.<\/p>\n<p>Conseils pour l'impression : Si le nom et le num\u00e9ro figurant sur l'image correspondent exactement \u00e0 ce que vous souhaitez, vous ne devez pas les saisir \u00e0 nouveau. Si ce n'est pas le cas, vous devez saisir le nom et le num\u00e9ro que vous souhaitez.<\/p>\n<p>Conseils de lavage : Il est recommand\u00e9 de laver les maillots de football \u00e0 la main. Si vous souhaitez utiliser la machine \u00e0 laver, pensez \u00e0 retourner les maillots de football avant de les laver.<\/p>","protected":false},"excerpt":{"rendered":"<p>Le maillot Manchester United 2022-2023 d'Adidas combine une couleur principale plut\u00f4t rouge fonc\u00e9 avec un logo Adidas blanc et des trois bandes noires. Ce qui rend le maillot sp\u00e9cial, c'est le col polo. Le col blanc est dot\u00e9 d'un design triangulaire inspir\u00e9 de 1994. Les chaussettes du maillot domicile Manchester United 22-23 combinent la couleur principale traditionnelle noire avec du rouge. Elles ont [\u2026]<\/p>","protected":false},"featured_media":4421,"comment_status":"open","ping_status":"closed","template":"","meta":[],"product_brand":[],"product_cat":[50],"product_tag":[20,214,215,21,22,54,141,52],"class_list":{"0":"post-4387","1":"product","2":"type-product","3":"status-publish","4":"has-post-thumbnail","6":"product_cat-manchester-united","7":"product_tag-coole-fussballtrikots","8":"product_tag-fussball-fan-shop","9":"product_tag-fussball-trikot-kurzarm","10":"product_tag-fussballtrikot-fuer-herren","11":"product_tag-fussballtrikot-guenstig-kaufen","12":"product_tag-fussballtrikot-set","13":"product_tag-manchester-united-heimtrikot","14":"product_tag-manchester-united-trikots","16":"first","17":"instock","18":"shipping-taxable","19":"purchasable","20":"product-type-variable"},"_links":{"self":[{"href":"https:\/\/www.billigtrikotde.com\/fr\/wp-json\/wp\/v2\/product\/4387","targetHints":{"allow":["GET"]}}],"collection":[{"href":"https:\/\/www.billigtrikotde.com\/fr\/wp-json\/wp\/v2\/product"}],"about":[{"href":"https:\/\/www.billigtrikotde.com\/fr\/wp-json\/wp\/v2\/types\/product"}],"replies":[{"embeddable":true,"href":"https:\/\/www.billigtrikotde.com\/fr\/wp-json\/wp\/v2\/comments?post=4387"}],"wp:featuredmedia":[{"embeddable":true,"href":"https:\/\/www.billigtrikotde.com\/fr\/wp-json\/wp\/v2\/media\/4421"}],"wp:attachment":[{"href":"https:\/\/www.billigtrikotde.com\/fr\/wp-json\/wp\/v2\/media?parent=4387"}],"wp:term":[{"taxonomy":"product_brand","embeddable":true,"href":"https:\/\/www.billigtrikotde.com\/fr\/wp-json\/wp\/v2\/product_brand?post=4387"},{"taxonomy":"product_cat","embeddable":true,"href":"https:\/\/www.billigtrikotde.com\/fr\/wp-json\/wp\/v2\/product_cat?post=4387"},{"taxonomy":"product_tag","embeddable":true,"href":"https:\/\/www.billigtrikotde.com\/fr\/wp-json\/wp\/v2\/product_tag?post=4387"}],"curies":[{"name":"wp","href":"https:\/\/api.w.org\/{rel}","templated":true}]}}