{"id":4381,"date":"2024-10-23T15:46:57","date_gmt":"2024-10-23T13:46:57","guid":{"rendered":"http:\/\/billigtrikots.com\/?post_type=product&#038;p=4381"},"modified":"2024-10-23T15:49:09","modified_gmt":"2024-10-23T13:49:09","slug":"la-galaxy-2022-2023-heimtrikot-herren-fan-edition-fussballtrikot","status":"publish","type":"product","link":"https:\/\/www.billigtrikotde.com\/fr\/la-galaxy-2022-2023-heimtrikot-herren-fan-edition-fussballtrikot\/","title":{"rendered":"LA Galaxy 2022-2023 Maillot de football domicile homme Fan Edition"},"content":{"rendered":"<p>Elle est d\u00e9sign\u00e9e comme le \u00ab City of Dreams Kit \u00bb et rend hommage aux kits blancs propres, classiques et \u00e9l\u00e9gants de l'histoire de la Galaxie avec une touche de LA, afin de repr\u00e9senter la City of Dreams et la City of Stars.<\/p>\n<p>Le maillot de football Adidas LA Galaxy 2022, principalement blanc, pr\u00e9sente un col bleu marine et trois bandes de la m\u00eame couleur sur les \u00e9paules.<\/p>\n<p>La caract\u00e9ristique remarquable du maillot domicile Adidas LA Galaxy 2022 est le col et les poignets des manches, qui sont \u00e9galement bleu fonc\u00e9 et pr\u00e9sentent un motif Quasar inspir\u00e9 du blason du club.<\/p>","protected":false},"excerpt":{"rendered":"<p>Il est d\u00e9sign\u00e9 comme le \u00ab City of Dreams Kit \u00bb et rend hommage aux kits blancs propres, classiques et \u00e9l\u00e9gants de l\u2019histoire de la galaxie, avec une touche de LA, pour repr\u00e9senter la City of Dreams et la City of Stars. Le maillot de football Adidas LA Galaxy 2022, principalement blanc, poss\u00e8de un col bleu marine et 3 bandes en [\u2026]<\/p>","protected":false},"featured_media":4420,"comment_status":"open","ping_status":"closed","template":"","meta":[],"product_brand":[],"product_cat":[182],"product_tag":[20,21,22,23,24,183,184],"class_list":{"0":"post-4381","1":"product","2":"type-product","3":"status-publish","4":"has-post-thumbnail","6":"product_cat-la-galaxy","7":"product_tag-coole-fussballtrikots","8":"product_tag-fussballtrikot-fuer-herren","9":"product_tag-fussballtrikot-guenstig-kaufen","10":"product_tag-fussballtrikot-kurzarm","11":"product_tag-guenstiges-fussballtrikot","12":"product_tag-la-galaxy-away-shirt","13":"product_tag-la-galaxy-trikots","15":"first","16":"instock","17":"featured","18":"shipping-taxable","19":"purchasable","20":"product-type-variable"},"_links":{"self":[{"href":"https:\/\/www.billigtrikotde.com\/fr\/wp-json\/wp\/v2\/product\/4381","targetHints":{"allow":["GET"]}}],"collection":[{"href":"https:\/\/www.billigtrikotde.com\/fr\/wp-json\/wp\/v2\/product"}],"about":[{"href":"https:\/\/www.billigtrikotde.com\/fr\/wp-json\/wp\/v2\/types\/product"}],"replies":[{"embeddable":true,"href":"https:\/\/www.billigtrikotde.com\/fr\/wp-json\/wp\/v2\/comments?post=4381"}],"wp:featuredmedia":[{"embeddable":true,"href":"https:\/\/www.billigtrikotde.com\/fr\/wp-json\/wp\/v2\/media\/4420"}],"wp:attachment":[{"href":"https:\/\/www.billigtrikotde.com\/fr\/wp-json\/wp\/v2\/media?parent=4381"}],"wp:term":[{"taxonomy":"product_brand","embeddable":true,"href":"https:\/\/www.billigtrikotde.com\/fr\/wp-json\/wp\/v2\/product_brand?post=4381"},{"taxonomy":"product_cat","embeddable":true,"href":"https:\/\/www.billigtrikotde.com\/fr\/wp-json\/wp\/v2\/product_cat?post=4381"},{"taxonomy":"product_tag","embeddable":true,"href":"https:\/\/www.billigtrikotde.com\/fr\/wp-json\/wp\/v2\/product_tag?post=4381"}],"curies":[{"name":"wp","href":"https:\/\/api.w.org\/{rel}","templated":true}]}}