{"id":4315,"date":"2024-10-23T15:43:57","date_gmt":"2024-10-23T13:43:57","guid":{"rendered":"http:\/\/billigtrikots.com\/?post_type=product&#038;p=4315"},"modified":"2024-10-23T15:46:09","modified_gmt":"2024-10-23T13:46:09","slug":"manchester-city-ausweichtrikot-2021-22-dunkelblau-trikotsatz-fuer-kinder-mit-aufdruck-bernardo-20","status":"publish","type":"product","link":"https:\/\/www.billigtrikotde.com\/fr\/manchester-city-ausweichtrikot-2021-22-dunkelblau-trikotsatz-fuer-kinder-mit-aufdruck-bernardo-20\/","title":{"rendered":"Manchester City maillot de remplacement 2021\/22 Bleu fonc\u00e9 Ensemble de maillots pour enfants avec impression Bernardo 20"},"content":{"rendered":"<p>Avec ce maillot d\\'ext\u00e9rieur Manchester City FC 2021\/22 pour hommes de PUMA, vous pouvez ramener les champions de hautland pour tout refaire. Ce haut \u00e0 coupe standard de couleur Peacoat poss\u00e8de un col rond, des manches courtes et des finitions c\u00f4tel\u00e9es. Il est fabriqu\u00e9 en tissu l\u00e9ger en polyester avec la technologie dryCELL caract\u00e9ristique pour un confort frais lorsque l\\'ambiance devient chaude. Avec le blason embl\u00e9matique r\u00e9p\u00e9t\u00e9 en continu, ce maillot est dot\u00e9 de logos Classic Cat, des sponsors du club et du branding Manchester City sur la poitrine.<\/p>\n<p>Conseils pour l'impression : Si le nom et le num\u00e9ro figurant sur l'image correspondent exactement \u00e0 ce que vous souhaitez, vous ne devez pas les saisir \u00e0 nouveau. Si ce n'est pas le cas, vous devez saisir le nom et le num\u00e9ro que vous souhaitez.<\/p>\n<p>Conseils pour le lavage : Il est recommand\u00e9 de laver les maillots de football \u00e0 la main. Si vous souhaitez utiliser la machine \u00e0 laver, pensez \u00e0 retourner les maillots de football avant de les laver. Remplissez la machine avec de l'eau froide et utilisez un cycle de lavage d\u00e9licat pour mieux prot\u00e9ger les couleurs.<\/p>","protected":false},"excerpt":{"rendered":"<p>Avec ce maillot de substitution Manchester City FC 2021\/22 pour hommes de PUMA, vous pouvez ramener les champions de France pour tout refaire. Ce haut \u00e0 coupe standard de couleur Peacoat poss\u00e8de un col rond, des manches courtes et des finitions c\u00f4tel\u00e9es. Il est fabriqu\u00e9 en tissu l\u00e9ger en polyester avec la technologie dryCELL caract\u00e9ristique pour un confort frais lorsque l'ambiance devient chaude. Avec le [\u2026]<\/p>","protected":false},"featured_media":4349,"comment_status":"open","ping_status":"closed","template":"","meta":[],"product_brand":[],"product_cat":[144],"product_tag":[20,94,203,84,145],"class_list":{"0":"post-4315","1":"product","2":"type-product","3":"status-publish","4":"has-post-thumbnail","6":"product_cat-manchester-city-kindertrikot","7":"product_tag-coole-fussballtrikots","8":"product_tag-kinder-fussball-trikotsatz","9":"product_tag-manchester-city-ausweichtrikot","10":"product_tag-manchester-city-trikots","11":"product_tag-manchester-city-trikotsatz-fuer-kinder","13":"first","14":"instock","15":"shipping-taxable","16":"purchasable","17":"product-type-variable"},"_links":{"self":[{"href":"https:\/\/www.billigtrikotde.com\/fr\/wp-json\/wp\/v2\/product\/4315","targetHints":{"allow":["GET"]}}],"collection":[{"href":"https:\/\/www.billigtrikotde.com\/fr\/wp-json\/wp\/v2\/product"}],"about":[{"href":"https:\/\/www.billigtrikotde.com\/fr\/wp-json\/wp\/v2\/types\/product"}],"replies":[{"embeddable":true,"href":"https:\/\/www.billigtrikotde.com\/fr\/wp-json\/wp\/v2\/comments?post=4315"}],"wp:featuredmedia":[{"embeddable":true,"href":"https:\/\/www.billigtrikotde.com\/fr\/wp-json\/wp\/v2\/media\/4349"}],"wp:attachment":[{"href":"https:\/\/www.billigtrikotde.com\/fr\/wp-json\/wp\/v2\/media?parent=4315"}],"wp:term":[{"taxonomy":"product_brand","embeddable":true,"href":"https:\/\/www.billigtrikotde.com\/fr\/wp-json\/wp\/v2\/product_brand?post=4315"},{"taxonomy":"product_cat","embeddable":true,"href":"https:\/\/www.billigtrikotde.com\/fr\/wp-json\/wp\/v2\/product_cat?post=4315"},{"taxonomy":"product_tag","embeddable":true,"href":"https:\/\/www.billigtrikotde.com\/fr\/wp-json\/wp\/v2\/product_tag?post=4315"}],"curies":[{"name":"wp","href":"https:\/\/api.w.org\/{rel}","templated":true}]}}