{"id":4186,"date":"2024-10-23T15:37:30","date_gmt":"2024-10-23T13:37:30","guid":{"rendered":"http:\/\/billigtrikots.com\/?post_type=product&#038;p=4186"},"modified":"2025-06-16T16:03:52","modified_gmt":"2025-06-16T14:03:52","slug":"juventus-turin-herren-auswaertstrikot-2021-22-schwarz-weiss-mit-aufdruck-de-sciglio-2","status":"publish","type":"product","link":"https:\/\/www.billigtrikotde.com\/fr\/juventus-turin-herren-auswaertstrikot-2021-22-schwarz-weiss-mit-aufdruck-de-sciglio-2\/","title":{"rendered":"Juventus Turin Maillot Ext\u00e9rieur Hommes 2021\/22 noir\/blanc avec impression De Sciglio 2"},"content":{"rendered":"<p>Le tout nouveau maillot ext\u00e9rieur pour hommes de la Juventus Turin porte bien s\u00fbr comme toujours l'embl\u00e8me fier du club sur le c\u00f4t\u00e9 du c\u0153ur et est orn\u00e9 du logo adidas, du design \u00e0 3 bandes et de la inscription officielle du sponsor.<\/p>\n<p>Confectionn\u00e9 en mat\u00e9riau doux Aeroready, le nouveau maillot JUVE pour hommes offre une gestion optimale de la chaleur et de l'humidit\u00e9, garantissant ainsi un confort de port toujours sec. Avec un col c\u00f4tel\u00e9 et une coupe l\u00e9g\u00e8rement plus large que celle du maillot de joueur, il offre \u00e9galement une libert\u00e9 de mouvement maximale dans toutes les directions pour performer parfaitement \u00e0 tout moment \u2013 que ce soit sur place au stade, pendant votre temps libre ou lors de votre entra\u00eenement personnel.<\/p>\n<p>Conseils pour l'impression : Si le nom et le num\u00e9ro figurant sur l'image correspondent exactement \u00e0 ce que vous souhaitez, vous ne devez pas les saisir \u00e0 nouveau. Si ce n'est pas le cas, vous devez saisir le nom et le num\u00e9ro que vous souhaitez.<\/p>\n<p>Conseils de lavage : Il est recommand\u00e9 de laver les maillots de football \u00e0 la main. Si vous souhaitez utiliser la machine \u00e0 laver, pensez \u00e0 retourner les maillots de football avant de les laver.<\/p>","protected":false},"excerpt":{"rendered":"<p>Le tout nouveau maillot ext\u00e9rieur pour hommes de la Juventus Turin arbore bien s\u00fbr comme toujours l\u2019embl\u00e8me du club sur le c\u00f4t\u00e9 du c\u0153ur et est orn\u00e9 du logo adidas, du design \u00e0 3 bandes et de l\u2019inscription officielle du sponsor. Fabriqu\u00e9 en mat\u00e9riel Aeroready doux, le nouveau maillot JUVE pour hommes t\u2019offre une gestion optimale de la chaleur et de l\u2019humidit\u00e9 et ainsi un toujours [\u2026]<\/p>","protected":false},"featured_media":4227,"comment_status":"open","ping_status":"closed","template":"","meta":[],"product_brand":[],"product_cat":[59],"product_tag":[20,38,21,24,150,61],"class_list":{"0":"post-4186","1":"product","2":"type-product","3":"status-publish","4":"has-post-thumbnail","6":"product_cat-juventus","7":"product_tag-coole-fussballtrikots","8":"product_tag-fussball-trikot-langarm","9":"product_tag-fussballtrikot-fuer-herren","10":"product_tag-guenstiges-fussballtrikot","11":"product_tag-juventus-auswaertstrikot","12":"product_tag-juventus-trikots","14":"first","15":"instock","16":"shipping-taxable","17":"purchasable","18":"product-type-variable"},"_links":{"self":[{"href":"https:\/\/www.billigtrikotde.com\/fr\/wp-json\/wp\/v2\/product\/4186","targetHints":{"allow":["GET"]}}],"collection":[{"href":"https:\/\/www.billigtrikotde.com\/fr\/wp-json\/wp\/v2\/product"}],"about":[{"href":"https:\/\/www.billigtrikotde.com\/fr\/wp-json\/wp\/v2\/types\/product"}],"replies":[{"embeddable":true,"href":"https:\/\/www.billigtrikotde.com\/fr\/wp-json\/wp\/v2\/comments?post=4186"}],"wp:featuredmedia":[{"embeddable":true,"href":"https:\/\/www.billigtrikotde.com\/fr\/wp-json\/wp\/v2\/media\/4227"}],"wp:attachment":[{"href":"https:\/\/www.billigtrikotde.com\/fr\/wp-json\/wp\/v2\/media?parent=4186"}],"wp:term":[{"taxonomy":"product_brand","embeddable":true,"href":"https:\/\/www.billigtrikotde.com\/fr\/wp-json\/wp\/v2\/product_brand?post=4186"},{"taxonomy":"product_cat","embeddable":true,"href":"https:\/\/www.billigtrikotde.com\/fr\/wp-json\/wp\/v2\/product_cat?post=4186"},{"taxonomy":"product_tag","embeddable":true,"href":"https:\/\/www.billigtrikotde.com\/fr\/wp-json\/wp\/v2\/product_tag?post=4186"}],"curies":[{"name":"wp","href":"https:\/\/api.w.org\/{rel}","templated":true}]}}