{"id":4126,"date":"2024-10-23T15:34:49","date_gmt":"2024-10-23T13:34:49","guid":{"rendered":"http:\/\/billigtrikots.com\/?post_type=product&#038;p=4126"},"modified":"2024-10-23T15:37:23","modified_gmt":"2024-10-23T13:37:23","slug":"herren-trikotsatz-kurzarm-boca-juniors-2021-22-heimtrikot-blau","status":"publish","type":"product","link":"https:\/\/www.billigtrikotde.com\/fr\/herren-trikotsatz-kurzarm-boca-juniors-2021-22-heimtrikot-blau\/","title":{"rendered":"Herren Trikotsatz Kurzarm Boca Juniors 2021\/22 Heimtrikot Blau"},"content":{"rendered":"<p>1981. Une l\u00e9gende du football fait ses d\u00e9buts chez les Boca Juniors et son maillot obtient \u00e0 cette occasion un statut tr\u00e8s sp\u00e9cial au sein du club. Quarante ans plus tard, adidas c\u00e9l\u00e8bre ce lien unique avec une r\u00e9\u00e9dition du classique arborant le logo \u00e0 quatre \u00e9toiles en duvet. Le design pour les fans est en mati\u00e8re douce avec la technologie AEROREADY absorbant l\u2019humidit\u00e9 et garantit une sensation de port s\u00e8che et confortable. Ce produit est Primegreen : fabriqu\u00e9 avec divers mat\u00e9riaux recycl\u00e9s fonctionnels.<\/p>\n<p>Conseils pour l'impression : Si le nom et le num\u00e9ro figurant sur l'image correspondent exactement \u00e0 ce que vous souhaitez, vous ne devez pas les saisir \u00e0 nouveau. Si ce n'est pas le cas, vous devez saisir le nom et le num\u00e9ro que vous souhaitez.<\/p>\n<p>Conseils pour le lavage : Il est recommand\u00e9 de laver les maillots de football \u00e0 la main. Si vous souhaitez utiliser la machine \u00e0 laver, pensez \u00e0 retourner les maillots de football avant de les laver. Remplissez la machine avec de l'eau froide et utilisez un cycle de lavage d\u00e9licat pour mieux prot\u00e9ger les couleurs.<\/p>","protected":false},"excerpt":{"rendered":"<p>1981. Eine Fu\u00dfball-Legende gibt ihr Deb\u00fct bei den Boca Juniors und ihr Trikot bekommt daraufhin bei dem Verein einen ganz besonderen Status. Vierzig Jahre sp\u00e4ter feiert adidas diese einzigartige Verbindung mit einer Neuauflage des Klassikers mit dem aufgeflockten Vier-Sterne-Logo. Das Design f\u00fcr Fans ist aus weichem Material mit feuchtigkeitsabsorbierender AEROREADY Technologie und garantiert ein angenehm [&hellip;]<\/p>","protected":false},"featured_media":4169,"comment_status":"open","ping_status":"closed","template":"","meta":[],"product_brand":[],"product_cat":[15],"product_tag":[20,208,207,21,22,23,24],"class_list":{"0":"post-4126","1":"product","2":"type-product","3":"status-publish","4":"has-post-thumbnail","6":"product_cat-unkategorisiert","7":"product_tag-coole-fussballtrikots","8":"product_tag-boca-juniors-heimtrikot","9":"product_tag-boca-juniors-trikots","10":"product_tag-fussballtrikot-fuer-herren","11":"product_tag-fussballtrikot-guenstig-kaufen","12":"product_tag-fussballtrikot-kurzarm","13":"product_tag-guenstiges-fussballtrikot","15":"first","16":"instock","17":"shipping-taxable","18":"purchasable","19":"product-type-variable"},"_links":{"self":[{"href":"https:\/\/www.billigtrikotde.com\/fr\/wp-json\/wp\/v2\/product\/4126","targetHints":{"allow":["GET"]}}],"collection":[{"href":"https:\/\/www.billigtrikotde.com\/fr\/wp-json\/wp\/v2\/product"}],"about":[{"href":"https:\/\/www.billigtrikotde.com\/fr\/wp-json\/wp\/v2\/types\/product"}],"replies":[{"embeddable":true,"href":"https:\/\/www.billigtrikotde.com\/fr\/wp-json\/wp\/v2\/comments?post=4126"}],"wp:featuredmedia":[{"embeddable":true,"href":"https:\/\/www.billigtrikotde.com\/fr\/wp-json\/wp\/v2\/media\/4169"}],"wp:attachment":[{"href":"https:\/\/www.billigtrikotde.com\/fr\/wp-json\/wp\/v2\/media?parent=4126"}],"wp:term":[{"taxonomy":"product_brand","embeddable":true,"href":"https:\/\/www.billigtrikotde.com\/fr\/wp-json\/wp\/v2\/product_brand?post=4126"},{"taxonomy":"product_cat","embeddable":true,"href":"https:\/\/www.billigtrikotde.com\/fr\/wp-json\/wp\/v2\/product_cat?post=4126"},{"taxonomy":"product_tag","embeddable":true,"href":"https:\/\/www.billigtrikotde.com\/fr\/wp-json\/wp\/v2\/product_tag?post=4126"}],"curies":[{"name":"wp","href":"https:\/\/api.w.org\/{rel}","templated":true}]}}