{"id":4124,"date":"2024-10-23T15:34:48","date_gmt":"2024-10-23T13:34:48","guid":{"rendered":"http:\/\/billigtrikots.com\/?post_type=product&#038;p=4124"},"modified":"2024-10-23T15:36:51","modified_gmt":"2024-10-23T13:36:51","slug":"guenstige-boca-juniors-2021-22-auswaertstrikot-kaufen-mit-eigenem-namen","status":"publish","type":"product","link":"https:\/\/www.billigtrikotde.com\/fr\/guenstige-boca-juniors-2021-22-auswaertstrikot-kaufen-mit-eigenem-namen\/","title":{"rendered":"Bon march\u00e9 Boca Juniors 2021\/22 Maillot ext\u00e9rieur \u00e0 acheter avec son nom"},"content":{"rendered":"<p>Cette couleur porte rarement les gar\u00e7ons de Boca Juniors, mais elle rappelle imm\u00e9diatement des moments glorieux de l'histoire du club. Lors des matchs \u00e0 l'ext\u00e9rieur en saison 21\/22, les stars de Boca Juniors sont visibles dans des maillots adidas gris comme celui-ci. La technologie AEROREADY absorbante et le mat\u00e9riau doux assurent \u00e9galement un confort agr\u00e9able pour les fans. Le logo du club se d\u00e9marque de l'imprim\u00e9 tout en douceur et montre \u00e0 tous pour quelle \u00e9quipe bat votre c\u0153ur. Ce produit est Primegreen : fabriqu\u00e9 avec divers mat\u00e9riaux recycl\u00e9s fonctionnels.<\/p>\n<p>Conseils pour l'impression : Si le nom et le num\u00e9ro figurant sur l'image correspondent exactement \u00e0 ce que vous souhaitez, vous ne devez pas les saisir \u00e0 nouveau. Si ce n'est pas le cas, vous devez saisir le nom et le num\u00e9ro que vous souhaitez.<\/p>\n<p>Conseils pour le lavage : Il est recommand\u00e9 de laver les maillots de football \u00e0 la main. Si vous souhaitez utiliser la machine \u00e0 laver, pensez \u00e0 retourner les maillots de football avant de les laver. Remplissez la machine avec de l'eau froide et utilisez un cycle de lavage d\u00e9licat pour mieux prot\u00e9ger les couleurs.<\/p>","protected":false},"excerpt":{"rendered":"<p>Cette couleur est rarement port\u00e9e par les gar\u00e7ons de Boca Juniors, mais elle \u00e9voque imm\u00e9diatement des moments glorieux de l'histoire du club. Lors des matchs \u00e0 l'ext\u00e9rieur de la saison 21\/22, les stars de Boca Juniors sont visibles en maillots adidas gris comme celui-ci. La technologie absorbante d'humidit\u00e9 AEROREADY et le mat\u00e9riau doux assurent \u00e9galement un confort agr\u00e9able pour les fans. [...]<\/p>","protected":false},"featured_media":4168,"comment_status":"open","ping_status":"closed","template":"","meta":[],"product_brand":[],"product_cat":[15],"product_tag":[20,206,207,21,22,23,24],"class_list":{"0":"post-4124","1":"product","2":"type-product","3":"status-publish","4":"has-post-thumbnail","6":"product_cat-unkategorisiert","7":"product_tag-coole-fussballtrikots","8":"product_tag-boca-juniors-auswaertstrikot","9":"product_tag-boca-juniors-trikots","10":"product_tag-fussballtrikot-fuer-herren","11":"product_tag-fussballtrikot-guenstig-kaufen","12":"product_tag-fussballtrikot-kurzarm","13":"product_tag-guenstiges-fussballtrikot","15":"first","16":"instock","17":"shipping-taxable","18":"purchasable","19":"product-type-variable"},"_links":{"self":[{"href":"https:\/\/www.billigtrikotde.com\/fr\/wp-json\/wp\/v2\/product\/4124","targetHints":{"allow":["GET"]}}],"collection":[{"href":"https:\/\/www.billigtrikotde.com\/fr\/wp-json\/wp\/v2\/product"}],"about":[{"href":"https:\/\/www.billigtrikotde.com\/fr\/wp-json\/wp\/v2\/types\/product"}],"replies":[{"embeddable":true,"href":"https:\/\/www.billigtrikotde.com\/fr\/wp-json\/wp\/v2\/comments?post=4124"}],"wp:featuredmedia":[{"embeddable":true,"href":"https:\/\/www.billigtrikotde.com\/fr\/wp-json\/wp\/v2\/media\/4168"}],"wp:attachment":[{"href":"https:\/\/www.billigtrikotde.com\/fr\/wp-json\/wp\/v2\/media?parent=4124"}],"wp:term":[{"taxonomy":"product_brand","embeddable":true,"href":"https:\/\/www.billigtrikotde.com\/fr\/wp-json\/wp\/v2\/product_brand?post=4124"},{"taxonomy":"product_cat","embeddable":true,"href":"https:\/\/www.billigtrikotde.com\/fr\/wp-json\/wp\/v2\/product_cat?post=4124"},{"taxonomy":"product_tag","embeddable":true,"href":"https:\/\/www.billigtrikotde.com\/fr\/wp-json\/wp\/v2\/product_tag?post=4124"}],"curies":[{"name":"wp","href":"https:\/\/api.w.org\/{rel}","templated":true}]}}