{"id":4119,"date":"2024-10-23T15:34:20","date_gmt":"2024-10-23T13:34:20","guid":{"rendered":"http:\/\/billigtrikots.com\/?post_type=product&#038;p=4119"},"modified":"2024-10-23T15:36:50","modified_gmt":"2024-10-23T13:36:50","slug":"as-rom-ausweichtrikot-2021-22-bestellen-gelb-und-dunkelblau","status":"publish","type":"product","link":"https:\/\/www.billigtrikotde.com\/fr\/as-rom-ausweichtrikot-2021-22-bestellen-gelb-und-dunkelblau\/","title":{"rendered":"AS Rome maillot ext\u00e9rieur 2021\/22 commander jaune et bleu fonc\u00e9"},"content":{"rendered":"<p>Le maillot de football AS Roma 3 2021-2022 ne comporte pas le logo actuel du club sur la poitrine gauche, mais le fameux logo Lupetto. Ce logo se caract\u00e9rise par la t\u00eate d\u2019un loup et \u00e9tait, entre 1977 et 1997, le logo de l\u2019AS Roma. En outre, toutes les couleurs du club de l\u2019AS Roma ont \u00e9t\u00e9 int\u00e9gr\u00e9es au maillot et ces couleurs ont \u00e9t\u00e9 compl\u00e9t\u00e9es par du bleu marine. Le corps du kit est jaune et est marqu\u00e9 par la bande diagonale bleu marine et bordeaux allant de l\u2019\u00e9paule gauche \u00e0 l\u2019angle inf\u00e9rieur droit du kit. Cette bande est flanqu\u00e9e de lignes plus fines dans les m\u00eames couleurs. Les manches de l\u2019uniforme sont bleues et comportent en bas une bande rouge. Cette manchette porte une grafische jaune New Balance. Il s\u2019agit d\u2019un graphique compos\u00e9 de rayures marquantes, inspir\u00e9 des rayures du logo New Balance. Sur la poitrine droite se trouve le logo de la marque sportive am\u00e9ricaine en bleu fonc\u00e9 et le sponsor principal Digitalbits orne le milieu du maillot en blanc. Le nom du club est brod\u00e9 \u00e0 l\u2019arri\u00e8re du maillot, au niveau du cou, et le sous sponsor Hyundai se situe en bas de l\u2019arri\u00e8re du maillot. Le maillot est compl\u00e9t\u00e9 par un short jaune avec une zone rouge en bas sur les c\u00f4t\u00e9s. Les chaussettes sont \u00e9galement jaunes et comportent une bande \u00e0 la fois bleu fonc\u00e9 et rouge. La bande rouge contient le logo NB et le nom du club.<\/p>\n<p>Comme tous les maillots New Balance, les maillots de football AS Roma sont \u00e9quip\u00e9s de la technologie NB Dry. Ce syst\u00e8me est int\u00e9gr\u00e9 au mat\u00e9riau (100% Polyester) de l\u2019uniforme et assure une excellente \u00e9vacuation de l\u2019humidit\u00e9 et une bonne a\u00e9ration.<\/p>\n<p>Conseils pour l'impression : Si le nom et le num\u00e9ro figurant sur l'image correspondent exactement \u00e0 ce que vous souhaitez, vous ne devez pas les saisir \u00e0 nouveau. Si ce n'est pas le cas, vous devez saisir le nom et le num\u00e9ro que vous souhaitez.<\/p>\n<p>Conseils pour le lavage : Il est recommand\u00e9 de laver les maillots de football \u00e0 la main. Si vous souhaitez utiliser la machine \u00e0 laver, pensez \u00e0 retourner les maillots de football avant de les laver. Remplissez la machine avec de l'eau froide et utilisez un cycle de lavage d\u00e9licat pour mieux prot\u00e9ger les couleurs.<\/p>","protected":false},"excerpt":{"rendered":"<p>Das AS Rom 3. Fu\u00dfballtrikot 2021-2022 enth\u00e4lt nicht das aktuelle Vereinslogo auf der linken Brust, sondern das sogenannte Lupetto-Logo. Dieses Logo zeichnet sich durch den Kopf eines Wolfes aus und war im Zeitraum 1977-1997 das Logo der AS Roma. Dar\u00fcber hinaus wurden alle Vereinsfarben des AS Roma in das Trikot eingearbeitet und diese Farben mit [&hellip;]<\/p>","protected":false},"featured_media":4167,"comment_status":"open","ping_status":"closed","template":"","meta":[],"product_brand":[],"product_cat":[85],"product_tag":[205,87,20,21,22,23,24],"class_list":{"0":"post-4119","1":"product","2":"type-product","3":"status-publish","4":"has-post-thumbnail","6":"product_cat-as-roma","7":"product_tag-as-rom-ausweichtrikot","8":"product_tag-as-roma-trikots","9":"product_tag-coole-fussballtrikots","10":"product_tag-fussballtrikot-fuer-herren","11":"product_tag-fussballtrikot-guenstig-kaufen","12":"product_tag-fussballtrikot-kurzarm","13":"product_tag-guenstiges-fussballtrikot","15":"first","16":"instock","17":"shipping-taxable","18":"purchasable","19":"product-type-variable"},"_links":{"self":[{"href":"https:\/\/www.billigtrikotde.com\/fr\/wp-json\/wp\/v2\/product\/4119","targetHints":{"allow":["GET"]}}],"collection":[{"href":"https:\/\/www.billigtrikotde.com\/fr\/wp-json\/wp\/v2\/product"}],"about":[{"href":"https:\/\/www.billigtrikotde.com\/fr\/wp-json\/wp\/v2\/types\/product"}],"replies":[{"embeddable":true,"href":"https:\/\/www.billigtrikotde.com\/fr\/wp-json\/wp\/v2\/comments?post=4119"}],"wp:featuredmedia":[{"embeddable":true,"href":"https:\/\/www.billigtrikotde.com\/fr\/wp-json\/wp\/v2\/media\/4167"}],"wp:attachment":[{"href":"https:\/\/www.billigtrikotde.com\/fr\/wp-json\/wp\/v2\/media?parent=4119"}],"wp:term":[{"taxonomy":"product_brand","embeddable":true,"href":"https:\/\/www.billigtrikotde.com\/fr\/wp-json\/wp\/v2\/product_brand?post=4119"},{"taxonomy":"product_cat","embeddable":true,"href":"https:\/\/www.billigtrikotde.com\/fr\/wp-json\/wp\/v2\/product_cat?post=4119"},{"taxonomy":"product_tag","embeddable":true,"href":"https:\/\/www.billigtrikotde.com\/fr\/wp-json\/wp\/v2\/product_tag?post=4119"}],"curies":[{"name":"wp","href":"https:\/\/api.w.org\/{rel}","templated":true}]}}