{"id":4113,"date":"2024-10-23T15:34:15","date_gmt":"2024-10-23T13:34:15","guid":{"rendered":"http:\/\/billigtrikots.com\/?post_type=product&#038;p=4113"},"modified":"2024-10-23T15:36:20","modified_gmt":"2024-10-23T13:36:20","slug":"sporting-cp-2021-22-herren-heimtrikot-weiss-gruen-trikotsatz-kurzarm-kurze-hosen","status":"publish","type":"product","link":"https:\/\/www.billigtrikotde.com\/fr\/sporting-cp-2021-22-herren-heimtrikot-weiss-gruen-trikotsatz-kurzarm-kurze-hosen\/","title":{"rendered":"Sporting CP 2021\/22 maillot domicile hommes Blanc Vert ensemble manches courtes + shorts"},"content":{"rendered":"<p>En portant le maillot domicile officiel des Pays-Bas pour homme, vous affichez votre soutien et votre engagement envers votre \u00e9quipe lors du Championnat d'Europe 2021. Le mat\u00e9riau Nike Breathe avec technologie Dri-FIT offre une sensation de confort et de s\u00e9cheresse agr\u00e9able, que ce soit sur le terrain ou en c\u00e9l\u00e9brant depuis les tribunes. Des caract\u00e9ristiques classiques telles que le blason de la f\u00e9d\u00e9ration sur la poitrine t\u00e9moignent de votre passion pour les Pays-Bas [...]<\/p>\n<p>Conseils pour l'impression : Si le nom et le num\u00e9ro figurant sur l'image correspondent exactement \u00e0 ce que vous souhaitez, vous ne devez pas les saisir \u00e0 nouveau. Si ce n'est pas le cas, vous devez saisir le nom et le num\u00e9ro que vous souhaitez.<\/p>\n<p>Conseils pour le lavage : Il est recommand\u00e9 de laver les maillots de football \u00e0 la main. Si vous souhaitez utiliser la machine \u00e0 laver, pensez \u00e0 retourner les maillots de football avant de les laver. Remplissez la machine avec de l'eau froide et utilisez un cycle de lavage d\u00e9licat pour mieux prot\u00e9ger les couleurs.<\/p>","protected":false},"excerpt":{"rendered":"<p>En portant le maillot domicile officiel des Pays-Bas pour homme, vous affichez votre soutien et votre engagement envers votre \u00e9quipe lors du Championnat d'Europe 2021. Le mat\u00e9riau Nike Breathe avec technologie Dri-FIT offre une sensation de confort et de s\u00e9cheresse agr\u00e9able, que ce soit sur le terrain ou en c\u00e9l\u00e9brant depuis les tribunes. Des caract\u00e9ristiques classiques telles que le blason de la f\u00e9d\u00e9ration sur la poitrine t\u00e9moignent de votre passion pour les Pays-Bas [...]<\/p>","protected":false},"featured_media":4158,"comment_status":"open","ping_status":"closed","template":"","meta":[],"product_brand":[],"product_cat":[15],"product_tag":[20,21,22,23,24,201,202],"class_list":{"0":"post-4113","1":"product","2":"type-product","3":"status-publish","4":"has-post-thumbnail","6":"product_cat-unkategorisiert","7":"product_tag-coole-fussballtrikots","8":"product_tag-fussballtrikot-fuer-herren","9":"product_tag-fussballtrikot-guenstig-kaufen","10":"product_tag-fussballtrikot-kurzarm","11":"product_tag-guenstiges-fussballtrikot","12":"product_tag-sporting-cp-heimtrikot","13":"product_tag-sporting-cp-trikots","15":"first","16":"instock","17":"shipping-taxable","18":"purchasable","19":"product-type-variable"},"_links":{"self":[{"href":"https:\/\/www.billigtrikotde.com\/fr\/wp-json\/wp\/v2\/product\/4113","targetHints":{"allow":["GET"]}}],"collection":[{"href":"https:\/\/www.billigtrikotde.com\/fr\/wp-json\/wp\/v2\/product"}],"about":[{"href":"https:\/\/www.billigtrikotde.com\/fr\/wp-json\/wp\/v2\/types\/product"}],"replies":[{"embeddable":true,"href":"https:\/\/www.billigtrikotde.com\/fr\/wp-json\/wp\/v2\/comments?post=4113"}],"wp:featuredmedia":[{"embeddable":true,"href":"https:\/\/www.billigtrikotde.com\/fr\/wp-json\/wp\/v2\/media\/4158"}],"wp:attachment":[{"href":"https:\/\/www.billigtrikotde.com\/fr\/wp-json\/wp\/v2\/media?parent=4113"}],"wp:term":[{"taxonomy":"product_brand","embeddable":true,"href":"https:\/\/www.billigtrikotde.com\/fr\/wp-json\/wp\/v2\/product_brand?post=4113"},{"taxonomy":"product_cat","embeddable":true,"href":"https:\/\/www.billigtrikotde.com\/fr\/wp-json\/wp\/v2\/product_cat?post=4113"},{"taxonomy":"product_tag","embeddable":true,"href":"https:\/\/www.billigtrikotde.com\/fr\/wp-json\/wp\/v2\/product_tag?post=4113"}],"curies":[{"name":"wp","href":"https:\/\/api.w.org\/{rel}","templated":true}]}}