{"id":4102,"date":"2024-10-23T15:33:42","date_gmt":"2024-10-23T13:33:42","guid":{"rendered":"http:\/\/billigtrikots.com\/?post_type=product&#038;p=4102"},"modified":"2024-10-23T15:35:49","modified_gmt":"2024-10-23T13:35:49","slug":"heimtrikot-atletico-madrid-2021-22-rot-weiss-mit-aufdruck-saponjic-17","status":"publish","type":"product","link":"https:\/\/www.billigtrikotde.com\/fr\/heimtrikot-atletico-madrid-2021-22-rot-weiss-mit-aufdruck-saponjic-17\/","title":{"rendered":"Maillot domicile Atl\u00e9tico Madrid 2021\/22 rouge\/blanc avec impression \u0160aponji\u0107 17"},"content":{"rendered":"<p>Comme les autres maillots de notre collection Stadium, le maillot de l'Atl\u00e9tico Madrid associe des d\u00e9tails de conception r\u00e9currents \u00e0 un mat\u00e9riau \u00e9vacuant la transpiration, pour vous offrir un look pr\u00eat \u00e0 jouer, inspir\u00e9 de votre \u00e9quipe favorite.<\/p>\n<p>La technologie Nike Dri-FIT \u00e9vacue la transpiration de la peau et favorise une \u00e9vaporation plus rapide, pour rester au sec et confortable.<br \/>\nLe design Replika s'inspire de ce que portent les professionnels sur le terrain.<\/p>\n<p>Conseils pour l'impression : Si le nom et le num\u00e9ro figurant sur l'image correspondent exactement \u00e0 ce que vous souhaitez, vous ne devez pas les saisir \u00e0 nouveau. Si ce n'est pas le cas, vous devez saisir le nom et le num\u00e9ro que vous souhaitez.<\/p>\n<p>Conseils pour le lavage : Il est recommand\u00e9 de laver les maillots de football \u00e0 la main. Si vous souhaitez utiliser la machine \u00e0 laver, pensez \u00e0 retourner les maillots de football avant de les laver. Remplissez la machine avec de l'eau froide et utilisez un cycle de lavage d\u00e9licat pour mieux prot\u00e9ger les couleurs.<\/p>","protected":false},"excerpt":{"rendered":"<p>Wie die anderen Trikots aus unserer Stadium-Kollektion kombiniert das Atletico Madrid-Trikot wiederkehrende Designdetails mit schwei\u00dfableitendem Material, um Ihnen einen spielbereiten Look zu bieten, der von Ihrem Lieblingsteam inspiriert ist. Die Nike Dri-FIT-Technologie leitet den Schwei\u00df von der Haut weg und sorgt f\u00fcr eine schnellere Verdunstung, damit Sie trocken und komfortabel bleiben. Das Replika-Design ist inspiriert [&hellip;]<\/p>","protected":false},"featured_media":4144,"comment_status":"open","ping_status":"closed","template":"","meta":[],"product_brand":[],"product_cat":[88],"product_tag":[89,90,20,21,22,23,24],"class_list":{"0":"post-4102","1":"product","2":"type-product","3":"status-publish","4":"has-post-thumbnail","6":"product_cat-atletico-madrid","7":"product_tag-atletico-madrid-heimtrikot","8":"product_tag-atletico-madrid-trikots","9":"product_tag-coole-fussballtrikots","10":"product_tag-fussballtrikot-fuer-herren","11":"product_tag-fussballtrikot-guenstig-kaufen","12":"product_tag-fussballtrikot-kurzarm","13":"product_tag-guenstiges-fussballtrikot","15":"first","16":"instock","17":"shipping-taxable","18":"purchasable","19":"product-type-variable"},"_links":{"self":[{"href":"https:\/\/www.billigtrikotde.com\/fr\/wp-json\/wp\/v2\/product\/4102","targetHints":{"allow":["GET"]}}],"collection":[{"href":"https:\/\/www.billigtrikotde.com\/fr\/wp-json\/wp\/v2\/product"}],"about":[{"href":"https:\/\/www.billigtrikotde.com\/fr\/wp-json\/wp\/v2\/types\/product"}],"replies":[{"embeddable":true,"href":"https:\/\/www.billigtrikotde.com\/fr\/wp-json\/wp\/v2\/comments?post=4102"}],"wp:featuredmedia":[{"embeddable":true,"href":"https:\/\/www.billigtrikotde.com\/fr\/wp-json\/wp\/v2\/media\/4144"}],"wp:attachment":[{"href":"https:\/\/www.billigtrikotde.com\/fr\/wp-json\/wp\/v2\/media?parent=4102"}],"wp:term":[{"taxonomy":"product_brand","embeddable":true,"href":"https:\/\/www.billigtrikotde.com\/fr\/wp-json\/wp\/v2\/product_brand?post=4102"},{"taxonomy":"product_cat","embeddable":true,"href":"https:\/\/www.billigtrikotde.com\/fr\/wp-json\/wp\/v2\/product_cat?post=4102"},{"taxonomy":"product_tag","embeddable":true,"href":"https:\/\/www.billigtrikotde.com\/fr\/wp-json\/wp\/v2\/product_tag?post=4102"}],"curies":[{"name":"wp","href":"https:\/\/api.w.org\/{rel}","templated":true}]}}