{"id":4090,"date":"2024-10-23T15:33:07","date_gmt":"2024-10-23T13:33:07","guid":{"rendered":"http:\/\/billigtrikots.com\/?post_type=product&#038;p=4090"},"modified":"2024-10-23T15:35:18","modified_gmt":"2024-10-23T13:35:18","slug":"fussballtrikot-atletico-madrid-2021-22-stadium-trikot-home-mit-aufdruck-vrsaljko-24","status":"publish","type":"product","link":"https:\/\/www.billigtrikotde.com\/fr\/fussballtrikot-atletico-madrid-2021-22-stadium-trikot-home-mit-aufdruck-vrsaljko-24\/","title":{"rendered":"Maillot de football Atl\u00e9tico Madrid 2021\/22 Stadium Maillot Home avec impression VRSALJKO 24"},"content":{"rendered":"<p>Avec le maillot rouge, Nike lance un produit avec lequel tu peux soutenir ton club pr\u00e9f\u00e9r\u00e9 dans les bons comme dans les mauvais moments avec passion et d\u00e9vouement. Chaque supporter acharn\u00e9 de l'Atl\u00e9tico Madrid a besoin de ce maillot domicile, car m\u00eame les joueurs le portent en Primera Division. Il est respirant, confortable et l\u00e9ger. L'aspect impressionnant de ce haut de sport est soulign\u00e9 par un blason du club sur la poitrine. Avec ce haut de sport, tu es parfaitement pr\u00e9par\u00e9 pour chaque entra\u00eenement et match. Avec ce haut de sport rouge \u00e0 rayures, tu soulignes ton style.<\/p>\n<p>Conseils pour l'impression : Si le nom et le num\u00e9ro figurant sur l'image correspondent exactement \u00e0 ce que vous souhaitez, vous ne devez pas les saisir \u00e0 nouveau. Si ce n'est pas le cas, vous devez saisir le nom et le num\u00e9ro que vous souhaitez.<\/p>\n<p>Conseils pour le lavage : Il est recommand\u00e9 de laver les maillots de football \u00e0 la main. Si vous souhaitez utiliser la machine \u00e0 laver, pensez \u00e0 retourner les maillots de football avant de les laver. Remplissez la machine avec de l'eau froide et utilisez un cycle de lavage d\u00e9licat pour mieux prot\u00e9ger les couleurs.<\/p>","protected":false},"excerpt":{"rendered":"<p>Mit dem Trikot in Rot bringt Nike ein Produkt an den Start, mit dem du deinen Lieblingsverein in guten wie in schlechten Zeiten mit Herzblut und Hingabe unterst\u00fctzen kannst. Jeder eingefleischte Atletico Madrid-Supporter braucht dieses Heim-Trikot, denn auch die Spieler tragen es in der Primera Division. Es ist atmungsaktiv, bequem und leicht. Die tolle Optik [&hellip;]<\/p>","protected":false},"featured_media":4131,"comment_status":"open","ping_status":"closed","template":"","meta":[],"product_brand":[],"product_cat":[88],"product_tag":[89,90,20,21,22,23,24],"class_list":{"0":"post-4090","1":"product","2":"type-product","3":"status-publish","4":"has-post-thumbnail","6":"product_cat-atletico-madrid","7":"product_tag-atletico-madrid-heimtrikot","8":"product_tag-atletico-madrid-trikots","9":"product_tag-coole-fussballtrikots","10":"product_tag-fussballtrikot-fuer-herren","11":"product_tag-fussballtrikot-guenstig-kaufen","12":"product_tag-fussballtrikot-kurzarm","13":"product_tag-guenstiges-fussballtrikot","15":"first","16":"instock","17":"shipping-taxable","18":"purchasable","19":"product-type-variable"},"_links":{"self":[{"href":"https:\/\/www.billigtrikotde.com\/fr\/wp-json\/wp\/v2\/product\/4090","targetHints":{"allow":["GET"]}}],"collection":[{"href":"https:\/\/www.billigtrikotde.com\/fr\/wp-json\/wp\/v2\/product"}],"about":[{"href":"https:\/\/www.billigtrikotde.com\/fr\/wp-json\/wp\/v2\/types\/product"}],"replies":[{"embeddable":true,"href":"https:\/\/www.billigtrikotde.com\/fr\/wp-json\/wp\/v2\/comments?post=4090"}],"wp:featuredmedia":[{"embeddable":true,"href":"https:\/\/www.billigtrikotde.com\/fr\/wp-json\/wp\/v2\/media\/4131"}],"wp:attachment":[{"href":"https:\/\/www.billigtrikotde.com\/fr\/wp-json\/wp\/v2\/media?parent=4090"}],"wp:term":[{"taxonomy":"product_brand","embeddable":true,"href":"https:\/\/www.billigtrikotde.com\/fr\/wp-json\/wp\/v2\/product_brand?post=4090"},{"taxonomy":"product_cat","embeddable":true,"href":"https:\/\/www.billigtrikotde.com\/fr\/wp-json\/wp\/v2\/product_cat?post=4090"},{"taxonomy":"product_tag","embeddable":true,"href":"https:\/\/www.billigtrikotde.com\/fr\/wp-json\/wp\/v2\/product_tag?post=4090"}],"curies":[{"name":"wp","href":"https:\/\/api.w.org\/{rel}","templated":true}]}}