{"id":4066,"date":"2024-10-23T15:32:00","date_gmt":"2024-10-23T13:32:00","guid":{"rendered":"http:\/\/billigtrikots.com\/?post_type=product&#038;p=4066"},"modified":"2024-10-23T15:34:10","modified_gmt":"2024-10-23T13:34:10","slug":"atletico-madrid-auswaertstrikot-2021-2022-marineblau-und-pink-kurzarm-kurze-hosen","status":"publish","type":"product","link":"https:\/\/www.billigtrikotde.com\/fr\/atletico-madrid-auswaertstrikot-2021-2022-marineblau-und-pink-kurzarm-kurze-hosen\/","title":{"rendered":"Atl\u00e9tico Madrid maillot ext\u00e9rieur 2021\/2022 bleu marine et rose manches courtes + short"},"content":{"rendered":"<p>Obtenez MAINTENANT le tout nouveau maillot ext\u00e9rieur masculin Nike Atl\u00e9tico Madrid 2021\/22 et couronnez-vous dans le style original des talents d'exception ! D\u00e8s \u00e0 pr\u00e9sent, vous associez s\u00e9curit\u00e9 stylistique et soutien, afin que vos h\u00e9ros ressentent toute votre affection !<\/p>\n<p>\u00c9quip\u00e9 de la technologie innovante Nike Dri-FIT, votre sueur est imm\u00e9diatement \u00e9vacu\u00e9e et vous profitez d\u2019un confort totalement au sec ! Ainsi, vous n'aurez plus \u00e0 penser \u00e0 la sueur lors de l'entra\u00eenement ou des danses de fans.<\/p>\n<p>Gr\u00e2ce \u00e0 l\u2019encolure c\u00f4tel\u00e9e, le T-shirt \u00e9pouse parfaitement votre corps et offre une coupegrandement adapt\u00e9e, sans pointes douloureuses ! Le T-shirt en polyester 100% est r\u00e9sistant et maintient sa forme, afin que vous soyez parfaitement soutenu dans tous vos mouvements ! Le maillot Replica ressemble \u00e0 s\u2019y m\u00e9prendre aux maillots de vos professionals, mais est l\u00e9g\u00e8rement plus coupe ample et vous offre ainsi une libert\u00e9 de mouvement maximale !<\/p>\n<p>Particuli\u00e8rement impressionnant est le look fid\u00e8le au style ! Avec cette arme secr\u00e8te, vous ressemblez \u00e0 vos idoles du football \u00e0 en confondre les portraits et vous vous couronnez de professionnalisme ! Le blason du club authentique sert de preuve de votre loyaut\u00e9 et cr\u00e9e avec le swoosh Nike un vrai \u00ab coup d'\u0153il \u00bb !<\/p>\n<p>Conseils pour l'impression : Si le nom et le num\u00e9ro figurant sur l'image correspondent exactement \u00e0 ce que vous souhaitez, vous ne devez pas les saisir \u00e0 nouveau. Si ce n'est pas le cas, vous devez saisir le nom et le num\u00e9ro que vous souhaitez.<\/p>\n<p>Conseils pour le lavage : Il est recommand\u00e9 de laver les maillots de football \u00e0 la main. Si vous souhaitez utiliser la machine \u00e0 laver, pensez \u00e0 retourner les maillots de football avant de les laver. Remplissez la machine avec de l'eau froide et utilisez un cycle de lavage d\u00e9licat pour mieux prot\u00e9ger les couleurs.<\/p>","protected":false},"excerpt":{"rendered":"<p>Hol dir JETZT das brandneue Nike Atl\u00e9tico Madrid Herren Ausw\u00e4rts Trikot 2021\/22 und kr\u00f6ne dich im originalen Stil der Ausnahmetalente! Ab sofort vereinst du Stilsicherheit mit Support, damit deine Helden deine ganze Zuneugung sp\u00fcren! Mit der innovativen Nike Dri-FIT Technologie ausgestattet, wird dein Schwei\u00df sofort abgeleitet und du genie\u00dft absolut trockenen Komfort! Somit musst du [&hellip;]<\/p>","protected":false},"featured_media":4107,"comment_status":"open","ping_status":"closed","template":"","meta":[],"product_brand":[],"product_cat":[88],"product_tag":[200,90,20,21,22,23,24],"class_list":{"0":"post-4066","1":"product","2":"type-product","3":"status-publish","4":"has-post-thumbnail","6":"product_cat-atletico-madrid","7":"product_tag-atletico-madrid-auswaertstrikot","8":"product_tag-atletico-madrid-trikots","9":"product_tag-coole-fussballtrikots","10":"product_tag-fussballtrikot-fuer-herren","11":"product_tag-fussballtrikot-guenstig-kaufen","12":"product_tag-fussballtrikot-kurzarm","13":"product_tag-guenstiges-fussballtrikot","15":"first","16":"instock","17":"shipping-taxable","18":"purchasable","19":"product-type-variable"},"_links":{"self":[{"href":"https:\/\/www.billigtrikotde.com\/fr\/wp-json\/wp\/v2\/product\/4066","targetHints":{"allow":["GET"]}}],"collection":[{"href":"https:\/\/www.billigtrikotde.com\/fr\/wp-json\/wp\/v2\/product"}],"about":[{"href":"https:\/\/www.billigtrikotde.com\/fr\/wp-json\/wp\/v2\/types\/product"}],"replies":[{"embeddable":true,"href":"https:\/\/www.billigtrikotde.com\/fr\/wp-json\/wp\/v2\/comments?post=4066"}],"wp:featuredmedia":[{"embeddable":true,"href":"https:\/\/www.billigtrikotde.com\/fr\/wp-json\/wp\/v2\/media\/4107"}],"wp:attachment":[{"href":"https:\/\/www.billigtrikotde.com\/fr\/wp-json\/wp\/v2\/media?parent=4066"}],"wp:term":[{"taxonomy":"product_brand","embeddable":true,"href":"https:\/\/www.billigtrikotde.com\/fr\/wp-json\/wp\/v2\/product_brand?post=4066"},{"taxonomy":"product_cat","embeddable":true,"href":"https:\/\/www.billigtrikotde.com\/fr\/wp-json\/wp\/v2\/product_cat?post=4066"},{"taxonomy":"product_tag","embeddable":true,"href":"https:\/\/www.billigtrikotde.com\/fr\/wp-json\/wp\/v2\/product_tag?post=4066"}],"curies":[{"name":"wp","href":"https:\/\/api.w.org\/{rel}","templated":true}]}}