{"id":4002,"date":"2024-10-23T15:29:04","date_gmt":"2024-10-23T13:29:04","guid":{"rendered":"http:\/\/billigtrikots.com\/?post_type=product&#038;p=4002"},"modified":"2024-10-23T15:31:17","modified_gmt":"2024-10-23T13:31:17","slug":"atletico-madrid-auswaertstrikot-2021-22-dunkelblau-pink-kurzarm-kurze-hosen-arias-4","status":"publish","type":"product","link":"https:\/\/www.billigtrikotde.com\/fr\/atletico-madrid-auswaertstrikot-2021-22-dunkelblau-pink-kurzarm-kurze-hosen-arias-4\/","title":{"rendered":"Atl\u00e9tico Madrid maillot ext\u00e9rieur 2021\/22 bleu fonc\u00e9\/rose manches courtes + short ARIAS 4"},"content":{"rendered":"<p>Le maillot de football ext\u00e9rieur du stade Atl\u00e9tico Madrid 2021\/22 de Nike se pr\u00e9sente dans un design mis \u00e0 jour pour l'ext\u00e9rieur et, en tant qu'\u00e9dition officielle de fans du maillot ext\u00e9rieur de l'Atl\u00e9tico, offre un look authentique avec des d\u00e9tails du club et du logo fid\u00e8les \u00e0 l'original.<\/p>\n<p>Conseils pour l'impression : Si le nom et le num\u00e9ro figurant sur l'image correspondent exactement \u00e0 ce que vous souhaitez, vous ne devez pas les saisir \u00e0 nouveau. Si ce n'est pas le cas, vous devez saisir le nom et le num\u00e9ro que vous souhaitez.<\/p>\n<p>Conseils pour le lavage : Il est recommand\u00e9 de laver les maillots de football \u00e0 la main. Si vous souhaitez utiliser la machine \u00e0 laver, pensez \u00e0 retourner les maillots de football avant de les laver. Remplissez la machine avec de l'eau froide et utilisez un cycle de lavage d\u00e9licat pour mieux prot\u00e9ger les couleurs.<\/p>","protected":false},"excerpt":{"rendered":"<p>Das Atl\u00e9tico Madrid 2021\/22 Stadium Away Fu\u00dfballtrikot von Nike zeigt sich im aktualisierten Ausw\u00e4rts-Design und verf\u00fcgt als offizielle Fan-Edition des Atl\u00e9tico Ausw\u00e4rtstrikots \u00fcber einen authentischen Look mit originalgetreuen Vereins- und Logo-Details. Tipps zum Drucken: Wenn der Name und die Nummer auf dem Bild genau Ihren W\u00fcnschen entsprechen, m\u00fcssen Sie sie nicht erneut eingeben. Wenn nicht, [&hellip;]<\/p>","protected":false},"featured_media":4038,"comment_status":"open","ping_status":"closed","template":"","meta":[],"product_brand":[],"product_cat":[88],"product_tag":[200,90,20,21,22,23,24],"class_list":{"0":"post-4002","1":"product","2":"type-product","3":"status-publish","4":"has-post-thumbnail","6":"product_cat-atletico-madrid","7":"product_tag-atletico-madrid-auswaertstrikot","8":"product_tag-atletico-madrid-trikots","9":"product_tag-coole-fussballtrikots","10":"product_tag-fussballtrikot-fuer-herren","11":"product_tag-fussballtrikot-guenstig-kaufen","12":"product_tag-fussballtrikot-kurzarm","13":"product_tag-guenstiges-fussballtrikot","15":"first","16":"instock","17":"shipping-taxable","18":"purchasable","19":"product-type-variable"},"_links":{"self":[{"href":"https:\/\/www.billigtrikotde.com\/fr\/wp-json\/wp\/v2\/product\/4002","targetHints":{"allow":["GET"]}}],"collection":[{"href":"https:\/\/www.billigtrikotde.com\/fr\/wp-json\/wp\/v2\/product"}],"about":[{"href":"https:\/\/www.billigtrikotde.com\/fr\/wp-json\/wp\/v2\/types\/product"}],"replies":[{"embeddable":true,"href":"https:\/\/www.billigtrikotde.com\/fr\/wp-json\/wp\/v2\/comments?post=4002"}],"wp:featuredmedia":[{"embeddable":true,"href":"https:\/\/www.billigtrikotde.com\/fr\/wp-json\/wp\/v2\/media\/4038"}],"wp:attachment":[{"href":"https:\/\/www.billigtrikotde.com\/fr\/wp-json\/wp\/v2\/media?parent=4002"}],"wp:term":[{"taxonomy":"product_brand","embeddable":true,"href":"https:\/\/www.billigtrikotde.com\/fr\/wp-json\/wp\/v2\/product_brand?post=4002"},{"taxonomy":"product_cat","embeddable":true,"href":"https:\/\/www.billigtrikotde.com\/fr\/wp-json\/wp\/v2\/product_cat?post=4002"},{"taxonomy":"product_tag","embeddable":true,"href":"https:\/\/www.billigtrikotde.com\/fr\/wp-json\/wp\/v2\/product_tag?post=4002"}],"curies":[{"name":"wp","href":"https:\/\/api.w.org\/{rel}","templated":true}]}}