{"id":3994,"date":"2024-10-23T15:28:32","date_gmt":"2024-10-23T13:28:32","guid":{"rendered":"http:\/\/billigtrikots.com\/?post_type=product&#038;p=3994"},"modified":"2024-10-23T15:30:45","modified_gmt":"2024-10-23T13:30:45","slug":"los-angeles-fc-lafc-2021-black-gold-replica-jersey","status":"publish","type":"product","link":"https:\/\/www.billigtrikotde.com\/fr\/los-angeles-fc-lafc-2021-black-gold-replica-jersey\/","title":{"rendered":"Los Angeles FC LAFC 2021 Jersey r\u00e9plique noiror"},"content":{"rendered":"<p>Votre jeune fan est un \u00e9norme fan de LAFC et chaque fois qu\u2019ils sont sur le terrain, votre enfant est branch\u00e9. Assurez-vous qu\u2019il est \u00e9quip\u00e9 correctement en saisissant cette Jersey Replica Primary 2021 ! C\u2019est excitant d\u2019\u00eatre un fan d\u00e9vou\u00e9 de LAFC et votre petit deviendra le plus grand fan autour dans ce maillot adidas, pr\u00e9sentant des graphismes d\u2019\u00e9quipe nets avec la technologie AEROREADY qui les gardera \u00e0 l\u2019aise pendant qu\u2019ils encouragent l\u2019\u00e9quipe vers la victoire.<\/p>\n<p>Nous voulons que les fans c\u00e9l\u00e8brent leur fandom en customisant et en personnalisant certains produits. Pour ces produits personnalisables, y compris les maillots, nous invitons les clients \u00e0 nous dire comment ils aimeraient que leur nom pr\u00e9f\u00e9r\u00e9 ou un autre texte apparaisse en tapant ce texte dans le champ indiqu\u00e9.<\/p>","protected":false},"excerpt":{"rendered":"<p>Your young fan is a huge LAFC fan and whenever they\u2019re on the pitch, your kiddo is tuned in. Be sure they are outfitted properly by grabbing this 2021 Primary Replica Jersey! It\u2019s exciting being a devout LAFC fan and your youngster will be the biggest one around in this adidas jersey, featuring crisp team [&hellip;]<\/p>","protected":false},"featured_media":4035,"comment_status":"open","ping_status":"closed","template":"","meta":[],"product_brand":[],"product_cat":[196],"product_tag":[20,21,22,23,24,197,198,199],"class_list":{"0":"post-3994","1":"product","2":"type-product","3":"status-publish","4":"has-post-thumbnail","6":"product_cat-los-angeles-fc","7":"product_tag-coole-fussballtrikots","8":"product_tag-fussballtrikot-fuer-herren","9":"product_tag-fussballtrikot-guenstig-kaufen","10":"product_tag-fussballtrikot-kurzarm","11":"product_tag-guenstiges-fussballtrikot","12":"product_tag-lafc-jerseys","13":"product_tag-los-angeles-fc-home-replica-jersey","14":"product_tag-replica-jersey","16":"first","17":"instock","18":"shipping-taxable","19":"purchasable","20":"product-type-variable"},"_links":{"self":[{"href":"https:\/\/www.billigtrikotde.com\/fr\/wp-json\/wp\/v2\/product\/3994","targetHints":{"allow":["GET"]}}],"collection":[{"href":"https:\/\/www.billigtrikotde.com\/fr\/wp-json\/wp\/v2\/product"}],"about":[{"href":"https:\/\/www.billigtrikotde.com\/fr\/wp-json\/wp\/v2\/types\/product"}],"replies":[{"embeddable":true,"href":"https:\/\/www.billigtrikotde.com\/fr\/wp-json\/wp\/v2\/comments?post=3994"}],"wp:featuredmedia":[{"embeddable":true,"href":"https:\/\/www.billigtrikotde.com\/fr\/wp-json\/wp\/v2\/media\/4035"}],"wp:attachment":[{"href":"https:\/\/www.billigtrikotde.com\/fr\/wp-json\/wp\/v2\/media?parent=3994"}],"wp:term":[{"taxonomy":"product_brand","embeddable":true,"href":"https:\/\/www.billigtrikotde.com\/fr\/wp-json\/wp\/v2\/product_brand?post=3994"},{"taxonomy":"product_cat","embeddable":true,"href":"https:\/\/www.billigtrikotde.com\/fr\/wp-json\/wp\/v2\/product_cat?post=3994"},{"taxonomy":"product_tag","embeddable":true,"href":"https:\/\/www.billigtrikotde.com\/fr\/wp-json\/wp\/v2\/product_tag?post=3994"}],"curies":[{"name":"wp","href":"https:\/\/api.w.org\/{rel}","templated":true}]}}