{"id":3992,"date":"2024-10-23T15:28:30","date_gmt":"2024-10-23T13:28:30","guid":{"rendered":"http:\/\/billigtrikots.com\/?post_type=product&#038;p=3992"},"modified":"2024-10-23T15:30:44","modified_gmt":"2024-10-23T13:30:44","slug":"los-angeles-fc-lafc-2021-black-gold-replica-jersey-wright-phillips-66","status":"publish","type":"product","link":"https:\/\/www.billigtrikotde.com\/fr\/los-angeles-fc-lafc-2021-black-gold-replica-jersey-wright-phillips-66\/","title":{"rendered":"Los Angeles FC LAFC 2021 Jersey r\u00e9plique noiror Wright-Phillips 66"},"content":{"rendered":"<p>Vous adorez regarder LAFC sur le terrain, alors assurez-vous qu\u2019ils soient bien \u00e9quip\u00e9s en les procurant ce maillot de joueur Replica primaire Bradley Wright-Phillips 2021 ! Ce maillot adidas pr\u00e9sente des graphismes nets de l\u2019\u00e9quipe qui affichent fi\u00e8rement le soutien de votre jeune fan pour LAFC. La technologie AEROREADY gardera votre jeune supporter sous son meilleur jour pendant qu\u2019il encourage son \u00e9quipe vers la victoire.<\/p>\n<p>Nous voulons que les fans c\u00e9l\u00e8brent leur fandom en customisant et en personnalisant certains produits. Pour ces produits personnalisables, y compris les maillots, nous invitons les clients \u00e0 nous dire comment ils aimeraient que leur nom pr\u00e9f\u00e9r\u00e9 ou un autre texte apparaisse en tapant ce texte dans le champ indiqu\u00e9.<\/p>","protected":false},"excerpt":{"rendered":"<p>Vous adorez regarder LAFC sur le terrain, alors assurez-vous qu\u2019ils soient bien \u00e9quip\u00e9s en les procurant ce maillot de joueur Replica primaire Bradley Wright-Phillips 2021 ! Ce maillot adidas pr\u00e9sente des graphismes nets de l\u2019\u00e9quipe qui affichent fi\u00e8rement le soutien de votre jeune fan pour LAFC. La technologie AEROREADY gardera votre jeune supporter sous son meilleur jour pendant qu\u2019il encourage son \u00e9quipe vers la victoire.<\/p>","protected":false},"featured_media":4034,"comment_status":"open","ping_status":"closed","template":"","meta":[],"product_brand":[],"product_cat":[196],"product_tag":[20,21,22,23,24,197,198,199],"class_list":{"0":"post-3992","1":"product","2":"type-product","3":"status-publish","4":"has-post-thumbnail","6":"product_cat-los-angeles-fc","7":"product_tag-coole-fussballtrikots","8":"product_tag-fussballtrikot-fuer-herren","9":"product_tag-fussballtrikot-guenstig-kaufen","10":"product_tag-fussballtrikot-kurzarm","11":"product_tag-guenstiges-fussballtrikot","12":"product_tag-lafc-jerseys","13":"product_tag-los-angeles-fc-home-replica-jersey","14":"product_tag-replica-jersey","16":"first","17":"instock","18":"shipping-taxable","19":"purchasable","20":"product-type-variable"},"_links":{"self":[{"href":"https:\/\/www.billigtrikotde.com\/fr\/wp-json\/wp\/v2\/product\/3992","targetHints":{"allow":["GET"]}}],"collection":[{"href":"https:\/\/www.billigtrikotde.com\/fr\/wp-json\/wp\/v2\/product"}],"about":[{"href":"https:\/\/www.billigtrikotde.com\/fr\/wp-json\/wp\/v2\/types\/product"}],"replies":[{"embeddable":true,"href":"https:\/\/www.billigtrikotde.com\/fr\/wp-json\/wp\/v2\/comments?post=3992"}],"wp:featuredmedia":[{"embeddable":true,"href":"https:\/\/www.billigtrikotde.com\/fr\/wp-json\/wp\/v2\/media\/4034"}],"wp:attachment":[{"href":"https:\/\/www.billigtrikotde.com\/fr\/wp-json\/wp\/v2\/media?parent=3992"}],"wp:term":[{"taxonomy":"product_brand","embeddable":true,"href":"https:\/\/www.billigtrikotde.com\/fr\/wp-json\/wp\/v2\/product_brand?post=3992"},{"taxonomy":"product_cat","embeddable":true,"href":"https:\/\/www.billigtrikotde.com\/fr\/wp-json\/wp\/v2\/product_cat?post=3992"},{"taxonomy":"product_tag","embeddable":true,"href":"https:\/\/www.billigtrikotde.com\/fr\/wp-json\/wp\/v2\/product_tag?post=3992"}],"curies":[{"name":"wp","href":"https:\/\/api.w.org\/{rel}","templated":true}]}}