{"id":3984,"date":"2024-10-23T15:28:00","date_gmt":"2024-10-23T13:28:00","guid":{"rendered":"http:\/\/billigtrikots.com\/?post_type=product&#038;p=3984"},"modified":"2024-10-23T15:30:10","modified_gmt":"2024-10-23T13:30:10","slug":"los-angeles-fc-2021-lafc-black-gold-primary-replica-player-jersey-kaye-14","status":"publish","type":"product","link":"https:\/\/www.billigtrikotde.com\/fr\/los-angeles-fc-2021-lafc-black-gold-primary-replica-player-jersey-kaye-14\/","title":{"rendered":"Los Angeles FC 2021 LAFC Jersey principal r\u00e9plique noiror joueur Kaye 14"},"content":{"rendered":"<p>Vous \u00eates un grand fan de LAFC, et chaque fois qu'ils sont sur le terrain, vous \u00eates connect\u00e9. Assurez-vous d'\u00eatre correctement \u00e9quip\u00e9 en attrapant ce maillot de joueur r\u00e9plique primaire Mark-Anthony Kaye 2021 ! C\u2019est exaltant d\u2019\u00eatre un fan d\u00e9vou\u00e9 de LAFC et vous serez le plus grand parmi tous dans ce maillot adidas, pr\u00e9sentant des graphismes d'\u00e9quipe nets avec la technologie AEROREADY qui vous gardera confortable pendant que vous encouragez votre \u00e9quipe vers une victoire.<\/p>\n<p>Nous voulons que les fans c\u00e9l\u00e8brent leur fandom en customisant et en personnalisant certains produits. Pour ces produits personnalisables, y compris les maillots, nous invitons les clients \u00e0 nous dire comment ils aimeraient que leur nom pr\u00e9f\u00e9r\u00e9 ou un autre texte apparaisse en tapant ce texte dans le champ indiqu\u00e9.<\/p>","protected":false},"excerpt":{"rendered":"<p>Vous \u00eates un grand fan de LAFC, et chaque fois qu'ils sont sur le terrain, vous \u00eates \u00e0 l'\u00e9coute. Assurez-vous d'\u00eatre bien \u00e9quip\u00e9 en vous procurant ce maillot de joueur replica principal Mark-Anthony Kaye 2021 ! C'est excitant d'\u00eatre un fan d\u00e9vou\u00e9 de LAFC et vous serez le plus grand dans ce maillot adidas, avec des graphiques d'\u00e9quipe nets et la technologie AEROREADY qui [\u2026]<\/p>","protected":false},"featured_media":4024,"comment_status":"open","ping_status":"closed","template":"","meta":[],"product_brand":[],"product_cat":[196],"product_tag":[20,21,22,23,24,197,198,199],"class_list":{"0":"post-3984","1":"product","2":"type-product","3":"status-publish","4":"has-post-thumbnail","6":"product_cat-los-angeles-fc","7":"product_tag-coole-fussballtrikots","8":"product_tag-fussballtrikot-fuer-herren","9":"product_tag-fussballtrikot-guenstig-kaufen","10":"product_tag-fussballtrikot-kurzarm","11":"product_tag-guenstiges-fussballtrikot","12":"product_tag-lafc-jerseys","13":"product_tag-los-angeles-fc-home-replica-jersey","14":"product_tag-replica-jersey","16":"first","17":"instock","18":"shipping-taxable","19":"purchasable","20":"product-type-variable"},"_links":{"self":[{"href":"https:\/\/www.billigtrikotde.com\/fr\/wp-json\/wp\/v2\/product\/3984","targetHints":{"allow":["GET"]}}],"collection":[{"href":"https:\/\/www.billigtrikotde.com\/fr\/wp-json\/wp\/v2\/product"}],"about":[{"href":"https:\/\/www.billigtrikotde.com\/fr\/wp-json\/wp\/v2\/types\/product"}],"replies":[{"embeddable":true,"href":"https:\/\/www.billigtrikotde.com\/fr\/wp-json\/wp\/v2\/comments?post=3984"}],"wp:featuredmedia":[{"embeddable":true,"href":"https:\/\/www.billigtrikotde.com\/fr\/wp-json\/wp\/v2\/media\/4024"}],"wp:attachment":[{"href":"https:\/\/www.billigtrikotde.com\/fr\/wp-json\/wp\/v2\/media?parent=3984"}],"wp:term":[{"taxonomy":"product_brand","embeddable":true,"href":"https:\/\/www.billigtrikotde.com\/fr\/wp-json\/wp\/v2\/product_brand?post=3984"},{"taxonomy":"product_cat","embeddable":true,"href":"https:\/\/www.billigtrikotde.com\/fr\/wp-json\/wp\/v2\/product_cat?post=3984"},{"taxonomy":"product_tag","embeddable":true,"href":"https:\/\/www.billigtrikotde.com\/fr\/wp-json\/wp\/v2\/product_tag?post=3984"}],"curies":[{"name":"wp","href":"https:\/\/api.w.org\/{rel}","templated":true}]}}