{"id":3978,"date":"2024-10-23T15:27:55","date_gmt":"2024-10-23T13:27:55","guid":{"rendered":"http:\/\/billigtrikots.com\/?post_type=product&#038;p=3978"},"modified":"2024-10-23T15:30:08","modified_gmt":"2024-10-23T13:30:08","slug":"atlanta-united-fc-black-red-2022-home-replica-jersey","status":"publish","type":"product","link":"https:\/\/www.billigtrikotde.com\/fr\/atlanta-united-fc-black-red-2022-home-replica-jersey\/","title":{"rendered":"Atlanta United FC Black Red 2022 Maillot Replica Home"},"content":{"rendered":"<p>Votre jeune fan est un grand fan d'Atlanta United FC et chaque fois qu'ils sont sur le terrain, votre enfant est branch\u00e9. Assurez-vous qu'il est bien \u00e9quip\u00e9 en saisissant ce maillot Replica 2021 The BLVCK Kit Replica Jersey ! C\u2019est excitant d\u2019\u00eatre un fervent fan d'Atlanta United FC et votre enfant sera le plus grand du quartier dans ce maillot adidas, affichant des graphismes d'\u00e9quipe nets avec une technologie innovante qui le gardera confortable pendant qu'il encourage l'\u00e9quipe vers la victoire.<\/p>\n<p>Nous voulons que les fans c\u00e9l\u00e8brent leur fid\u00e9lit\u00e9 en personnalisant et en personnalisant certains produits. Pour ces produits personnalisables, y compris les maillots, nous invitons les clients \u00e0 nous dire comment ils aimeraient que leur nom ou tout autre texte apparaisse en tapant ce texte dans le champ indiqu\u00e9. Cependant, ce n'est pas parce qu'un client peut taper le texte de personnalisation propos\u00e9 dans le champ et peut terminer la commande via le site web que toutes les propositions de personnalisation seront accept\u00e9es. Veuillez noter que Fanatics peut refuser et annuler toute commande de personnalisation pour quelque raison que ce soit, y compris pour des messages jug\u00e9s offensants ou inappropri\u00e9s. Vous adorez regarder Atlanta United FC sur le terrain, alors assurez-vous d'\u00eatre bien \u00e9quip\u00e9 en saisissant ce maillot Authentic Custom 2021 The BLVCK Kit ! Ce maillot adidas arbore des graphismes d'\u00e9quipe nets qui affichent fi\u00e8rement votre fid\u00e9lit\u00e9 \u00e0 Atlanta United FC. La technologie innovante vous aidera \u00e0 rester sous votre meilleur jour pendant que vous encouragez votre \u00e9quipe vers la victoire.<\/p>","protected":false},"excerpt":{"rendered":"<p>Your young fan is a huge Atlanta United FC fan and whenever they\u2019re on the pitch, your kiddo is tuned in. Be sure they are outfitted properly by grabbing this 2021 The BLVCK Kit Replica Jersey! It\u2019s exciting being a devout Atlanta United FC fan and your youngster will be the biggest one around in [&hellip;]<\/p>","protected":false},"featured_media":4012,"comment_status":"open","ping_status":"closed","template":"","meta":[],"product_brand":[],"product_cat":[194],"product_tag":[195,20,21,22,23,24],"class_list":{"0":"post-3978","1":"product","2":"type-product","3":"status-publish","4":"has-post-thumbnail","6":"product_cat-atlanta-united","7":"product_tag-atlanta-united-fc-home-replica-jersey","8":"product_tag-coole-fussballtrikots","9":"product_tag-fussballtrikot-fuer-herren","10":"product_tag-fussballtrikot-guenstig-kaufen","11":"product_tag-fussballtrikot-kurzarm","12":"product_tag-guenstiges-fussballtrikot","14":"first","15":"instock","16":"shipping-taxable","17":"purchasable","18":"product-type-variable"},"_links":{"self":[{"href":"https:\/\/www.billigtrikotde.com\/fr\/wp-json\/wp\/v2\/product\/3978","targetHints":{"allow":["GET"]}}],"collection":[{"href":"https:\/\/www.billigtrikotde.com\/fr\/wp-json\/wp\/v2\/product"}],"about":[{"href":"https:\/\/www.billigtrikotde.com\/fr\/wp-json\/wp\/v2\/types\/product"}],"replies":[{"embeddable":true,"href":"https:\/\/www.billigtrikotde.com\/fr\/wp-json\/wp\/v2\/comments?post=3978"}],"wp:featuredmedia":[{"embeddable":true,"href":"https:\/\/www.billigtrikotde.com\/fr\/wp-json\/wp\/v2\/media\/4012"}],"wp:attachment":[{"href":"https:\/\/www.billigtrikotde.com\/fr\/wp-json\/wp\/v2\/media?parent=3978"}],"wp:term":[{"taxonomy":"product_brand","embeddable":true,"href":"https:\/\/www.billigtrikotde.com\/fr\/wp-json\/wp\/v2\/product_brand?post=3978"},{"taxonomy":"product_cat","embeddable":true,"href":"https:\/\/www.billigtrikotde.com\/fr\/wp-json\/wp\/v2\/product_cat?post=3978"},{"taxonomy":"product_tag","embeddable":true,"href":"https:\/\/www.billigtrikotde.com\/fr\/wp-json\/wp\/v2\/product_tag?post=3978"}],"curies":[{"name":"wp","href":"https:\/\/api.w.org\/{rel}","templated":true}]}}