{"id":3972,"date":"2024-10-23T15:27:26","date_gmt":"2024-10-23T13:27:26","guid":{"rendered":"http:\/\/billigtrikots.com\/?post_type=product&#038;p=3972"},"modified":"2024-10-23T15:29:34","modified_gmt":"2024-10-23T13:29:34","slug":"atlanta-united-fc-2021-22-home-shirt-black-kit-replica-jersey-martinez-7","status":"publish","type":"product","link":"https:\/\/www.billigtrikotde.com\/fr\/atlanta-united-fc-2021-22-home-shirt-black-kit-replica-jersey-martinez-7\/","title":{"rendered":"Atlanta United FC 2021\/22 Maillot domicile Kit noir Jersey r\u00e9plique Mart\u00ednez 7"},"content":{"rendered":"<p>Vous \u00eates un grand fan d'Atlanta United FC, et chaque fois qu'ils sont sur le terrain, vous \u00eates branch\u00e9. Assurez-vous d'\u00eatre bien \u00e9quip\u00e9 en prenant cette r\u00e9plique du maillot The BLVCK Kit 2021 de Josef Mart\u00ednez ! C'est excitant d'\u00eatre un fan d\u00e9vou\u00e9 d'Atlanta United FC et vous serez le plus grand autour dans ce maillot adidas, avec des graphismes d'\u00e9quipe nets et une technologie innovante qui vous gardera \u00e0 l'aise alors que vous encouragez votre \u00e9quipe vers la victoire.<\/p>\n<p>Nous voulons que les fans c\u00e9l\u00e8brent leur fandom en customisant et en personnalisant certains produits. Pour ces produits personnalisables, y compris les maillots, nous invitons les clients \u00e0 nous dire comment ils aimeraient que leur nom pr\u00e9f\u00e9r\u00e9 ou un autre texte apparaisse en tapant ce texte dans le champ indiqu\u00e9.<\/p>","protected":false},"excerpt":{"rendered":"<p>You\u2019re a huge Atlanta United FC fan, and whenever they\u2019re on the pitch, you\u2019re tuned in. Be sure you\u2019re outfitted properly by grabbing this Josef Mart\u00ednez 2021 The BLVCK Kit Replica Jersey! It\u2019s exciting being a devout Atlanta United FC fan and you\u2019ll be the biggest one around in this adidas jersey, featuring crisp team [&hellip;]<\/p>","protected":false},"featured_media":4011,"comment_status":"open","ping_status":"closed","template":"","meta":[],"product_brand":[],"product_cat":[194],"product_tag":[195,20,21,22,23,24],"class_list":{"0":"post-3972","1":"product","2":"type-product","3":"status-publish","4":"has-post-thumbnail","6":"product_cat-atlanta-united","7":"product_tag-atlanta-united-fc-home-replica-jersey","8":"product_tag-coole-fussballtrikots","9":"product_tag-fussballtrikot-fuer-herren","10":"product_tag-fussballtrikot-guenstig-kaufen","11":"product_tag-fussballtrikot-kurzarm","12":"product_tag-guenstiges-fussballtrikot","14":"first","15":"instock","16":"shipping-taxable","17":"purchasable","18":"product-type-variable"},"_links":{"self":[{"href":"https:\/\/www.billigtrikotde.com\/fr\/wp-json\/wp\/v2\/product\/3972","targetHints":{"allow":["GET"]}}],"collection":[{"href":"https:\/\/www.billigtrikotde.com\/fr\/wp-json\/wp\/v2\/product"}],"about":[{"href":"https:\/\/www.billigtrikotde.com\/fr\/wp-json\/wp\/v2\/types\/product"}],"replies":[{"embeddable":true,"href":"https:\/\/www.billigtrikotde.com\/fr\/wp-json\/wp\/v2\/comments?post=3972"}],"wp:featuredmedia":[{"embeddable":true,"href":"https:\/\/www.billigtrikotde.com\/fr\/wp-json\/wp\/v2\/media\/4011"}],"wp:attachment":[{"href":"https:\/\/www.billigtrikotde.com\/fr\/wp-json\/wp\/v2\/media?parent=3972"}],"wp:term":[{"taxonomy":"product_brand","embeddable":true,"href":"https:\/\/www.billigtrikotde.com\/fr\/wp-json\/wp\/v2\/product_brand?post=3972"},{"taxonomy":"product_cat","embeddable":true,"href":"https:\/\/www.billigtrikotde.com\/fr\/wp-json\/wp\/v2\/product_cat?post=3972"},{"taxonomy":"product_tag","embeddable":true,"href":"https:\/\/www.billigtrikotde.com\/fr\/wp-json\/wp\/v2\/product_tag?post=3972"}],"curies":[{"name":"wp","href":"https:\/\/api.w.org\/{rel}","templated":true}]}}