{"id":3960,"date":"2024-10-23T15:26:51","date_gmt":"2024-10-23T13:26:51","guid":{"rendered":"http:\/\/billigtrikots.com\/?post_type=product&#038;p=3960"},"modified":"2024-10-23T15:28:59","modified_gmt":"2024-10-23T13:28:59","slug":"atlanta-united-fc-jurgen-damm-22-black-2021-the-blvck-kit-replica-jersey","status":"publish","type":"product","link":"https:\/\/www.billigtrikotde.com\/fr\/atlanta-united-fc-jurgen-damm-22-black-2021-the-blvck-kit-replica-jersey\/","title":{"rendered":"Atlanta United FC Jurgen Damm 22 Black 2021 Le maillot Replica BLVCK Kit"},"content":{"rendered":"<p>Vous \u00eates un grand fan de l'Atlanta United FC, et chaque fois qu'ils sont sur le terrain, vous \u00eates au diapason. Assurez-vous d'\u00eatre correctement \u00e9quip\u00e9 en vous procurant ce maillot authentique 2021 The BLVCK Kit ! C'est excitant d'\u00eatre un fan d\u00e9vou\u00e9 de l'Atlanta United FC et vous serez le plus grand dans ce maillot adidas, avec des graphiques d'\u00e9quipe croustillants et une technologie innovante qui vous permettra d'\u00eatre \u00e0 l'aise pendant que vous encouragez votre \u00e9quipe \u00e0 la victoire.<\/p>\n<p>Nous voulons que les fans c\u00e9l\u00e8brent leur fandom en customisant et en personnalisant certains produits. Pour ces produits personnalisables, y compris les maillots, nous invitons les clients \u00e0 nous dire comment ils aimeraient que leur nom pr\u00e9f\u00e9r\u00e9 ou un autre texte apparaisse en tapant ce texte dans le champ indiqu\u00e9.<\/p>","protected":false},"excerpt":{"rendered":"<p>Vous \u00eates un grand fan d'Atlanta United FC, et chaque fois qu'ils sont sur le terrain, vous \u00eates branch\u00e9. Assurez-vous d'\u00eatre correctement \u00e9quip\u00e9 en saisissant ce Jersey authentique The BLVCK Kit 2021 ! C\u2019est excitant d\u2019\u00eatre un fan d\u00e9vou\u00e9 d\u2019Atlanta United FC et vous serez le plus grand de tous dans ce maillot adidas, pr\u00e9sentant des graphismes nets de l\u2019\u00e9quipe avec [\u2026]<\/p>","protected":false},"featured_media":3999,"comment_status":"open","ping_status":"closed","template":"","meta":[],"product_brand":[],"product_cat":[194],"product_tag":[195,20,21,22,23,24],"class_list":{"0":"post-3960","1":"product","2":"type-product","3":"status-publish","4":"has-post-thumbnail","6":"product_cat-atlanta-united","7":"product_tag-atlanta-united-fc-home-replica-jersey","8":"product_tag-coole-fussballtrikots","9":"product_tag-fussballtrikot-fuer-herren","10":"product_tag-fussballtrikot-guenstig-kaufen","11":"product_tag-fussballtrikot-kurzarm","12":"product_tag-guenstiges-fussballtrikot","14":"first","15":"instock","16":"shipping-taxable","17":"purchasable","18":"product-type-variable"},"_links":{"self":[{"href":"https:\/\/www.billigtrikotde.com\/fr\/wp-json\/wp\/v2\/product\/3960","targetHints":{"allow":["GET"]}}],"collection":[{"href":"https:\/\/www.billigtrikotde.com\/fr\/wp-json\/wp\/v2\/product"}],"about":[{"href":"https:\/\/www.billigtrikotde.com\/fr\/wp-json\/wp\/v2\/types\/product"}],"replies":[{"embeddable":true,"href":"https:\/\/www.billigtrikotde.com\/fr\/wp-json\/wp\/v2\/comments?post=3960"}],"wp:featuredmedia":[{"embeddable":true,"href":"https:\/\/www.billigtrikotde.com\/fr\/wp-json\/wp\/v2\/media\/3999"}],"wp:attachment":[{"href":"https:\/\/www.billigtrikotde.com\/fr\/wp-json\/wp\/v2\/media?parent=3960"}],"wp:term":[{"taxonomy":"product_brand","embeddable":true,"href":"https:\/\/www.billigtrikotde.com\/fr\/wp-json\/wp\/v2\/product_brand?post=3960"},{"taxonomy":"product_cat","embeddable":true,"href":"https:\/\/www.billigtrikotde.com\/fr\/wp-json\/wp\/v2\/product_cat?post=3960"},{"taxonomy":"product_tag","embeddable":true,"href":"https:\/\/www.billigtrikotde.com\/fr\/wp-json\/wp\/v2\/product_tag?post=3960"}],"curies":[{"name":"wp","href":"https:\/\/api.w.org\/{rel}","templated":true}]}}