{"id":3946,"date":"2024-10-23T15:26:14","date_gmt":"2024-10-23T13:26:14","guid":{"rendered":"http:\/\/billigtrikots.com\/?post_type=product&#038;p=3946"},"modified":"2024-10-23T15:28:24","modified_gmt":"2024-10-23T13:28:24","slug":"ssc-napoli-2021-2022-fussballtrikot-marineblau-einen-aufdruck-von-maradona","status":"publish","type":"product","link":"https:\/\/www.billigtrikotde.com\/fr\/ssc-napoli-2021-2022-fussballtrikot-marineblau-einen-aufdruck-von-maradona\/","title":{"rendered":"SSC Napoli 2021-2022 Maillot de football bleu marine une impression de Maradona"},"content":{"rendered":"<p>La couleur de base du maillot de football EA7 Napoli Maradona 2021-2022 est Marine et comprend une impression de Maradona portant le maillot de football argentin sur le dessous. Cette impression est r\u00e9alis\u00e9e dans un design ressemblant \u00e0 une empreinte digitale. L'impression est inspir\u00e9e d'une \u0153uvre de l'artiste napolitain Guiseppe Klain. De plus, le maillot comporte \u00e9galement des accents bleu clair, inspir\u00e9s des couleurs du club SSC Naples. La bande en bas des manches est bleu clair, tout comme le col rond et le ruban aux \u00e9paules. Le logo Emporio Armani Sportswear se trouve sur la poitrine droite et le blason du club est sur la poitrine gauche. Les logos Lete et MSC sont visibles au centre du maillot. La manche gauche du maillot porte le logo du sponsor de manche Amazon. Les initiales du club sont int\u00e9gr\u00e9es dans la nuque \u00e0 l'arri\u00e8re du maillot de football Napoli Maradona : SSCN.<\/p>\n<p>Conseils pour le lavage : Il est recommand\u00e9 de laver les maillots de football \u00e0 la main. Si vous souhaitez utiliser la machine \u00e0 laver, pensez \u00e0 retourner les maillots de football avant de les laver. Remplissez la machine avec de l'eau froide et utilisez un cycle de lavage d\u00e9licat pour mieux prot\u00e9ger les couleurs.<\/p>\n<p>Impression de maillots de football en ligne<br \/>\nVous avez la possibilit\u00e9 de concevoir votre maillot de football. Vous pouvez soit choisir le joueur de football de votre \u00e9quipe pr\u00e9f\u00e9r\u00e9e, soit inscrire votre propre nom avec un num\u00e9ro.<\/p>","protected":false},"excerpt":{"rendered":"<p>Die Grundfarbe des EA7 Napoli Maradona 2021-2022 Fu\u00dfballtrikots ist Marineblau und enth\u00e4lt einen Aufdruck von Maradona im argentinischen Fu\u00dfballtrikot auf der Unterseite. Dieser Druck ist in einem fingerabdruck\u00e4hnlichen Design verarbeitet. Der Druck ist von einem Kunstwerk des neapolitanischen K\u00fcnstlers Guiseppe Klain inspiriert. Dar\u00fcber hinaus enth\u00e4lt das Trikot auch hellblaue Akzente, inspiriert von den Vereinsfarben des [&hellip;]<\/p>","protected":false},"featured_media":3986,"comment_status":"open","ping_status":"closed","template":"","meta":[],"product_brand":[],"product_cat":[192],"product_tag":[20,21,22,23,24,193],"class_list":{"0":"post-3946","1":"product","2":"type-product","3":"status-publish","4":"has-post-thumbnail","6":"product_cat-ssc-napoli","7":"product_tag-coole-fussballtrikots","8":"product_tag-fussballtrikot-fuer-herren","9":"product_tag-fussballtrikot-guenstig-kaufen","10":"product_tag-fussballtrikot-kurzarm","11":"product_tag-guenstiges-fussballtrikot","12":"product_tag-napoli-kits","14":"first","15":"instock","16":"shipping-taxable","17":"purchasable","18":"product-type-variable"},"_links":{"self":[{"href":"https:\/\/www.billigtrikotde.com\/fr\/wp-json\/wp\/v2\/product\/3946","targetHints":{"allow":["GET"]}}],"collection":[{"href":"https:\/\/www.billigtrikotde.com\/fr\/wp-json\/wp\/v2\/product"}],"about":[{"href":"https:\/\/www.billigtrikotde.com\/fr\/wp-json\/wp\/v2\/types\/product"}],"replies":[{"embeddable":true,"href":"https:\/\/www.billigtrikotde.com\/fr\/wp-json\/wp\/v2\/comments?post=3946"}],"wp:featuredmedia":[{"embeddable":true,"href":"https:\/\/www.billigtrikotde.com\/fr\/wp-json\/wp\/v2\/media\/3986"}],"wp:attachment":[{"href":"https:\/\/www.billigtrikotde.com\/fr\/wp-json\/wp\/v2\/media?parent=3946"}],"wp:term":[{"taxonomy":"product_brand","embeddable":true,"href":"https:\/\/www.billigtrikotde.com\/fr\/wp-json\/wp\/v2\/product_brand?post=3946"},{"taxonomy":"product_cat","embeddable":true,"href":"https:\/\/www.billigtrikotde.com\/fr\/wp-json\/wp\/v2\/product_cat?post=3946"},{"taxonomy":"product_tag","embeddable":true,"href":"https:\/\/www.billigtrikotde.com\/fr\/wp-json\/wp\/v2\/product_tag?post=3946"}],"curies":[{"name":"wp","href":"https:\/\/api.w.org\/{rel}","templated":true}]}}