{"id":3930,"date":"2024-10-23T15:25:35","date_gmt":"2024-10-23T13:25:35","guid":{"rendered":"http:\/\/billigtrikots.com\/?post_type=product&#038;p=3930"},"modified":"2024-10-23T15:27:49","modified_gmt":"2024-10-23T13:27:49","slug":"ssc-napoli-special-heimtrikot-2021-2022-kurzarm-schwarz-mit-aufdruck-maradona-10","status":"publish","type":"product","link":"https:\/\/www.billigtrikotde.com\/fr\/ssc-napoli-special-heimtrikot-2021-2022-kurzarm-schwarz-mit-aufdruck-maradona-10\/","title":{"rendered":"SSC Napoli Special Maillot domicile 2021-2022 manches courtes noir avec impression Maradona 10"},"content":{"rendered":"<p>Conseils pour le lavage : Il est recommand\u00e9 de laver les maillots de football \u00e0 la main. Si vous souhaitez utiliser la machine \u00e0 laver, pensez \u00e0 retourner les maillots de football avant de les laver. Remplissez la machine avec de l'eau froide et utilisez un cycle de lavage d\u00e9licat pour mieux prot\u00e9ger les couleurs.<\/p>\n<p>Impression de maillots de football en ligne<br \/>\nVous avez la possibilit\u00e9 de concevoir votre maillot de football. Vous pouvez soit choisir le joueur de football de votre \u00e9quipe pr\u00e9f\u00e9r\u00e9e, soit inscrire votre propre nom avec un num\u00e9ro.<\/p>","protected":false},"excerpt":{"rendered":"<p>Conseils de lavage : il est recommand\u00e9 de laver les maillots de football \u00e0 la main. Si vous souhaitez utiliser la machine \u00e0 laver, pensez \u00e0 retourner les maillots de football puis \u00e0 les laver. Remplissez la machine d'eau froide et utilisez un cycle d\u00e9licat pour mieux prot\u00e9ger les couleurs. Fussballtrikots Druck Online Sie hast die m\u00f6glichkeit, Ihr fu\u00dfballtrikotszu gestalten. Entweder [\u2026]<\/p>","protected":false},"featured_media":3964,"comment_status":"open","ping_status":"closed","template":"","meta":[],"product_brand":[],"product_cat":[192],"product_tag":[20,21,22,23,24,193],"class_list":{"0":"post-3930","1":"product","2":"type-product","3":"status-publish","4":"has-post-thumbnail","6":"product_cat-ssc-napoli","7":"product_tag-coole-fussballtrikots","8":"product_tag-fussballtrikot-fuer-herren","9":"product_tag-fussballtrikot-guenstig-kaufen","10":"product_tag-fussballtrikot-kurzarm","11":"product_tag-guenstiges-fussballtrikot","12":"product_tag-napoli-kits","14":"first","15":"instock","16":"shipping-taxable","17":"purchasable","18":"product-type-variable"},"_links":{"self":[{"href":"https:\/\/www.billigtrikotde.com\/fr\/wp-json\/wp\/v2\/product\/3930","targetHints":{"allow":["GET"]}}],"collection":[{"href":"https:\/\/www.billigtrikotde.com\/fr\/wp-json\/wp\/v2\/product"}],"about":[{"href":"https:\/\/www.billigtrikotde.com\/fr\/wp-json\/wp\/v2\/types\/product"}],"replies":[{"embeddable":true,"href":"https:\/\/www.billigtrikotde.com\/fr\/wp-json\/wp\/v2\/comments?post=3930"}],"wp:featuredmedia":[{"embeddable":true,"href":"https:\/\/www.billigtrikotde.com\/fr\/wp-json\/wp\/v2\/media\/3964"}],"wp:attachment":[{"href":"https:\/\/www.billigtrikotde.com\/fr\/wp-json\/wp\/v2\/media?parent=3930"}],"wp:term":[{"taxonomy":"product_brand","embeddable":true,"href":"https:\/\/www.billigtrikotde.com\/fr\/wp-json\/wp\/v2\/product_brand?post=3930"},{"taxonomy":"product_cat","embeddable":true,"href":"https:\/\/www.billigtrikotde.com\/fr\/wp-json\/wp\/v2\/product_cat?post=3930"},{"taxonomy":"product_tag","embeddable":true,"href":"https:\/\/www.billigtrikotde.com\/fr\/wp-json\/wp\/v2\/product_tag?post=3930"}],"curies":[{"name":"wp","href":"https:\/\/api.w.org\/{rel}","templated":true}]}}