{"id":3917,"date":"2024-10-23T15:24:59","date_gmt":"2024-10-23T13:24:59","guid":{"rendered":"http:\/\/billigtrikots.com\/?post_type=product&#038;p=3917"},"modified":"2024-10-23T15:27:15","modified_gmt":"2024-10-23T13:27:15","slug":"fussballtrikots-sl-benfica-lissabon-heimtrikot-2021-22-rot-kurzarm-kurze-hosen","status":"publish","type":"product","link":"https:\/\/www.billigtrikotde.com\/fr\/fussballtrikots-sl-benfica-lissabon-heimtrikot-2021-22-rot-kurzarm-kurze-hosen\/","title":{"rendered":"Maillots de Football SL Benfica Lisbonne Maillot domicile 2021\/22 rouge manches courtes + short"},"content":{"rendered":"<p>Les virages de son mythique stade soulignent la douceur du tissu de ce maillot de football Benfica adidas. Au verso, l\u2019inscription \u00ab 1904 Benfica \u00bb c\u00e9l\u00e8bre les d\u00e9buts du club. Un blason tiss\u00e9 sur le devant affiche votre soutien \u00e0 l\u2019\u00e9quipe. La technologie AEROREADY absorbe la sueur pour que vous vous sentiez \u00e0 l\u2019aise sur le terrain ou dans les tribunes.<\/p>\n<p>Ce produit est fabriqu\u00e9 avec Primegreen, une s\u00e9rie de mat\u00e9riaux recycl\u00e9s \u00e0 haute performance.<\/p>\n<p>Conseils pour l'impression : Si le nom et le num\u00e9ro figurant sur l'image correspondent exactement \u00e0 ce que vous souhaitez, vous ne devez pas les saisir \u00e0 nouveau. Si ce n'est pas le cas, vous devez saisir le nom et le num\u00e9ro que vous souhaitez.<\/p>\n<p>Conseils pour le lavage : Il est recommand\u00e9 de laver les maillots de football \u00e0 la main. Si vous souhaitez utiliser la machine \u00e0 laver, pensez \u00e0 retourner les maillots de football avant de les laver. Remplissez la machine avec de l'eau froide et utilisez un cycle de lavage d\u00e9licat pour mieux prot\u00e9ger les couleurs.<\/p>","protected":false},"excerpt":{"rendered":"<p>Les virages de son mythique stade soulignent la douceur du tissu de ce maillot de football Benfica adidas. Au verso, l\u2019inscription \u00ab 1904 Benfica \u00bb c\u00e9l\u00e8bre les d\u00e9buts du club. Un blason tiss\u00e9 sur le devant affiche votre soutien \u00e0 l\u2019\u00e9quipe. La technologie AEROREADY absorbe la sueur pour que vous vous sentiez \u00e0 l\u2019aise sur le terrain ou dans les tribunes.<\/p>","protected":false},"featured_media":3952,"comment_status":"open","ping_status":"closed","template":"","meta":[],"product_brand":[],"product_cat":[188],"product_tag":[190,20,21,22,23,24,191],"class_list":{"0":"post-3917","1":"product","2":"type-product","3":"status-publish","4":"has-post-thumbnail","6":"product_cat-sl-benfica","7":"product_tag-benfica-trikots","8":"product_tag-coole-fussballtrikots","9":"product_tag-fussballtrikot-fuer-herren","10":"product_tag-fussballtrikot-guenstig-kaufen","11":"product_tag-fussballtrikot-kurzarm","12":"product_tag-guenstiges-fussballtrikot","13":"product_tag-heimtrikot-benfica","15":"first","16":"instock","17":"shipping-taxable","18":"purchasable","19":"product-type-variable"},"_links":{"self":[{"href":"https:\/\/www.billigtrikotde.com\/fr\/wp-json\/wp\/v2\/product\/3917","targetHints":{"allow":["GET"]}}],"collection":[{"href":"https:\/\/www.billigtrikotde.com\/fr\/wp-json\/wp\/v2\/product"}],"about":[{"href":"https:\/\/www.billigtrikotde.com\/fr\/wp-json\/wp\/v2\/types\/product"}],"replies":[{"embeddable":true,"href":"https:\/\/www.billigtrikotde.com\/fr\/wp-json\/wp\/v2\/comments?post=3917"}],"wp:featuredmedia":[{"embeddable":true,"href":"https:\/\/www.billigtrikotde.com\/fr\/wp-json\/wp\/v2\/media\/3952"}],"wp:attachment":[{"href":"https:\/\/www.billigtrikotde.com\/fr\/wp-json\/wp\/v2\/media?parent=3917"}],"wp:term":[{"taxonomy":"product_brand","embeddable":true,"href":"https:\/\/www.billigtrikotde.com\/fr\/wp-json\/wp\/v2\/product_brand?post=3917"},{"taxonomy":"product_cat","embeddable":true,"href":"https:\/\/www.billigtrikotde.com\/fr\/wp-json\/wp\/v2\/product_cat?post=3917"},{"taxonomy":"product_tag","embeddable":true,"href":"https:\/\/www.billigtrikotde.com\/fr\/wp-json\/wp\/v2\/product_tag?post=3917"}],"curies":[{"name":"wp","href":"https:\/\/api.w.org\/{rel}","templated":true}]}}