{"id":3909,"date":"2024-10-23T15:24:28","date_gmt":"2024-10-23T13:24:28","guid":{"rendered":"http:\/\/billigtrikots.com\/?post_type=product&#038;p=3909"},"modified":"2024-10-23T15:26:42","modified_gmt":"2024-10-23T13:26:42","slug":"rb-leipzig-rbl-auswaertstrikot-2021-22-herren-schwarz-gelb-blau","status":"publish","type":"product","link":"https:\/\/www.billigtrikotde.com\/fr\/rb-leipzig-rbl-auswaertstrikot-2021-22-herren-schwarz-gelb-blau\/","title":{"rendered":"RB Leipzig RBL Maillot Ext\u00e9rieur 2021\/22 Hommes noir\/jaune\/bleu"},"content":{"rendered":"<p>Ressentez l'\u00e9nergie avec le maillot ext\u00e9rieur Stadium RB Leipzig 21\/22 Nike, version fan du maillot port\u00e9 par les professionnels, avec une coupe l\u00e9g\u00e8rement plus ample.<\/p>\n<p>Le maillot ext\u00e9rieur Stadium RB Leipzig 21\/22 a \u00e9t\u00e9 sp\u00e9cialement con\u00e7u pour les fans et est compos\u00e9 d'un mat\u00e9riau l\u00e9ger Nike Breathe qui vous garde au frais et \u00e0 l'aise, que vous imitiez votre h\u00e9ros ou que vous l'encouragiez depuis les tribunes.<\/p>\n<p>Le maillot ext\u00e9rieur RB Leipzig 21\/22 offre le m\u00eame design que le maillot domicile, cette fois dans des couleurs vives qui \u00e9voquent la connexion avec l'\u00e9quipe de Formule 1 de la marque. Bande lat\u00e9rale RBL sur mesure vient compl\u00e9ter le look ax\u00e9 sur la vitesse.<\/p>\n<p>Conseils pour l'impression : Si le nom et le num\u00e9ro figurant sur l'image correspondent exactement \u00e0 ce que vous souhaitez, vous ne devez pas les saisir \u00e0 nouveau. Si ce n'est pas le cas, vous devez saisir le nom et le num\u00e9ro que vous souhaitez.<\/p>\n<p>Conseils pour le lavage : Il est recommand\u00e9 de laver les maillots de football \u00e0 la main. Si vous souhaitez utiliser la machine \u00e0 laver, pensez \u00e0 retourner les maillots de football avant de les laver. Remplissez la machine avec de l'eau froide et utilisez un cycle de lavage d\u00e9licat pour mieux prot\u00e9ger les couleurs.<\/p>","protected":false},"excerpt":{"rendered":"<p>Ressentez l'\u00e9nergie avec le maillot ext\u00e9rieur de stade RB Leipzig 21\/22 de Nike, une version fan du maillot port\u00e9e par les professionnels, avec une coupe l\u00e9g\u00e8rement d\u00e9contract\u00e9e. Le maillot ext\u00e9rieur de stade RB Leipzig 21\/22 de Nike a \u00e9t\u00e9 sp\u00e9cialement con\u00e7u pour les fans et se compose d'un mat\u00e9riau l\u00e9ger Nike Breathe, qui vous garde frais et \u00e0 l'aise, que vous souteniez votre h\u00e9ros [\u2026]<\/p>","protected":false},"featured_media":3950,"comment_status":"open","ping_status":"closed","template":"","meta":[],"product_brand":[],"product_cat":[185],"product_tag":[20,21,22,23,24,186,187],"class_list":{"0":"post-3909","1":"product","2":"type-product","3":"status-publish","4":"has-post-thumbnail","6":"product_cat-rb-leipzig","7":"product_tag-coole-fussballtrikots","8":"product_tag-fussballtrikot-fuer-herren","9":"product_tag-fussballtrikot-guenstig-kaufen","10":"product_tag-fussballtrikot-kurzarm","11":"product_tag-guenstiges-fussballtrikot","12":"product_tag-rb-leipzig-auswaertstrikot","13":"product_tag-rb-leipzig-trikots","15":"first","16":"instock","17":"shipping-taxable","18":"purchasable","19":"product-type-variable"},"_links":{"self":[{"href":"https:\/\/www.billigtrikotde.com\/fr\/wp-json\/wp\/v2\/product\/3909","targetHints":{"allow":["GET"]}}],"collection":[{"href":"https:\/\/www.billigtrikotde.com\/fr\/wp-json\/wp\/v2\/product"}],"about":[{"href":"https:\/\/www.billigtrikotde.com\/fr\/wp-json\/wp\/v2\/types\/product"}],"replies":[{"embeddable":true,"href":"https:\/\/www.billigtrikotde.com\/fr\/wp-json\/wp\/v2\/comments?post=3909"}],"wp:featuredmedia":[{"embeddable":true,"href":"https:\/\/www.billigtrikotde.com\/fr\/wp-json\/wp\/v2\/media\/3950"}],"wp:attachment":[{"href":"https:\/\/www.billigtrikotde.com\/fr\/wp-json\/wp\/v2\/media?parent=3909"}],"wp:term":[{"taxonomy":"product_brand","embeddable":true,"href":"https:\/\/www.billigtrikotde.com\/fr\/wp-json\/wp\/v2\/product_brand?post=3909"},{"taxonomy":"product_cat","embeddable":true,"href":"https:\/\/www.billigtrikotde.com\/fr\/wp-json\/wp\/v2\/product_cat?post=3909"},{"taxonomy":"product_tag","embeddable":true,"href":"https:\/\/www.billigtrikotde.com\/fr\/wp-json\/wp\/v2\/product_tag?post=3909"}],"curies":[{"name":"wp","href":"https:\/\/api.w.org\/{rel}","templated":true}]}}