{"id":3894,"date":"2024-10-23T15:23:50","date_gmt":"2024-10-23T13:23:50","guid":{"rendered":"http:\/\/billigtrikots.com\/?post_type=product&#038;p=3894"},"modified":"2024-10-23T15:26:06","modified_gmt":"2024-10-23T13:26:06","slug":"la-galaxy-2021-2022-away-jersey-black-green-with-pavon-10-printing-short-shirt","status":"publish","type":"product","link":"https:\/\/www.billigtrikotde.com\/fr\/la-galaxy-2021-2022-away-jersey-black-green-with-pavon-10-printing-short-shirt\/","title":{"rendered":"LA Galaxy 2021\/2022 Maillot ext\u00e9rieur Noir Vert avec impression PAVON 10"},"content":{"rendered":"<p>Adoptez un nouveau look audacieux et montrez votre soutien au Galaxy avec ce maillot ext\u00e9rieur 2021 d'adidas, qui b\u00e9n\u00e9ficie du d\u00e9veloppement avec la technologie Aeroready qui absorbe l'humidit\u00e9 et s\u00e8che rapidement pour un confort optimal. Le design ray\u00e9 du maillot rend hommage \u00e0 la ville o\u00f9 rien n'est donn\u00e9 et o\u00f9 il faut m\u00e9riter ses rayures, tandis que la marque adidas et l'embl\u00e8me du club compl\u00e8tent le look \u00e9l\u00e9gant parfait pour tout fan du club.<\/p>\n<p>Conseils pour l'impression : Si le nom et le num\u00e9ro figurant sur l'image correspondent exactement \u00e0 ce que vous souhaitez, vous ne devez pas les saisir \u00e0 nouveau. Si ce n'est pas le cas, vous devez saisir le nom et le num\u00e9ro que vous souhaitez.<\/p>\n<p>Conseils pour le lavage : Il est recommand\u00e9 de laver les maillots de football \u00e0 la main. Si vous souhaitez utiliser la machine \u00e0 laver, pensez \u00e0 retourner les maillots de football avant de les laver. Remplissez la machine avec de l'eau froide et utilisez un cycle de lavage d\u00e9licat pour mieux prot\u00e9ger les couleurs.<\/p>","protected":false},"excerpt":{"rendered":"<p>Get a bold new look and showcase your support for The Galaxy with this 2021 Away Shirt from adidas which benefits from being developed with Aeroready technology which absorbs moisture and dries quickly for optimal comfort. The jersey\u2019s striped design pays tribute to the city where nothing is given and you have to earn your [&hellip;]<\/p>","protected":false},"featured_media":3937,"comment_status":"open","ping_status":"closed","template":"","meta":[],"product_brand":[],"product_cat":[182],"product_tag":[20,21,22,23,24,183,184],"class_list":{"0":"post-3894","1":"product","2":"type-product","3":"status-publish","4":"has-post-thumbnail","6":"product_cat-la-galaxy","7":"product_tag-coole-fussballtrikots","8":"product_tag-fussballtrikot-fuer-herren","9":"product_tag-fussballtrikot-guenstig-kaufen","10":"product_tag-fussballtrikot-kurzarm","11":"product_tag-guenstiges-fussballtrikot","12":"product_tag-la-galaxy-away-shirt","13":"product_tag-la-galaxy-trikots","15":"first","16":"instock","17":"shipping-taxable","18":"purchasable","19":"product-type-variable"},"_links":{"self":[{"href":"https:\/\/www.billigtrikotde.com\/fr\/wp-json\/wp\/v2\/product\/3894","targetHints":{"allow":["GET"]}}],"collection":[{"href":"https:\/\/www.billigtrikotde.com\/fr\/wp-json\/wp\/v2\/product"}],"about":[{"href":"https:\/\/www.billigtrikotde.com\/fr\/wp-json\/wp\/v2\/types\/product"}],"replies":[{"embeddable":true,"href":"https:\/\/www.billigtrikotde.com\/fr\/wp-json\/wp\/v2\/comments?post=3894"}],"wp:featuredmedia":[{"embeddable":true,"href":"https:\/\/www.billigtrikotde.com\/fr\/wp-json\/wp\/v2\/media\/3937"}],"wp:attachment":[{"href":"https:\/\/www.billigtrikotde.com\/fr\/wp-json\/wp\/v2\/media?parent=3894"}],"wp:term":[{"taxonomy":"product_brand","embeddable":true,"href":"https:\/\/www.billigtrikotde.com\/fr\/wp-json\/wp\/v2\/product_brand?post=3894"},{"taxonomy":"product_cat","embeddable":true,"href":"https:\/\/www.billigtrikotde.com\/fr\/wp-json\/wp\/v2\/product_cat?post=3894"},{"taxonomy":"product_tag","embeddable":true,"href":"https:\/\/www.billigtrikotde.com\/fr\/wp-json\/wp\/v2\/product_tag?post=3894"}],"curies":[{"name":"wp","href":"https:\/\/api.w.org\/{rel}","templated":true}]}}