{"id":3884,"date":"2024-10-23T15:23:18","date_gmt":"2024-10-23T13:23:18","guid":{"rendered":"http:\/\/billigtrikots.com\/?post_type=product&#038;p=3884"},"modified":"2024-10-23T15:25:30","modified_gmt":"2024-10-23T13:25:30","slug":"orlando-city-2021-22-home-thick-n-thin-kit-purple-gradient-design","status":"publish","type":"product","link":"https:\/\/www.billigtrikotde.com\/fr\/orlando-city-2021-22-home-thick-n-thin-kit-purple-gradient-design\/","title":{"rendered":"Orlando City 2021\/22 Home \"Thick N Thin\" Kit Purple Gradient Design"},"content":{"rendered":"<p>Le maillot domicile 2021 d'Orlando City pr\u00e9sente un d\u00e9grad\u00e9 de couleurs qui combine deux tons de violet - il est plus fonc\u00e9 en haut et plus clair et satur\u00e9 en bas.<\/p>\n<p>En ce qui concerne le mod\u00e8le, le maillot Orlando City 2021 a le m\u00eame col que le maillot domicile des Portland Timbers.<\/p>\n<p>Nous souhaitons que les fans c\u00e9l\u00e8brent leur fandom en adaptant et en personnalisant certains produits. Pour ces produits personnalisables, y compris les maillots, nous demandons aux clients de nous indiquer comment ils souhaitent que leur nom ou autre texte pr\u00e9f\u00e9r\u00e9 apparaisse en saisissant ce texte dans le champ indiqu\u00e9. Toutefois, ce n'est pas parce qu'un client peut saisir un texte de personnalisation sugg\u00e9r\u00e9 dans le champ et finaliser sa commande sur le site Web que tous les textes de personnalisation sugg\u00e9r\u00e9s sont accept\u00e9s. Veuillez noter que Fanatics peut refuser et annuler toute commande individuelle pour quelque raison que ce soit, y compris les messages consid\u00e9r\u00e9s comme offensants ou inappropri\u00e9s. Vous \u00eates un grand fan d'Orlando City SC et chaque fois qu'ils sont sur le terrain, vous \u00eates branch\u00e9. Assurez-vous d'\u00eatre correctement \u00e9quip\u00e9 en vous emparant de ce maillot 2021 Thick N Thin Custom ! C'est excitant d'\u00eatre un supporter convaincu d'Orlando City SC, et vous serez le plus grand dans ce maillot adidas aux graphismes d'\u00e9quipe tr\u00e8s nets et \u00e0 la technologie innovante qui vous permettra d'encourager votre \u00e9quipe \u00e0 gagner.<\/p>","protected":false},"excerpt":{"rendered":"<p>Das Orlando City 2021 Heimtrikot weist einen Farbverlauf auf, der zwei Lilat\u00f6ne kombiniert \u2013 es ist oben dunkler und im unteren Teil heller und ges\u00e4ttigter. In Bezug auf das Template hat das Orlando City 2021 Trikot den gleichen Kragen wie das Portland Timbers Heimtrikot. Wir m\u00f6chten, dass Fans ihr Fandom feiern, indem sie bestimmte Produkte [&hellip;]<\/p>","protected":false},"featured_media":3925,"comment_status":"open","ping_status":"closed","template":"","meta":[],"product_brand":[],"product_cat":[179],"product_tag":[20,21,22,23,24,180,181],"class_list":{"0":"post-3884","1":"product","2":"type-product","3":"status-publish","4":"has-post-thumbnail","6":"product_cat-orlando-city-sc","7":"product_tag-coole-fussballtrikots","8":"product_tag-fussballtrikot-fuer-herren","9":"product_tag-fussballtrikot-guenstig-kaufen","10":"product_tag-fussballtrikot-kurzarm","11":"product_tag-guenstiges-fussballtrikot","12":"product_tag-orlando-city-heimtrikot","13":"product_tag-orlando-city-trikots","15":"first","16":"instock","17":"shipping-taxable","18":"purchasable","19":"product-type-variable"},"_links":{"self":[{"href":"https:\/\/www.billigtrikotde.com\/fr\/wp-json\/wp\/v2\/product\/3884","targetHints":{"allow":["GET"]}}],"collection":[{"href":"https:\/\/www.billigtrikotde.com\/fr\/wp-json\/wp\/v2\/product"}],"about":[{"href":"https:\/\/www.billigtrikotde.com\/fr\/wp-json\/wp\/v2\/types\/product"}],"replies":[{"embeddable":true,"href":"https:\/\/www.billigtrikotde.com\/fr\/wp-json\/wp\/v2\/comments?post=3884"}],"wp:featuredmedia":[{"embeddable":true,"href":"https:\/\/www.billigtrikotde.com\/fr\/wp-json\/wp\/v2\/media\/3925"}],"wp:attachment":[{"href":"https:\/\/www.billigtrikotde.com\/fr\/wp-json\/wp\/v2\/media?parent=3884"}],"wp:term":[{"taxonomy":"product_brand","embeddable":true,"href":"https:\/\/www.billigtrikotde.com\/fr\/wp-json\/wp\/v2\/product_brand?post=3884"},{"taxonomy":"product_cat","embeddable":true,"href":"https:\/\/www.billigtrikotde.com\/fr\/wp-json\/wp\/v2\/product_cat?post=3884"},{"taxonomy":"product_tag","embeddable":true,"href":"https:\/\/www.billigtrikotde.com\/fr\/wp-json\/wp\/v2\/product_tag?post=3884"}],"curies":[{"name":"wp","href":"https:\/\/api.w.org\/{rel}","templated":true}]}}