{"id":3874,"date":"2024-10-23T15:22:44","date_gmt":"2024-10-23T13:22:44","guid":{"rendered":"http:\/\/billigtrikots.com\/?post_type=product&#038;p=3874"},"modified":"2024-10-23T15:24:55","modified_gmt":"2024-10-23T13:24:55","slug":"orlando-city-sc-mueller-9-purple-2021-thick-n-thin-player-jersey","status":"publish","type":"product","link":"https:\/\/www.billigtrikotde.com\/fr\/orlando-city-sc-mueller-9-purple-2021-thick-n-thin-player-jersey\/","title":{"rendered":"Orlando City SC MUELLER 9 Violet Maillot de joueur \u00e9pais et fin 2021"},"content":{"rendered":"<p>Vous \u00eates un grand fan d'Orlando City SC, et chaque fois qu'ils sont sur le terrain, vous \u00eates accord\u00e9. Assurez-vous d'\u00eatre \u00e9quip\u00e9 correctement en vous procurant ce maillot Nani 2021 Thick N Thin Player ! C'est excitant d'\u00eatre un fan convaincu d'Orlando City SC, et vous serez le plus grand dans ce maillot adidas aux graphismes d'\u00e9quipe tr\u00e8s nets et \u00e0 la technologie innovante qui vous permettra d'encourager votre \u00e9quipe \u00e0 gagner.<\/p>\n<p>Nous souhaitons que les fans c\u00e9l\u00e8brent leur fandom en adaptant et en personnalisant certains produits. Pour ces produits personnalisables, y compris les maillots, nous demandons aux clients de nous indiquer comment ils souhaitent que leur nom ou autre texte pr\u00e9f\u00e9r\u00e9 apparaisse en saisissant ce texte dans le champ indiqu\u00e9. Toutefois, ce n'est pas parce qu'un client peut saisir un texte de personnalisation sugg\u00e9r\u00e9 dans le champ et finaliser sa commande sur le site Web que tous les textes de personnalisation sugg\u00e9r\u00e9s sont accept\u00e9s. Veuillez noter que Fanatics peut refuser et annuler toute commande individuelle pour quelque raison que ce soit, y compris les messages consid\u00e9r\u00e9s comme offensants ou inappropri\u00e9s. Vous \u00eates un grand fan d'Orlando City SC et chaque fois qu'ils sont sur le terrain, vous \u00eates branch\u00e9. Assurez-vous d'\u00eatre correctement \u00e9quip\u00e9 en vous emparant de ce maillot 2021 Thick N Thin Custom ! C'est excitant d'\u00eatre un supporter convaincu d'Orlando City SC, et vous serez le plus grand dans ce maillot adidas aux graphismes d'\u00e9quipe tr\u00e8s nets et \u00e0 la technologie innovante qui vous permettra d'encourager votre \u00e9quipe \u00e0 gagner.<\/p>","protected":false},"excerpt":{"rendered":"<p>Sie sind ein gro\u00dfer Orlando City SC-Fan, und wann immer sie auf dem Spielfeld sind, sind Sie eingestimmt. Stellen Sie sicher, dass Sie richtig ausgestattet sind, indem Sie sich dieses Nani 2021 Thick N Thin Player Jersey schnappen! Es ist aufregend, ein \u00fcberzeugter Orlando City SC-Fan zu sein, und in diesem adidas-Trikot mit gestochen scharfen [&hellip;]<\/p>","protected":false},"featured_media":3914,"comment_status":"open","ping_status":"closed","template":"","meta":[],"product_brand":[],"product_cat":[179],"product_tag":[20,21,22,23,24,180,181],"class_list":{"0":"post-3874","1":"product","2":"type-product","3":"status-publish","4":"has-post-thumbnail","6":"product_cat-orlando-city-sc","7":"product_tag-coole-fussballtrikots","8":"product_tag-fussballtrikot-fuer-herren","9":"product_tag-fussballtrikot-guenstig-kaufen","10":"product_tag-fussballtrikot-kurzarm","11":"product_tag-guenstiges-fussballtrikot","12":"product_tag-orlando-city-heimtrikot","13":"product_tag-orlando-city-trikots","15":"first","16":"instock","17":"shipping-taxable","18":"purchasable","19":"product-type-variable"},"_links":{"self":[{"href":"https:\/\/www.billigtrikotde.com\/fr\/wp-json\/wp\/v2\/product\/3874","targetHints":{"allow":["GET"]}}],"collection":[{"href":"https:\/\/www.billigtrikotde.com\/fr\/wp-json\/wp\/v2\/product"}],"about":[{"href":"https:\/\/www.billigtrikotde.com\/fr\/wp-json\/wp\/v2\/types\/product"}],"replies":[{"embeddable":true,"href":"https:\/\/www.billigtrikotde.com\/fr\/wp-json\/wp\/v2\/comments?post=3874"}],"wp:featuredmedia":[{"embeddable":true,"href":"https:\/\/www.billigtrikotde.com\/fr\/wp-json\/wp\/v2\/media\/3914"}],"wp:attachment":[{"href":"https:\/\/www.billigtrikotde.com\/fr\/wp-json\/wp\/v2\/media?parent=3874"}],"wp:term":[{"taxonomy":"product_brand","embeddable":true,"href":"https:\/\/www.billigtrikotde.com\/fr\/wp-json\/wp\/v2\/product_brand?post=3874"},{"taxonomy":"product_cat","embeddable":true,"href":"https:\/\/www.billigtrikotde.com\/fr\/wp-json\/wp\/v2\/product_cat?post=3874"},{"taxonomy":"product_tag","embeddable":true,"href":"https:\/\/www.billigtrikotde.com\/fr\/wp-json\/wp\/v2\/product_tag?post=3874"}],"curies":[{"name":"wp","href":"https:\/\/api.w.org\/{rel}","templated":true}]}}