{"id":3863,"date":"2024-10-23T15:22:15","date_gmt":"2024-10-23T13:22:15","guid":{"rendered":"http:\/\/billigtrikots.com\/?post_type=product&#038;p=3863"},"modified":"2024-10-23T15:24:53","modified_gmt":"2024-10-23T13:24:53","slug":"orlando-city-sc-ruan-2-purple-2021-thick-n-thin-player-jersey","status":"publish","type":"product","link":"https:\/\/www.billigtrikotde.com\/fr\/orlando-city-sc-ruan-2-purple-2021-thick-n-thin-player-jersey\/","title":{"rendered":"Orlando City SC RUAN 2 Violet Maillot de joueur \u00e9pais et fin 2021"},"content":{"rendered":"<p>Vous \u00eates un grand fan d'Orlando City SC, et \u00e0 chaque fois qu'ils sont sur le terrain, vous \u00eates au diapason. Assurez-vous d'\u00eatre bien habill\u00e9 en achetant ce maillot Nani 2021 Thick N Thin Player ! C'est excitant d'\u00eatre un fan d\u00e9vou\u00e9 d'Orlando City SC et vous serez le plus grand dans ce maillot adidas, avec des graphismes de l'\u00e9quipe et des technologies innovantes qui vous permettront de vous sentir \u00e0 l'aise pendant que vous encouragez votre \u00e9quipe \u00e0 la victoire.<\/p>\n<p>Nous voulons que les fans c\u00e9l\u00e8brent leur fandom en customisant et en personnalisant certains produits. Pour ces produits personnalisables, y compris les maillots, nous invitons les clients \u00e0 nous dire comment ils aimeraient que leur nom pr\u00e9f\u00e9r\u00e9 ou un autre texte apparaisse en tapant ce texte dans le champ indiqu\u00e9. Toutefois, ce n'est pas parce qu'un client est en mesure d'inscrire le texte de personnalisation propos\u00e9 dans le champ et qu'il est en mesure de passer la commande par le biais du site web que tous les textes de personnalisation propos\u00e9s seront accept\u00e9s. Please note, Fanatics may reject and cancel any reason, including for messages that are deemed offensive or inappropriate.You're a huge Orlando City SC fan, and when they're on the pitch, you're tuned in. Assurez-vous d'\u00eatre correctement \u00e9quip\u00e9 en vous procurant ce maillot 2021 Thick N Thin Custom ! C'est excitant d'\u00eatre un fan d\u00e9vou\u00e9 d'Orlando City SC et vous serez le plus grand dans ce maillot adidas, avec des graphismes de l'\u00e9quipe et des technologies innovantes qui vous permettront de vous sentir \u00e0 l'aise lorsque vous encouragerez votre \u00e9quipe \u00e0 la victoire.<\/p>","protected":false},"excerpt":{"rendered":"<p>You\u2019re a huge Orlando City SC fan, and whenever they\u2019re on the pitch, you\u2019re tuned in. Be sure you\u2019re outfitted properly by grabbing this Nani 2021 Thick N Thin Player Jersey! It\u2019s exciting being a devout Orlando City SC fan and you\u2019ll be the biggest one around in this adidas jersey, featuring crisp team graphics [&hellip;]<\/p>","protected":false},"featured_media":3903,"comment_status":"open","ping_status":"closed","template":"","meta":[],"product_brand":[],"product_cat":[179],"product_tag":[20,21,22,23,24,180,181],"class_list":{"0":"post-3863","1":"product","2":"type-product","3":"status-publish","4":"has-post-thumbnail","6":"product_cat-orlando-city-sc","7":"product_tag-coole-fussballtrikots","8":"product_tag-fussballtrikot-fuer-herren","9":"product_tag-fussballtrikot-guenstig-kaufen","10":"product_tag-fussballtrikot-kurzarm","11":"product_tag-guenstiges-fussballtrikot","12":"product_tag-orlando-city-heimtrikot","13":"product_tag-orlando-city-trikots","15":"first","16":"instock","17":"shipping-taxable","18":"purchasable","19":"product-type-variable"},"_links":{"self":[{"href":"https:\/\/www.billigtrikotde.com\/fr\/wp-json\/wp\/v2\/product\/3863","targetHints":{"allow":["GET"]}}],"collection":[{"href":"https:\/\/www.billigtrikotde.com\/fr\/wp-json\/wp\/v2\/product"}],"about":[{"href":"https:\/\/www.billigtrikotde.com\/fr\/wp-json\/wp\/v2\/types\/product"}],"replies":[{"embeddable":true,"href":"https:\/\/www.billigtrikotde.com\/fr\/wp-json\/wp\/v2\/comments?post=3863"}],"wp:featuredmedia":[{"embeddable":true,"href":"https:\/\/www.billigtrikotde.com\/fr\/wp-json\/wp\/v2\/media\/3903"}],"wp:attachment":[{"href":"https:\/\/www.billigtrikotde.com\/fr\/wp-json\/wp\/v2\/media?parent=3863"}],"wp:term":[{"taxonomy":"product_brand","embeddable":true,"href":"https:\/\/www.billigtrikotde.com\/fr\/wp-json\/wp\/v2\/product_brand?post=3863"},{"taxonomy":"product_cat","embeddable":true,"href":"https:\/\/www.billigtrikotde.com\/fr\/wp-json\/wp\/v2\/product_cat?post=3863"},{"taxonomy":"product_tag","embeddable":true,"href":"https:\/\/www.billigtrikotde.com\/fr\/wp-json\/wp\/v2\/product_tag?post=3863"}],"curies":[{"name":"wp","href":"https:\/\/api.w.org\/{rel}","templated":true}]}}