{"id":3861,"date":"2024-10-23T15:22:13","date_gmt":"2024-10-23T13:22:13","guid":{"rendered":"http:\/\/billigtrikots.com\/?post_type=product&#038;p=3861"},"modified":"2024-10-23T15:24:20","modified_gmt":"2024-10-23T13:24:20","slug":"orlando-city-sc-nani-17-purple-2021-thick-n-thin-player-jersey","status":"publish","type":"product","link":"https:\/\/www.billigtrikotde.com\/fr\/orlando-city-sc-nani-17-purple-2021-thick-n-thin-player-jersey\/","title":{"rendered":"Orlando City SC Nani 17# Violet 2021 Maillot de joueur Thick N Thin"},"content":{"rendered":"<p>\u00c0 travers les hauts et les bas. Montrant les couleurs violettes signatures d\u2019Orlando City, ce maillot de football adidas arbore un design estomp\u00e9 qui capture l\u2019atmosph\u00e8re cr\u00e9pitante d\u2019un Camping World Stadium rempli de fum\u00e9e. En plus d\u2019honorer les fans fid\u00e8les du club, il dispose d\u2019un tissu \u00e9vacuant la sueur AEROREADY et d\u2019un \u00e9cusson tiss\u00e9 premium.<\/p>\n<p>Nous voulons que les fans c\u00e9l\u00e8brent leur fandom en customisant et en personnalisant certains produits. Pour ces produits personnalisables, y compris les maillots, nous invitons les clients \u00e0 nous dire comment ils aimeraient que leur nom pr\u00e9f\u00e9r\u00e9 ou un autre texte apparaisse en tapant ce texte dans le champ indiqu\u00e9. Toutefois, ce n'est pas parce qu'un client est en mesure d'inscrire le texte de personnalisation propos\u00e9 dans le champ et qu'il est en mesure de passer la commande par le biais du site web que tous les textes de personnalisation propos\u00e9s seront accept\u00e9s. Please note, Fanatics may reject and cancel any reason, including for messages that are deemed offensive or inappropriate.You're a huge Orlando City SC fan, and when they're on the pitch, you're tuned in. Assurez-vous d'\u00eatre correctement \u00e9quip\u00e9 en vous procurant ce maillot 2021 Thick N Thin Custom ! C'est excitant d'\u00eatre un fan d\u00e9vou\u00e9 d'Orlando City SC et vous serez le plus grand dans ce maillot adidas, avec des graphismes de l'\u00e9quipe et des technologies innovantes qui vous permettront de vous sentir \u00e0 l'aise lorsque vous encouragerez votre \u00e9quipe \u00e0 la victoire.<\/p>","protected":false},"excerpt":{"rendered":"<p>Through thick and thin. Showing off Orlando City\u2019s signature purple colors, this adidas soccer jersey\u2019s faded design captures the crackling atmosphere of a smoke-filled Camping World Stadium. In addition to paying tribute to the club\u2019s loyal fans, it features sweat-wicking AEROREADY and a premium woven badge. We want fans to celebrate their fandom by customizing [\u2026]<\/p>","protected":false},"featured_media":3902,"comment_status":"open","ping_status":"closed","template":"","meta":[],"product_brand":[],"product_cat":[179],"product_tag":[20,21,22,23,24,180,181],"class_list":{"0":"post-3861","1":"product","2":"type-product","3":"status-publish","4":"has-post-thumbnail","6":"product_cat-orlando-city-sc","7":"product_tag-coole-fussballtrikots","8":"product_tag-fussballtrikot-fuer-herren","9":"product_tag-fussballtrikot-guenstig-kaufen","10":"product_tag-fussballtrikot-kurzarm","11":"product_tag-guenstiges-fussballtrikot","12":"product_tag-orlando-city-heimtrikot","13":"product_tag-orlando-city-trikots","15":"first","16":"instock","17":"shipping-taxable","18":"purchasable","19":"product-type-variable"},"_links":{"self":[{"href":"https:\/\/www.billigtrikotde.com\/fr\/wp-json\/wp\/v2\/product\/3861","targetHints":{"allow":["GET"]}}],"collection":[{"href":"https:\/\/www.billigtrikotde.com\/fr\/wp-json\/wp\/v2\/product"}],"about":[{"href":"https:\/\/www.billigtrikotde.com\/fr\/wp-json\/wp\/v2\/types\/product"}],"replies":[{"embeddable":true,"href":"https:\/\/www.billigtrikotde.com\/fr\/wp-json\/wp\/v2\/comments?post=3861"}],"wp:featuredmedia":[{"embeddable":true,"href":"https:\/\/www.billigtrikotde.com\/fr\/wp-json\/wp\/v2\/media\/3902"}],"wp:attachment":[{"href":"https:\/\/www.billigtrikotde.com\/fr\/wp-json\/wp\/v2\/media?parent=3861"}],"wp:term":[{"taxonomy":"product_brand","embeddable":true,"href":"https:\/\/www.billigtrikotde.com\/fr\/wp-json\/wp\/v2\/product_brand?post=3861"},{"taxonomy":"product_cat","embeddable":true,"href":"https:\/\/www.billigtrikotde.com\/fr\/wp-json\/wp\/v2\/product_cat?post=3861"},{"taxonomy":"product_tag","embeddable":true,"href":"https:\/\/www.billigtrikotde.com\/fr\/wp-json\/wp\/v2\/product_tag?post=3861"}],"curies":[{"name":"wp","href":"https:\/\/api.w.org\/{rel}","templated":true}]}}