{"id":3857,"date":"2024-10-23T15:22:10","date_gmt":"2024-10-23T13:22:10","guid":{"rendered":"http:\/\/billigtrikots.com\/?post_type=product&#038;p=3857"},"modified":"2024-10-23T15:24:18","modified_gmt":"2024-10-23T13:24:18","slug":"fussballtrikots-tottenham-hotspur-heimtrikot-2021-22-weiss-mit-aufdruck-ndombele-28","status":"publish","type":"product","link":"https:\/\/www.billigtrikotde.com\/fr\/fussballtrikots-tottenham-hotspur-heimtrikot-2021-22-weiss-mit-aufdruck-ndombele-28\/","title":{"rendered":"Maillots de football Tottenham Hotspur domicile 2021\/22 blanc avec impression NDOMBELE 28"},"content":{"rendered":"<p>Soutenez Tottenham Hotspur lors de la saison 2021\/2022 et montrez votre fiert\u00e9 dans le maillot domicile Nike Replica officiel.<\/p>\n<p>Le design authentique du maillot domicile pour hommes est bas\u00e9 sur les maillots de match des professionnels. Le mat\u00e9riau fonctionnel l\u00e9ger avec la technologie Dri-FIT est particuli\u00e8rement respirant et procure une sensation de fra\u00eecheur au port\u00e9. Des d\u00e9tails signature de l'\u00e9quipe tels que l'embl\u00e8me sur la poitrine ne laissent aucun doute sur votre soutien aux Spurs.<\/p>\n<p>Conseils pour l'impression : Si le nom et le num\u00e9ro figurant sur l'image correspondent exactement \u00e0 ce que vous souhaitez, vous ne devez pas les saisir \u00e0 nouveau. Si ce n'est pas le cas, vous devez saisir le nom et le num\u00e9ro que vous souhaitez.<\/p>\n<p>Conseils pour le lavage : Il est recommand\u00e9 de laver les maillots de football \u00e0 la main. Si vous souhaitez utiliser la machine \u00e0 laver, pensez \u00e0 retourner les maillots de football avant de les laver. Remplissez la machine avec de l'eau froide et utilisez un cycle de lavage d\u00e9licat pour mieux prot\u00e9ger les couleurs.<\/p>","protected":false},"excerpt":{"rendered":"<p>Soutenez Tottenham Hotspur lors de la saison 2022 et montrez votre fiert\u00e9 avec le maillot domicile officiel Nike Replica. Le design authentique du maillot domicile pour enfants est bas\u00e9 sur les maillots de jeu des professionnels. Le mat\u00e9riau fonctionnel l\u00e9ger avec la technologie Dri-FIT est particuli\u00e8rement respirant et procure une sensation de fra\u00eecheur lors du port. Des d\u00e9tails signature de l'\u00e9quipe comme l'embl\u00e8me sur la poitrine ne laissent aucun doute, que vous soutenez les Spurs.<\/p>","protected":false},"featured_media":3899,"comment_status":"open","ping_status":"closed","template":"","meta":[],"product_brand":[],"product_cat":[178],"product_tag":[20,21,22,23,24,106,104],"class_list":{"0":"post-3857","1":"product","2":"type-product","3":"status-publish","4":"has-post-thumbnail","6":"product_cat-tottenham-hotspur","7":"product_tag-coole-fussballtrikots","8":"product_tag-fussballtrikot-fuer-herren","9":"product_tag-fussballtrikot-guenstig-kaufen","10":"product_tag-fussballtrikot-kurzarm","11":"product_tag-guenstiges-fussballtrikot","12":"product_tag-tottenham-hotspur-heimtrikot","13":"product_tag-tottenham-hotspur-trikots","15":"first","16":"instock","17":"shipping-taxable","18":"purchasable","19":"product-type-variable"},"_links":{"self":[{"href":"https:\/\/www.billigtrikotde.com\/fr\/wp-json\/wp\/v2\/product\/3857","targetHints":{"allow":["GET"]}}],"collection":[{"href":"https:\/\/www.billigtrikotde.com\/fr\/wp-json\/wp\/v2\/product"}],"about":[{"href":"https:\/\/www.billigtrikotde.com\/fr\/wp-json\/wp\/v2\/types\/product"}],"replies":[{"embeddable":true,"href":"https:\/\/www.billigtrikotde.com\/fr\/wp-json\/wp\/v2\/comments?post=3857"}],"wp:featuredmedia":[{"embeddable":true,"href":"https:\/\/www.billigtrikotde.com\/fr\/wp-json\/wp\/v2\/media\/3899"}],"wp:attachment":[{"href":"https:\/\/www.billigtrikotde.com\/fr\/wp-json\/wp\/v2\/media?parent=3857"}],"wp:term":[{"taxonomy":"product_brand","embeddable":true,"href":"https:\/\/www.billigtrikotde.com\/fr\/wp-json\/wp\/v2\/product_brand?post=3857"},{"taxonomy":"product_cat","embeddable":true,"href":"https:\/\/www.billigtrikotde.com\/fr\/wp-json\/wp\/v2\/product_cat?post=3857"},{"taxonomy":"product_tag","embeddable":true,"href":"https:\/\/www.billigtrikotde.com\/fr\/wp-json\/wp\/v2\/product_tag?post=3857"}],"curies":[{"name":"wp","href":"https:\/\/api.w.org\/{rel}","templated":true}]}}