{"id":381,"date":"2024-10-23T12:16:30","date_gmt":"2024-10-23T10:16:30","guid":{"rendered":"http:\/\/billigtrikots.com\/?post_type=product&#038;p=381"},"modified":"2024-10-23T12:48:25","modified_gmt":"2024-10-23T10:48:25","slug":"fc-barcelona-21-22-herren-heimtrikot-blau-rot-mit-coutinho-14-individualdruck-gelb","status":"publish","type":"product","link":"https:\/\/www.billigtrikotde.com\/fr\/fc-barcelona-21-22-herren-heimtrikot-blau-rot-mit-coutinho-14-individualdruck-gelb\/","title":{"rendered":"FC Barcelone 21\/22 Hommes Maillot domicile bleu\/rouge avec Coutinho 14 impression individuelle jaune"},"content":{"rendered":"<p>Voici le maillot domicile homme Nike FC Barcelone 2021\/22, avec un design classique dans un nouveau look. Saisissez-le d\u00e8s maintenant et procurez-vous le maillot qui vous rapproche de vos idoles !<\/p>\n<p>Avec le nouveau maillot dans le look original de vos h\u00e9ros Messi, Su\u00e1rez, Demb\u00e9l\u00e9 et Cie, vous rendez hommage \u00e0 votre \u00e9quipe favorite. Le maillot se pr\u00e9sente dans les couleurs domicile traditionnelles avec des d\u00e9tails officiels du club. Ainsi, vous montrez d\u00e8s le premier coup d'\u0153il pour quelle \u00e9quipe votre c\u0153ur bat. Bien s\u00fbr, le l\u00e9gendaire Swoosh de Nike ne doit pas manquer, apportant un contraste de couleur appropri\u00e9 pour un effet visuel suppl\u00e9mentaire.<\/p>\n<p>Mais ce n\u2019est pas seulement le design qui impressionne. La coupe r\u00e9guli\u00e8re est un peu plus large que celle du maillot de joueur. Le Stadium Jersey vous offre ainsi un confort de port optimal, ainsi qu\u2019une libert\u00e9 de mouvement absolue pour performer toujours parfaitement. La qualit\u00e9 Dri-Fit qui \u00e9vacue la transpiration vous offre \u00e9galement un confort de port de premier ordre et vous maintient au sec m\u00eame dans des situations turbulentes \u2013 que ce soit lors des c\u00e9l\u00e9brations de fans ou lors de votre entra\u00eenement personnel.<\/p>\n<p>N\u2019attendez plus et commandez d\u00e8s maintenant ! Vous ne devriez absolument pas manquer le maillot domicile homme Nike FC Barcelone 2021\/22. Avec lui, vous montrez toujours votre reconnaissance et votre fiert\u00e9 pour votre \u00e9quipe !<\/p>\n<p>Conseils pour l'impression : Si le nom et le num\u00e9ro figurant sur l'image correspondent exactement \u00e0 ce que vous souhaitez, vous ne devez pas les saisir \u00e0 nouveau. Si ce n'est pas le cas, vous devez saisir le nom et le num\u00e9ro que vous souhaitez.<\/p>\n<p>Conseils pour le lavage : Il est recommand\u00e9 de laver les maillots de football \u00e0 la main. Si vous souhaitez utiliser la machine \u00e0 laver, pensez \u00e0 retourner les maillots de football avant de les laver. Remplissez la machine avec de l'eau froide et utilisez un cycle de lavage d\u00e9licat pour mieux prot\u00e9ger les couleurs.<\/p>","protected":false},"excerpt":{"rendered":"<p>Hier kommt das Nike FC Barcelona Herren Heim Trikot 2021\/22 und mit ihm ein klassisches Design im neuen Look. Greif gleich zu und hol dir das Trikot, das dich deinen Idolen ganz nah sein l\u00e4sst! Mit dem neuen Trikot im Original Look deiner Helden Messi, Su\u00e1rez, Demb\u00e9l\u00e9 und Co, zollst du deiner Lieblingself vollen Tribut. [&hellip;]<\/p>","protected":false},"featured_media":418,"comment_status":"open","ping_status":"closed","template":"","meta":[],"product_brand":[],"product_cat":[31],"product_tag":[32,20,33,21,22,23,24],"class_list":{"0":"post-381","1":"product","2":"type-product","3":"status-publish","4":"has-post-thumbnail","6":"product_cat-fc-barcelona","7":"product_tag-barcelona-heimtrikot","8":"product_tag-coole-fussballtrikots","9":"product_tag-fc-barcelona-trikots","10":"product_tag-fussballtrikot-fuer-herren","11":"product_tag-fussballtrikot-guenstig-kaufen","12":"product_tag-fussballtrikot-kurzarm","13":"product_tag-guenstiges-fussballtrikot","15":"first","16":"instock","17":"shipping-taxable","18":"purchasable","19":"product-type-variable"},"_links":{"self":[{"href":"https:\/\/www.billigtrikotde.com\/fr\/wp-json\/wp\/v2\/product\/381","targetHints":{"allow":["GET"]}}],"collection":[{"href":"https:\/\/www.billigtrikotde.com\/fr\/wp-json\/wp\/v2\/product"}],"about":[{"href":"https:\/\/www.billigtrikotde.com\/fr\/wp-json\/wp\/v2\/types\/product"}],"replies":[{"embeddable":true,"href":"https:\/\/www.billigtrikotde.com\/fr\/wp-json\/wp\/v2\/comments?post=381"}],"wp:featuredmedia":[{"embeddable":true,"href":"https:\/\/www.billigtrikotde.com\/fr\/wp-json\/wp\/v2\/media\/418"}],"wp:attachment":[{"href":"https:\/\/www.billigtrikotde.com\/fr\/wp-json\/wp\/v2\/media?parent=381"}],"wp:term":[{"taxonomy":"product_brand","embeddable":true,"href":"https:\/\/www.billigtrikotde.com\/fr\/wp-json\/wp\/v2\/product_brand?post=381"},{"taxonomy":"product_cat","embeddable":true,"href":"https:\/\/www.billigtrikotde.com\/fr\/wp-json\/wp\/v2\/product_cat?post=381"},{"taxonomy":"product_tag","embeddable":true,"href":"https:\/\/www.billigtrikotde.com\/fr\/wp-json\/wp\/v2\/product_tag?post=381"}],"curies":[{"name":"wp","href":"https:\/\/api.w.org\/{rel}","templated":true}]}}