{"id":3716,"date":"2024-10-23T15:15:28","date_gmt":"2024-10-23T13:15:28","guid":{"rendered":"http:\/\/billigtrikots.com\/?post_type=product&#038;p=3716"},"modified":"2024-10-23T15:17:34","modified_gmt":"2024-10-23T13:17:34","slug":"liverpool-fc-stadium-ausweichtrikot-2021-22-gelb-rot-fussball-trikotsatz-lovren-6","status":"publish","type":"product","link":"https:\/\/www.billigtrikotde.com\/fr\/liverpool-fc-stadium-ausweichtrikot-2021-22-gelb-rot-fussball-trikotsatz-lovren-6\/","title":{"rendered":"Liverpool FC Stadium Maillot \u00c9chapp\u00e9e 2021\/22 jaune-rouge Football Jeu de maillots LOVREN 6"},"content":{"rendered":"<p>Repr\u00e9sente ton \u00e9quipe dans le maillot de Liverpool d\u2019omission. Le mat\u00e9riau extr\u00eamement respirant conduit la transpiration vers la peau et procure ainsi un confort frais quel que soit le lieu, sur le terrain ou dans les tribunes.<\/p>\n<p>Confort sec \u00e0 porter<\/p>\n<p>La technologie Nike Dri-FIT \u00e9vacue la transpiration de la peau, permettant une \u00e9vaporation rapide, pour un confort sec \u00e0 porter.<\/p>\n<p>Confort frais \u00e0 porter<\/p>\n<p>Le mat\u00e9riau Nike Breathe est particuli\u00e8rement respirant et procure une sensation de fra\u00eecheur lors du port.<\/p>\n<p>Conseils pour l'impression : Si le nom et le num\u00e9ro figurant sur l'image correspondent exactement \u00e0 ce que vous souhaitez, vous ne devez pas les saisir \u00e0 nouveau. Si ce n'est pas le cas, vous devez saisir le nom et le num\u00e9ro que vous souhaitez.<\/p>\n<p>Conseils pour le lavage : Il est recommand\u00e9 de laver les maillots de football \u00e0 la main. Si vous souhaitez utiliser la machine \u00e0 laver, pensez \u00e0 retourner les maillots de football avant de les laver. Remplissez la machine avec de l'eau froide et utilisez un cycle de lavage d\u00e9licat pour mieux prot\u00e9ger les couleurs.<\/p>","protected":false},"excerpt":{"rendered":"<p>Repr\u00e9sente ton \u00e9quipe dans le maillot d&#039;ext\u00e9rieur de Liverpool. Le mat\u00e9riau extr\u00eamement respirant \u00e9vacue la transpiration de la peau et assure ainsi un confort de port frais \u2013 que ce soit sur le terrain ou dans les tribunes. Confort de port sec La technologie Nike Dri-FIT \u00e9loigne la transpiration de la peau, ce qui permet une \u00e9vaporation rapide et offre ainsi un confort de port sec. Confort de port plus frais Le [\u2026]<\/p>","protected":false},"featured_media":3756,"comment_status":"open","ping_status":"closed","template":"","meta":[],"product_brand":[],"product_cat":[176],"product_tag":[20,21,22,23,24,177,153],"class_list":{"0":"post-3716","1":"product","2":"type-product","3":"status-publish","4":"has-post-thumbnail","6":"product_cat-liverpool-fc","7":"product_tag-coole-fussballtrikots","8":"product_tag-fussballtrikot-fuer-herren","9":"product_tag-fussballtrikot-guenstig-kaufen","10":"product_tag-fussballtrikot-kurzarm","11":"product_tag-guenstiges-fussballtrikot","12":"product_tag-liverpool-ausweichtrikot","13":"product_tag-liverpool-trikots","15":"first","16":"instock","17":"shipping-taxable","18":"purchasable","19":"product-type-variable"},"_links":{"self":[{"href":"https:\/\/www.billigtrikotde.com\/fr\/wp-json\/wp\/v2\/product\/3716","targetHints":{"allow":["GET"]}}],"collection":[{"href":"https:\/\/www.billigtrikotde.com\/fr\/wp-json\/wp\/v2\/product"}],"about":[{"href":"https:\/\/www.billigtrikotde.com\/fr\/wp-json\/wp\/v2\/types\/product"}],"replies":[{"embeddable":true,"href":"https:\/\/www.billigtrikotde.com\/fr\/wp-json\/wp\/v2\/comments?post=3716"}],"wp:featuredmedia":[{"embeddable":true,"href":"https:\/\/www.billigtrikotde.com\/fr\/wp-json\/wp\/v2\/media\/3756"}],"wp:attachment":[{"href":"https:\/\/www.billigtrikotde.com\/fr\/wp-json\/wp\/v2\/media?parent=3716"}],"wp:term":[{"taxonomy":"product_brand","embeddable":true,"href":"https:\/\/www.billigtrikotde.com\/fr\/wp-json\/wp\/v2\/product_brand?post=3716"},{"taxonomy":"product_cat","embeddable":true,"href":"https:\/\/www.billigtrikotde.com\/fr\/wp-json\/wp\/v2\/product_cat?post=3716"},{"taxonomy":"product_tag","embeddable":true,"href":"https:\/\/www.billigtrikotde.com\/fr\/wp-json\/wp\/v2\/product_tag?post=3716"}],"curies":[{"name":"wp","href":"https:\/\/api.w.org\/{rel}","templated":true}]}}