{"id":3661,"date":"2024-10-23T15:13:10","date_gmt":"2024-10-23T13:13:10","guid":{"rendered":"http:\/\/billigtrikots.com\/?post_type=product&#038;p=3661"},"modified":"2024-10-23T15:15:19","modified_gmt":"2024-10-23T13:15:19","slug":"fc-liverpool-fussball-torwarttrikot-2021-2022-in-schwarz-kurzarm-kurze-hosen","status":"publish","type":"product","link":"https:\/\/www.billigtrikotde.com\/fr\/fc-liverpool-fussball-torwarttrikot-2021-2022-in-schwarz-kurzarm-kurze-hosen\/","title":{"rendered":"Maillot de gardien de but de football FC Liverpool 2021\/2022 en noir manches courtes + short"},"content":{"rendered":"<p>Voici le maillot de sport Nike en noir, qui vous aide \u00e0 soutenir votre club pr\u00e9f\u00e9r\u00e9 en toutes circonstances et \u00e0 montrer ce que votre c\u0153ur ressent. En tant que vrai fan du FC Liverpool, vous avez besoin de ce maillot de sport. Nous recommandons ce mod\u00e8le confortable, respirant, \u00e0 \u00e9vacuation de la sueur et l\u00e9ger, avec son agr\u00e9able sensation lors du port. Il se d\u00e9marque visuellement par un blason du club sur la poitrine. Ce maillot de gardien est le compagnon id\u00e9al pour vos activit\u00e9s sportives. Dans ce mod\u00e8le noir avec motif \u00e0 carreaux, vous deviendrez un vrai accro de la mode.<\/p>\n<p>Conseils pour l'impression : Si le nom et le num\u00e9ro figurant sur l'image correspondent exactement \u00e0 ce que vous souhaitez, vous ne devez pas les saisir \u00e0 nouveau. Si ce n'est pas le cas, vous devez saisir le nom et le num\u00e9ro que vous souhaitez.<\/p>\n<p>Conseils pour le lavage : Il est recommand\u00e9 de laver les maillots de football \u00e0 la main. Si vous souhaitez utiliser la machine \u00e0 laver, pensez \u00e0 retourner les maillots de football avant de les laver. Remplissez la machine avec de l'eau froide et utilisez un cycle de lavage d\u00e9licat pour mieux prot\u00e9ger les couleurs.<\/p>","protected":false},"excerpt":{"rendered":"<p>Hier kommt das Nike Sportshirt in Schwarz, das dir hilft, deinen Lieblingsverein in jeder Lage zu unterst\u00fctzen und zu zeigen, wof\u00fcr dein Herz schl\u00e4gt. Als echter FC Liverpool-Fan brauchst du dieses Sportshirt. Wir empfehlen dieses bequeme, atmungsaktive, schwei\u00dfableitende und leichte Modell mit dem angenehmen Tragegef\u00fchl. Es besticht optisch mit einem Vereinswappen auf der Brust. Dieses [&hellip;]<\/p>","protected":false},"featured_media":3698,"comment_status":"open","ping_status":"closed","template":"","meta":[],"product_brand":[],"product_cat":[176],"product_tag":[20,35,21,23,24,155],"class_list":{"0":"post-3661","1":"product","2":"type-product","3":"status-publish","4":"has-post-thumbnail","6":"product_cat-liverpool-fc","7":"product_tag-coole-fussballtrikots","8":"product_tag-fussball-torwarttrikots","9":"product_tag-fussballtrikot-fuer-herren","10":"product_tag-fussballtrikot-kurzarm","11":"product_tag-guenstiges-fussballtrikot","12":"product_tag-liverpool-torwarttrikot","14":"first","15":"instock","16":"shipping-taxable","17":"purchasable","18":"product-type-variable"},"_links":{"self":[{"href":"https:\/\/www.billigtrikotde.com\/fr\/wp-json\/wp\/v2\/product\/3661","targetHints":{"allow":["GET"]}}],"collection":[{"href":"https:\/\/www.billigtrikotde.com\/fr\/wp-json\/wp\/v2\/product"}],"about":[{"href":"https:\/\/www.billigtrikotde.com\/fr\/wp-json\/wp\/v2\/types\/product"}],"replies":[{"embeddable":true,"href":"https:\/\/www.billigtrikotde.com\/fr\/wp-json\/wp\/v2\/comments?post=3661"}],"wp:featuredmedia":[{"embeddable":true,"href":"https:\/\/www.billigtrikotde.com\/fr\/wp-json\/wp\/v2\/media\/3698"}],"wp:attachment":[{"href":"https:\/\/www.billigtrikotde.com\/fr\/wp-json\/wp\/v2\/media?parent=3661"}],"wp:term":[{"taxonomy":"product_brand","embeddable":true,"href":"https:\/\/www.billigtrikotde.com\/fr\/wp-json\/wp\/v2\/product_brand?post=3661"},{"taxonomy":"product_cat","embeddable":true,"href":"https:\/\/www.billigtrikotde.com\/fr\/wp-json\/wp\/v2\/product_cat?post=3661"},{"taxonomy":"product_tag","embeddable":true,"href":"https:\/\/www.billigtrikotde.com\/fr\/wp-json\/wp\/v2\/product_tag?post=3661"}],"curies":[{"name":"wp","href":"https:\/\/api.w.org\/{rel}","templated":true}]}}