{"id":3653,"date":"2024-10-23T15:12:40","date_gmt":"2024-10-23T13:12:40","guid":{"rendered":"http:\/\/billigtrikots.com\/?post_type=product&#038;p=3653"},"modified":"2024-10-23T15:14:48","modified_gmt":"2024-10-23T13:14:48","slug":"fc-liverpool-2021-2022-orange-goalkeeper-shirt-shorts-with-a-becker-1-printing","status":"publish","type":"product","link":"https:\/\/www.billigtrikotde.com\/fr\/fc-liverpool-2021-2022-orange-goalkeeper-shirt-shorts-with-a-becker-1-printing\/","title":{"rendered":"FC Liverpool 2021\/2022 Orange Goalkeeper Shirt + Short avec A.BECKER 1 printing"},"content":{"rendered":"<p>Pour les vrais fans du FC Liverpool, un incontournable : le maillot de sport au design original. Nous recommandons ce mod\u00e8le l\u00e9ger, tr\u00e8s confortable, respirant et \u00e9vacuant la transpiration, avec une sensation agr\u00e9able lors du port. Il se distingue visuellement par un blason du club sur la poitrine. Avec ce maillot, vous \u00eates parfaitement pr\u00e9par\u00e9 pour chaque entra\u00eenement et match. Faites de ce haut de sport orange \u00e0 motif carreaux votre compagnon fid\u00e8le.<\/p>\n<p>Conseils pour l'impression : Si le nom et le num\u00e9ro figurant sur l'image correspondent exactement \u00e0 ce que vous souhaitez, vous ne devez pas les saisir \u00e0 nouveau. Si ce n'est pas le cas, vous devez saisir le nom et le num\u00e9ro que vous souhaitez.<\/p>\n<p>Conseils pour le lavage : Il est recommand\u00e9 de laver les maillots de football \u00e0 la main. Si vous souhaitez utiliser la machine \u00e0 laver, pensez \u00e0 retourner les maillots de football avant de les laver. Remplissez la machine avec de l'eau froide et utilisez un cycle de lavage d\u00e9licat pour mieux prot\u00e9ger les couleurs.<\/p>","protected":false},"excerpt":{"rendered":"<p>Pour les vrais fans du FC Liverpool, un incontournable : le maillot de sport au design original. Nous recommandons ce mod\u00e8le l\u00e9ger, tr\u00e8s confortable, respirant et \u00e9vacuant la transpiration, avec une sensation agr\u00e9able lors du port. Il se distingue visuellement par un blason du club sur la poitrine. Avec ce maillot, vous \u00eates parfaitement pr\u00e9par\u00e9 pour chaque entra\u00eenement et match. Faites de ce haut de sport orange \u00e0 motif carreaux votre compagnon fid\u00e8le.<\/p>","protected":false},"featured_media":3696,"comment_status":"open","ping_status":"closed","template":"","meta":[],"product_brand":[],"product_cat":[176],"product_tag":[20,35,21,23,24,155],"class_list":{"0":"post-3653","1":"product","2":"type-product","3":"status-publish","4":"has-post-thumbnail","6":"product_cat-liverpool-fc","7":"product_tag-coole-fussballtrikots","8":"product_tag-fussball-torwarttrikots","9":"product_tag-fussballtrikot-fuer-herren","10":"product_tag-fussballtrikot-kurzarm","11":"product_tag-guenstiges-fussballtrikot","12":"product_tag-liverpool-torwarttrikot","14":"first","15":"instock","16":"shipping-taxable","17":"purchasable","18":"product-type-variable"},"_links":{"self":[{"href":"https:\/\/www.billigtrikotde.com\/fr\/wp-json\/wp\/v2\/product\/3653","targetHints":{"allow":["GET"]}}],"collection":[{"href":"https:\/\/www.billigtrikotde.com\/fr\/wp-json\/wp\/v2\/product"}],"about":[{"href":"https:\/\/www.billigtrikotde.com\/fr\/wp-json\/wp\/v2\/types\/product"}],"replies":[{"embeddable":true,"href":"https:\/\/www.billigtrikotde.com\/fr\/wp-json\/wp\/v2\/comments?post=3653"}],"wp:featuredmedia":[{"embeddable":true,"href":"https:\/\/www.billigtrikotde.com\/fr\/wp-json\/wp\/v2\/media\/3696"}],"wp:attachment":[{"href":"https:\/\/www.billigtrikotde.com\/fr\/wp-json\/wp\/v2\/media?parent=3653"}],"wp:term":[{"taxonomy":"product_brand","embeddable":true,"href":"https:\/\/www.billigtrikotde.com\/fr\/wp-json\/wp\/v2\/product_brand?post=3653"},{"taxonomy":"product_cat","embeddable":true,"href":"https:\/\/www.billigtrikotde.com\/fr\/wp-json\/wp\/v2\/product_cat?post=3653"},{"taxonomy":"product_tag","embeddable":true,"href":"https:\/\/www.billigtrikotde.com\/fr\/wp-json\/wp\/v2\/product_tag?post=3653"}],"curies":[{"name":"wp","href":"https:\/\/api.w.org\/{rel}","templated":true}]}}