{"id":3629,"date":"2024-10-23T15:11:33","date_gmt":"2024-10-23T13:11:33","guid":{"rendered":"http:\/\/billigtrikots.com\/?post_type=product&#038;p=3629"},"modified":"2024-10-23T15:13:43","modified_gmt":"2024-10-23T13:13:43","slug":"fc-bayern-muenchen-3rd-herren-trikot-21-22-ausweichtrikot-weiss-mit-aufdruck-nianzou-23","status":"publish","type":"product","link":"https:\/\/www.billigtrikotde.com\/fr\/fc-bayern-muenchen-3rd-herren-trikot-21-22-ausweichtrikot-weiss-mit-aufdruck-nianzou-23\/","title":{"rendered":"FC Bayern Munich 3rd Maillot Hommes 21\/22 \u00c9quipement blanc avec impression Nianzou 23"},"content":{"rendered":"<p>Depuis Munich, les montagnes ne sont pas loin. Pas \u00e9tonnant que l\u2019\u00e9quipement d\u2019identification adidas FC Bayern M\u00fcnchen soit inspir\u00e9 par les Alpes. Le maillot de fan est dot\u00e9 de la technologie AEROREADY qui absorbe l\u2019humidit\u00e9 pour un confort optimal. Bien s\u00fbr, l\u2019inscription \u00ab Mia san Mia \u00bb dans la nuque ne doit pas manquer.<\/p>\n<p>Conseils pour l'impression : Si le nom et le num\u00e9ro figurant sur l'image correspondent exactement \u00e0 ce que vous souhaitez, vous ne devez pas les saisir \u00e0 nouveau. Si ce n'est pas le cas, vous devez saisir le nom et le num\u00e9ro que vous souhaitez.<\/p>\n<p>Conseils pour le lavage : Il est recommand\u00e9 de laver les maillots de football \u00e0 la main. Si vous souhaitez utiliser la machine \u00e0 laver, pensez \u00e0 retourner les maillots de football avant de les laver. Remplissez la machine avec de l'eau froide et utilisez un cycle de lavage d\u00e9licat pour mieux prot\u00e9ger les couleurs.<\/p>","protected":false},"excerpt":{"rendered":"<p>Depuis Munich, les montagnes ne sont pas loin. Pas \u00e9tonnant que l\u2019\u00e9quipement d\u2019identification d\u2019adidas FC Bayern M\u00fcnchen soit inspir\u00e9 par les Alpes. Le maillot des fans est dot\u00e9 de la technologie absorbant l\u2019humidit\u00e9 AEROREADY pour un confort de port. Bien s\u00fbr, l\u2019inscription \u00ab Mia san mia \u00bb dans la nuque ne doit pas manquer. Conseils d\u2019impression : lorsque le nom et le num\u00e9ro sur le [\u2026]<\/p>","protected":false},"featured_media":3669,"comment_status":"open","ping_status":"closed","template":"","meta":[],"product_brand":[],"product_cat":[175],"product_tag":[139,137,20,21,22,23,24],"class_list":{"0":"post-3629","1":"product","2":"type-product","3":"status-publish","4":"has-post-thumbnail","6":"product_cat-bayern-munich","7":"product_tag-bayern-muenchen-ausweichtrikot","8":"product_tag-bayern-muenchen-trikots","9":"product_tag-coole-fussballtrikots","10":"product_tag-fussballtrikot-fuer-herren","11":"product_tag-fussballtrikot-guenstig-kaufen","12":"product_tag-fussballtrikot-kurzarm","13":"product_tag-guenstiges-fussballtrikot","15":"first","16":"instock","17":"shipping-taxable","18":"purchasable","19":"product-type-variable"},"_links":{"self":[{"href":"https:\/\/www.billigtrikotde.com\/fr\/wp-json\/wp\/v2\/product\/3629","targetHints":{"allow":["GET"]}}],"collection":[{"href":"https:\/\/www.billigtrikotde.com\/fr\/wp-json\/wp\/v2\/product"}],"about":[{"href":"https:\/\/www.billigtrikotde.com\/fr\/wp-json\/wp\/v2\/types\/product"}],"replies":[{"embeddable":true,"href":"https:\/\/www.billigtrikotde.com\/fr\/wp-json\/wp\/v2\/comments?post=3629"}],"wp:featuredmedia":[{"embeddable":true,"href":"https:\/\/www.billigtrikotde.com\/fr\/wp-json\/wp\/v2\/media\/3669"}],"wp:attachment":[{"href":"https:\/\/www.billigtrikotde.com\/fr\/wp-json\/wp\/v2\/media?parent=3629"}],"wp:term":[{"taxonomy":"product_brand","embeddable":true,"href":"https:\/\/www.billigtrikotde.com\/fr\/wp-json\/wp\/v2\/product_brand?post=3629"},{"taxonomy":"product_cat","embeddable":true,"href":"https:\/\/www.billigtrikotde.com\/fr\/wp-json\/wp\/v2\/product_cat?post=3629"},{"taxonomy":"product_tag","embeddable":true,"href":"https:\/\/www.billigtrikotde.com\/fr\/wp-json\/wp\/v2\/product_tag?post=3629"}],"curies":[{"name":"wp","href":"https:\/\/api.w.org\/{rel}","templated":true}]}}