{"id":3588,"date":"2024-10-23T15:09:50","date_gmt":"2024-10-23T13:09:50","guid":{"rendered":"http:\/\/billigtrikots.com\/?post_type=product&#038;p=3588"},"modified":"2025-06-09T04:42:51","modified_gmt":"2025-06-09T02:42:51","slug":"kindertrikot-fc-arsenal-afc-heimtrikot-2022-kinder-rot-weiss","status":"publish","type":"product","link":"https:\/\/www.billigtrikotde.com\/fr\/kindertrikot-fc-arsenal-afc-heimtrikot-2022-kinder-rot-weiss\/","title":{"rendered":"Maillot Enfant FC Arsenal AFC domicile 2022 Enfant rouge\/blanc"},"content":{"rendered":"<p>Blancs inserts et d\u00e9tails bleu marine ? Cela rappelle imm\u00e9diatement une \u00e9poque o\u00f9 le FC Arsenal ne pouvait pratiquement pas perdre. Avec ce maillot de football adidas pour enfants et adolescents, tu c\u00e9l\u00e8bres les temps dor\u00e9s tout en restant particuli\u00e8rement confortable. Il est en mati\u00e8re douce et est \u00e9quip\u00e9 de la technologie AEROREADY absorbant l'humidit\u00e9. Le logo du club tiss\u00e9 sur la poitrine indique \u00e9galement pour quel club bat ton c\u0153ur. Ce produit est Primegreen : fabriqu\u00e9 avec divers mat\u00e9riaux recycl\u00e9s fonctionnels.<\/p>\n<p>Conseils pour l'impression : Si le nom et le num\u00e9ro figurant sur l'image correspondent exactement \u00e0 ce que vous souhaitez, vous ne devez pas les saisir \u00e0 nouveau. Si ce n'est pas le cas, vous devez saisir le nom et le num\u00e9ro que vous souhaitez.<\/p>\n<p>Conseils pour le lavage : Il est recommand\u00e9 de laver les maillots de football \u00e0 la main. Si vous souhaitez utiliser la machine \u00e0 laver, pensez \u00e0 retourner les maillots de football avant de les laver. Remplissez la machine avec de l'eau froide et utilisez un cycle de lavage d\u00e9licat pour mieux prot\u00e9ger les couleurs.<\/p>","protected":false},"excerpt":{"rendered":"<p>Wei\u00dfe Eins\u00e4tze und marineblaue Details? Das erinnert sofort an eine \u00c4ra, in der der FC Arsenal praktisch gar nicht verlieren konnte. Mit diesem adidas Fu\u00dfballtrikot f\u00fcr Kinder und Teens feierst du die goldenen Zeiten und hast es dabei besonders bequem. Es ist aus weichem Material und kommt mit feuchtigkeitsabsorbierender AEROREADY Technologie. Das gewebte Vereinslogo auf [&hellip;]<\/p>","protected":false},"featured_media":3622,"comment_status":"open","ping_status":"closed","template":"","meta":[],"product_brand":[],"product_cat":[167],"product_tag":[20,56,57,168,94],"class_list":{"0":"post-3588","1":"product","2":"type-product","3":"status-publish","4":"has-post-thumbnail","6":"product_cat-arsenal-kindertrikot","7":"product_tag-coole-fussballtrikots","8":"product_tag-fc-arsenal-heimtrikot","9":"product_tag-fc-arsenal-trikots","10":"product_tag-fc-arsenal-trikotsatz-fuer-kinder","11":"product_tag-kinder-fussball-trikotsatz","13":"first","14":"instock","15":"shipping-taxable","16":"purchasable","17":"product-type-variable"},"_links":{"self":[{"href":"https:\/\/www.billigtrikotde.com\/fr\/wp-json\/wp\/v2\/product\/3588","targetHints":{"allow":["GET"]}}],"collection":[{"href":"https:\/\/www.billigtrikotde.com\/fr\/wp-json\/wp\/v2\/product"}],"about":[{"href":"https:\/\/www.billigtrikotde.com\/fr\/wp-json\/wp\/v2\/types\/product"}],"replies":[{"embeddable":true,"href":"https:\/\/www.billigtrikotde.com\/fr\/wp-json\/wp\/v2\/comments?post=3588"}],"wp:featuredmedia":[{"embeddable":true,"href":"https:\/\/www.billigtrikotde.com\/fr\/wp-json\/wp\/v2\/media\/3622"}],"wp:attachment":[{"href":"https:\/\/www.billigtrikotde.com\/fr\/wp-json\/wp\/v2\/media?parent=3588"}],"wp:term":[{"taxonomy":"product_brand","embeddable":true,"href":"https:\/\/www.billigtrikotde.com\/fr\/wp-json\/wp\/v2\/product_brand?post=3588"},{"taxonomy":"product_cat","embeddable":true,"href":"https:\/\/www.billigtrikotde.com\/fr\/wp-json\/wp\/v2\/product_cat?post=3588"},{"taxonomy":"product_tag","embeddable":true,"href":"https:\/\/www.billigtrikotde.com\/fr\/wp-json\/wp\/v2\/product_tag?post=3588"}],"curies":[{"name":"wp","href":"https:\/\/api.w.org\/{rel}","templated":true}]}}