{"id":3580,"date":"2024-10-23T15:09:20","date_gmt":"2024-10-23T13:09:20","guid":{"rendered":"http:\/\/billigtrikots.com\/?post_type=product&#038;p=3580"},"modified":"2025-06-09T04:42:51","modified_gmt":"2025-06-09T02:42:51","slug":"fc-arsenal-trikot-home-kinder-2021-22-rot-weiss-mit-david-luiz-23-aufdruck","status":"publish","type":"product","link":"https:\/\/www.billigtrikotde.com\/fr\/fc-arsenal-trikot-home-kinder-2021-22-rot-weiss-mit-david-luiz-23-aufdruck\/","title":{"rendered":"Arsenal FC Maillot Home Enfants 2021\/22 rouge\/blanc Avec Imprim\u00e9 David Luiz 23"},"content":{"rendered":"<p>Le nouveau maillot domicile d'Arsenal d'adidas est dans la couleur rouge et blanche typique de la maison et est orn\u00e9 de d\u00e9tails d'\u00e9quipe fiers, comme le logo original du club. Le logo adidas et les marques des sponsors s'int\u00e8grent parfaitement dans le maillot.<\/p>\n<p>Fabriqu\u00e9 en mati\u00e8re Aeroready qui \u00e9vacue l'humidit\u00e9, le nouveau maillot d'Arsenal pour enfants t'offre un confort sec et frais. De plus, le maillot domicile est compos\u00e9 de 100% de fibres de polyester recycl\u00e9es (Primegreen), ce qui le rend non seulement ind\u00e9formable et durable, mais aussi durable ! L\u00e9g\u00e8rement plus large que le maillot des joueurs, il offre une coupe parfaite et une grande libert\u00e9 de mouvement dans toutes les directions.<\/p>\n<p>En tant que vrai fan, tu dois absolument avoir le maillot domicile adidas Arsenal FC enfants 2021\/22 ! Commande-le d\u00e8s aujourd'hui !<\/p>\n<p>Conseils pour l'impression : Si le nom et le num\u00e9ro figurant sur l'image correspondent exactement \u00e0 ce que vous souhaitez, vous ne devez pas les saisir \u00e0 nouveau. Si ce n'est pas le cas, vous devez saisir le nom et le num\u00e9ro que vous souhaitez.<\/p>\n<p>Conseils pour le lavage : Il est recommand\u00e9 de laver les maillots de football \u00e0 la main. Si vous souhaitez utiliser la machine \u00e0 laver, pensez \u00e0 retourner les maillots de football avant de les laver. Remplissez la machine avec de l'eau froide et utilisez un cycle de lavage d\u00e9licat pour mieux prot\u00e9ger les couleurs.<\/p>","protected":false},"excerpt":{"rendered":"<p>Le nouveau maillot domicile d'Arsenal adidas arrive dans les traditionnels coloris rouge et blanc et est orn\u00e9 de d\u00e9tails d'\u00e9quipe fi\u00e8rement affich\u00e9s, comme le logo officiel du club. De plus, le logo adidas, ainsi que les du sponsor s'int\u00e8grent harmonieusement et compl\u00e8tent le maillot. Fabriqu\u00e9 en mati\u00e8re Aeroready \u00e0 l'\u00e9vacuation de l'humidit\u00e9, le nouveau maillot domicile enfant d'Arsenal offre un confort sec et frais \u00e0 porter. De plus, il comprend [\u2026]<\/p>","protected":false},"featured_media":3620,"comment_status":"open","ping_status":"closed","template":"","meta":[],"product_brand":[],"product_cat":[167],"product_tag":[20,56,57,168,94],"class_list":{"0":"post-3580","1":"product","2":"type-product","3":"status-publish","4":"has-post-thumbnail","6":"product_cat-arsenal-kindertrikot","7":"product_tag-coole-fussballtrikots","8":"product_tag-fc-arsenal-heimtrikot","9":"product_tag-fc-arsenal-trikots","10":"product_tag-fc-arsenal-trikotsatz-fuer-kinder","11":"product_tag-kinder-fussball-trikotsatz","13":"first","14":"instock","15":"shipping-taxable","16":"purchasable","17":"product-type-variable"},"_links":{"self":[{"href":"https:\/\/www.billigtrikotde.com\/fr\/wp-json\/wp\/v2\/product\/3580","targetHints":{"allow":["GET"]}}],"collection":[{"href":"https:\/\/www.billigtrikotde.com\/fr\/wp-json\/wp\/v2\/product"}],"about":[{"href":"https:\/\/www.billigtrikotde.com\/fr\/wp-json\/wp\/v2\/types\/product"}],"replies":[{"embeddable":true,"href":"https:\/\/www.billigtrikotde.com\/fr\/wp-json\/wp\/v2\/comments?post=3580"}],"wp:featuredmedia":[{"embeddable":true,"href":"https:\/\/www.billigtrikotde.com\/fr\/wp-json\/wp\/v2\/media\/3620"}],"wp:attachment":[{"href":"https:\/\/www.billigtrikotde.com\/fr\/wp-json\/wp\/v2\/media?parent=3580"}],"wp:term":[{"taxonomy":"product_brand","embeddable":true,"href":"https:\/\/www.billigtrikotde.com\/fr\/wp-json\/wp\/v2\/product_brand?post=3580"},{"taxonomy":"product_cat","embeddable":true,"href":"https:\/\/www.billigtrikotde.com\/fr\/wp-json\/wp\/v2\/product_cat?post=3580"},{"taxonomy":"product_tag","embeddable":true,"href":"https:\/\/www.billigtrikotde.com\/fr\/wp-json\/wp\/v2\/product_tag?post=3580"}],"curies":[{"name":"wp","href":"https:\/\/api.w.org\/{rel}","templated":true}]}}