{"id":3544,"date":"2024-10-23T15:07:42","date_gmt":"2024-10-23T13:07:42","guid":{"rendered":"http:\/\/billigtrikots.com\/?post_type=product&#038;p=3544"},"modified":"2025-06-09T04:42:53","modified_gmt":"2025-06-09T02:42:53","slug":"trikotsatz-fc-arsenal-ausweichtrikot-2021-2022-fuer-kinder-blau","status":"publish","type":"product","link":"https:\/\/www.billigtrikotde.com\/fr\/trikotsatz-fc-arsenal-ausweichtrikot-2021-2022-fuer-kinder-blau\/","title":{"rendered":"Ensemble de maillots FC Arsenal maillot away 2021\/2022 pour enfants Bleu"},"content":{"rendered":"<p>Voici le revival d'un design des ann\u00e9es 90 \u2013 comme un \u00e9clair du pass\u00e9. Ce maillot d\u2019ext\u00e9rieur du FC Arsenal, ici dans la version pour enfants et adolescents, f\u00eate une d\u00e9cennie de succ\u00e8s pour le football et pour adidas. Le maillot de fan associe un look r\u00e9tro inspir\u00e9 par le style Equipment \u00e0 un mat\u00e9riau moderne et fonctionnel avec une technologie absorbante l'humidit\u00e9 AEROREADY. Ce produit est Primegreen: fabriqu\u00e9 avec divers mat\u00e9riaux recycl\u00e9s fonctionnels.<\/p>\n<p>Conseils pour l'impression : Si le nom et le num\u00e9ro figurant sur l'image correspondent exactement \u00e0 ce que vous souhaitez, vous ne devez pas les saisir \u00e0 nouveau. Si ce n'est pas le cas, vous devez saisir le nom et le num\u00e9ro que vous souhaitez.<\/p>\n<p>Conseils pour le lavage : Il est recommand\u00e9 de laver les maillots de football \u00e0 la main. Si vous souhaitez utiliser la machine \u00e0 laver, pensez \u00e0 retourner les maillots de football avant de les laver. Remplissez la machine avec de l'eau froide et utilisez un cycle de lavage d\u00e9licat pour mieux prot\u00e9ger les couleurs.<\/p>","protected":false},"excerpt":{"rendered":"<p>Voici la r\u00e9surgence d\u2019un design des ann\u00e9es 90 \u2013 comme un \u00e9clair du pass\u00e9. Ce maillot d\u2019appoint du FC Arsenal, ici dans la version pour enfants et adolescents, f\u00eate une d\u00e9cennie de succ\u00e8s pour le football et pour adidas. Le maillot fan associe un look r\u00e9tro inspir\u00e9 du style \u00e9quipement \u00e0 un mat\u00e9riau moderne et fonctionnel avec la technologie AEROREADY absorbant l\u2019humidit\u00e9. Ce produit est Primegreen: [\u2026]<\/p>","protected":false},"featured_media":3585,"comment_status":"open","ping_status":"closed","template":"","meta":[],"product_brand":[],"product_cat":[167],"product_tag":[20,169,57,168,94],"class_list":{"0":"post-3544","1":"product","2":"type-product","3":"status-publish","4":"has-post-thumbnail","6":"product_cat-arsenal-kindertrikot","7":"product_tag-coole-fussballtrikots","8":"product_tag-fc-arsenal-ausweichtrikot","9":"product_tag-fc-arsenal-trikots","10":"product_tag-fc-arsenal-trikotsatz-fuer-kinder","11":"product_tag-kinder-fussball-trikotsatz","13":"first","14":"instock","15":"shipping-taxable","16":"purchasable","17":"product-type-variable"},"_links":{"self":[{"href":"https:\/\/www.billigtrikotde.com\/fr\/wp-json\/wp\/v2\/product\/3544","targetHints":{"allow":["GET"]}}],"collection":[{"href":"https:\/\/www.billigtrikotde.com\/fr\/wp-json\/wp\/v2\/product"}],"about":[{"href":"https:\/\/www.billigtrikotde.com\/fr\/wp-json\/wp\/v2\/types\/product"}],"replies":[{"embeddable":true,"href":"https:\/\/www.billigtrikotde.com\/fr\/wp-json\/wp\/v2\/comments?post=3544"}],"wp:featuredmedia":[{"embeddable":true,"href":"https:\/\/www.billigtrikotde.com\/fr\/wp-json\/wp\/v2\/media\/3585"}],"wp:attachment":[{"href":"https:\/\/www.billigtrikotde.com\/fr\/wp-json\/wp\/v2\/media?parent=3544"}],"wp:term":[{"taxonomy":"product_brand","embeddable":true,"href":"https:\/\/www.billigtrikotde.com\/fr\/wp-json\/wp\/v2\/product_brand?post=3544"},{"taxonomy":"product_cat","embeddable":true,"href":"https:\/\/www.billigtrikotde.com\/fr\/wp-json\/wp\/v2\/product_cat?post=3544"},{"taxonomy":"product_tag","embeddable":true,"href":"https:\/\/www.billigtrikotde.com\/fr\/wp-json\/wp\/v2\/product_tag?post=3544"}],"curies":[{"name":"wp","href":"https:\/\/api.w.org\/{rel}","templated":true}]}}