{"id":3540,"date":"2024-10-23T15:07:39","date_gmt":"2024-10-23T13:07:39","guid":{"rendered":"http:\/\/billigtrikots.com\/?post_type=product&#038;p=3540"},"modified":"2024-10-23T15:09:44","modified_gmt":"2024-10-23T13:09:44","slug":"fc-arsenal-london-trikot-3rd-2021-2022-kids-blau-mit-iwobi-17-aufdruck","status":"publish","type":"product","link":"https:\/\/www.billigtrikotde.com\/fr\/fc-arsenal-london-trikot-3rd-2021-2022-kids-blau-mit-iwobi-17-aufdruck\/","title":{"rendered":"Trikot FC Arsenal London 3e maillot 2021\/2022 Kids Bleu avec IWOBI 17"},"content":{"rendered":"<p>Avec le mod\u00e8le super confortable en bleu, m\u00eame les plus jeunes fans montrent leur attachement \u00e0 leur club pr\u00e9f\u00e9r\u00e9. Avec le t-shirt pour enfants de chez adidas, on ne peut vraiment pas se tromper. Montre ton enthousiasme \u2013 avec ce maillot away du FC Arsenal London, tu \u00e9largis ta collection de fans avec un v\u00eatement dans le design original, tel que les joueurs le portent en Premier League. Nous recommandons ce mod\u00e8le respirant et extr\u00eamement confortable avec la sensation de port agr\u00e9able. Le point culminant est atteint par l\u2019\u00e9cusson du club sur la poitrine. Avec ce maillot de sport, tu es parfaitement \u00e9quip\u00e9 pour chaque entra\u00eenement.<\/p>\n<p>Conseils pour l'impression : Si le nom et le num\u00e9ro figurant sur l'image correspondent exactement \u00e0 ce que vous souhaitez, vous ne devez pas les saisir \u00e0 nouveau. Si ce n'est pas le cas, vous devez saisir le nom et le num\u00e9ro que vous souhaitez.<\/p>\n<p>Conseils pour le lavage : Il est recommand\u00e9 de laver les maillots de football \u00e0 la main. Si vous souhaitez utiliser la machine \u00e0 laver, pensez \u00e0 retourner les maillots de football avant de les laver. Remplissez la machine avec de l'eau froide et utilisez un cycle de lavage d\u00e9licat pour mieux prot\u00e9ger les couleurs.<\/p>","protected":false},"excerpt":{"rendered":"<p>Mit dem super bequemen Modell in Blau zeigen auch die j\u00fcngsten Fans ihre Zuneigung zu ihrem Lieblingsverein. Mit dem Kinder-Shirt aus dem Hause adidas kann man wirklich nichts falsch machen. Zeige deine Begeisterung \u2013 mit diesem FC Arsenal London-Ausweich-Shirt erweiterst du deine Fan-Sammlung um ein Kleidungsst\u00fcck im Original-Design, wie es die Spieler in der Premier [&hellip;]<\/p>","protected":false},"featured_media":3583,"comment_status":"open","ping_status":"closed","template":"","meta":[],"product_brand":[],"product_cat":[167],"product_tag":[20,169,57,168,94],"class_list":{"0":"post-3540","1":"product","2":"type-product","3":"status-publish","4":"has-post-thumbnail","6":"product_cat-arsenal-kindertrikot","7":"product_tag-coole-fussballtrikots","8":"product_tag-fc-arsenal-ausweichtrikot","9":"product_tag-fc-arsenal-trikots","10":"product_tag-fc-arsenal-trikotsatz-fuer-kinder","11":"product_tag-kinder-fussball-trikotsatz","13":"first","14":"instock","15":"shipping-taxable","16":"purchasable","17":"product-type-variable"},"_links":{"self":[{"href":"https:\/\/www.billigtrikotde.com\/fr\/wp-json\/wp\/v2\/product\/3540","targetHints":{"allow":["GET"]}}],"collection":[{"href":"https:\/\/www.billigtrikotde.com\/fr\/wp-json\/wp\/v2\/product"}],"about":[{"href":"https:\/\/www.billigtrikotde.com\/fr\/wp-json\/wp\/v2\/types\/product"}],"replies":[{"embeddable":true,"href":"https:\/\/www.billigtrikotde.com\/fr\/wp-json\/wp\/v2\/comments?post=3540"}],"wp:featuredmedia":[{"embeddable":true,"href":"https:\/\/www.billigtrikotde.com\/fr\/wp-json\/wp\/v2\/media\/3583"}],"wp:attachment":[{"href":"https:\/\/www.billigtrikotde.com\/fr\/wp-json\/wp\/v2\/media?parent=3540"}],"wp:term":[{"taxonomy":"product_brand","embeddable":true,"href":"https:\/\/www.billigtrikotde.com\/fr\/wp-json\/wp\/v2\/product_brand?post=3540"},{"taxonomy":"product_cat","embeddable":true,"href":"https:\/\/www.billigtrikotde.com\/fr\/wp-json\/wp\/v2\/product_cat?post=3540"},{"taxonomy":"product_tag","embeddable":true,"href":"https:\/\/www.billigtrikotde.com\/fr\/wp-json\/wp\/v2\/product_tag?post=3540"}],"curies":[{"name":"wp","href":"https:\/\/api.w.org\/{rel}","templated":true}]}}