{"id":3530,"date":"2024-10-23T15:07:04","date_gmt":"2024-10-23T13:07:04","guid":{"rendered":"http:\/\/billigtrikots.com\/?post_type=product&#038;p=3530"},"modified":"2024-10-23T15:09:12","modified_gmt":"2024-10-23T13:09:12","slug":"arsenal-fc-auswaerts-trikot-2021-22-away-shirt-fuer-kinder-gelb","status":"publish","type":"product","link":"https:\/\/www.billigtrikotde.com\/fr\/arsenal-fc-auswaerts-trikot-2021-22-away-shirt-fuer-kinder-gelb\/","title":{"rendered":"Arsenal FC maillot ext\u00e9rieur 2021\/22 Away Shirt pour enfants Jaune"},"content":{"rendered":"<p>Depuis la victoire du double en 1971 jusqu\u2019au l\u00e9gendaire titre de 1989 \u2013 certaines des plus grandes r\u00e9ussites du FC Arsenal ont \u00e9t\u00e9 remport\u00e9es en jaune. Pas \u00e9tonnant que nous ram\u00e8nerions cette couleur sur ce maillot ext\u00e9rieur version enfants, y compris un graphique cannoni\u00e8re tiss\u00e9 pour le style club r\u00e9tro parfait. Le mat\u00e9riau doux et la technologie AEROREADY absorbant l\u2019humidit\u00e9 garantissent une sensation de fra\u00eecheur agr\u00e9able au port\u00e9. Ce produit est Primegreen : fabriqu\u00e9 avec divers mat\u00e9riaux recycl\u00e9s fonctionnels.<\/p>\n<p>Conseils pour l'impression : Si le nom et le num\u00e9ro figurant sur l'image correspondent exactement \u00e0 ce que vous souhaitez, vous ne devez pas les saisir \u00e0 nouveau. Si ce n'est pas le cas, vous devez saisir le nom et le num\u00e9ro que vous souhaitez.<\/p>\n<p>Conseils pour le lavage : Il est recommand\u00e9 de laver les maillots de football \u00e0 la main. Si vous souhaitez utiliser la machine \u00e0 laver, pensez \u00e0 retourner les maillots de football avant de les laver. Remplissez la machine avec de l'eau froide et utilisez un cycle de lavage d\u00e9licat pour mieux prot\u00e9ger les couleurs.<\/p>","protected":false},"excerpt":{"rendered":"<p>Depuis la victoire du doubl\u00e9 en 1971 jusqu'au l\u00e9gendaire titre remport\u00e9 en 1989 \u2013 certains des plus grands succ\u00e8s du FC Arsenal ont \u00e9t\u00e9 remport\u00e9s en jaune. Pas \u00e9tonnant que nous ramenions cette couleur sur ce maillot ext\u00e9rieur dans la version junior, incluant un graphisme de canon tiss\u00e9 pour le style r\u00e9tro parfait du club. Le mat\u00e9riau doux et l'absorption d'humidit\u00e9 [\u2026]<\/p>","protected":false},"featured_media":3571,"comment_status":"open","ping_status":"closed","template":"","meta":[],"product_brand":[],"product_cat":[167],"product_tag":[20,58,57,168,94],"class_list":{"0":"post-3530","1":"product","2":"type-product","3":"status-publish","4":"has-post-thumbnail","6":"product_cat-arsenal-kindertrikot","7":"product_tag-coole-fussballtrikots","8":"product_tag-fc-arsenal-auswaertstrikot","9":"product_tag-fc-arsenal-trikots","10":"product_tag-fc-arsenal-trikotsatz-fuer-kinder","11":"product_tag-kinder-fussball-trikotsatz","13":"first","14":"instock","15":"shipping-taxable","16":"purchasable","17":"product-type-variable"},"_links":{"self":[{"href":"https:\/\/www.billigtrikotde.com\/fr\/wp-json\/wp\/v2\/product\/3530","targetHints":{"allow":["GET"]}}],"collection":[{"href":"https:\/\/www.billigtrikotde.com\/fr\/wp-json\/wp\/v2\/product"}],"about":[{"href":"https:\/\/www.billigtrikotde.com\/fr\/wp-json\/wp\/v2\/types\/product"}],"replies":[{"embeddable":true,"href":"https:\/\/www.billigtrikotde.com\/fr\/wp-json\/wp\/v2\/comments?post=3530"}],"wp:featuredmedia":[{"embeddable":true,"href":"https:\/\/www.billigtrikotde.com\/fr\/wp-json\/wp\/v2\/media\/3571"}],"wp:attachment":[{"href":"https:\/\/www.billigtrikotde.com\/fr\/wp-json\/wp\/v2\/media?parent=3530"}],"wp:term":[{"taxonomy":"product_brand","embeddable":true,"href":"https:\/\/www.billigtrikotde.com\/fr\/wp-json\/wp\/v2\/product_brand?post=3530"},{"taxonomy":"product_cat","embeddable":true,"href":"https:\/\/www.billigtrikotde.com\/fr\/wp-json\/wp\/v2\/product_cat?post=3530"},{"taxonomy":"product_tag","embeddable":true,"href":"https:\/\/www.billigtrikotde.com\/fr\/wp-json\/wp\/v2\/product_tag?post=3530"}],"curies":[{"name":"wp","href":"https:\/\/api.w.org\/{rel}","templated":true}]}}