{"id":3505,"date":"2024-10-23T15:05:55","date_gmt":"2024-10-23T13:05:55","guid":{"rendered":"http:\/\/billigtrikots.com\/?post_type=product&#038;p=3505"},"modified":"2025-10-16T16:04:43","modified_gmt":"2025-10-16T14:04:43","slug":"personalisierbar-kinder-heimtrikot-real-madrid-home-trikot-weiss-blau-2021-22","status":"publish","type":"product","link":"https:\/\/www.billigtrikotde.com\/fr\/personalisierbar-kinder-heimtrikot-real-madrid-home-trikot-weiss-blau-2021-22\/","title":{"rendered":"Maillot domicile personnalisable pour enfants Real Madrid Maillot domicile blanc et bleu 2021\/22"},"content":{"rendered":"<p>Hier kommt die brandneue und hoch offizielle adidas Real Madrid Kinder Heim Short 2021\/22 und mit ihr der authentische Look deiner Lieblingself! In dieser Short bestreiten deine gro\u00dfen Idole alle ihre Heimspiele \u2013 sei stets hautnah dabei und sichere sie dir gleich!<\/p>\n<p>In der neuen Junior Heimshort der \u201eK\u00f6niglichen\u201c zeigst du stets deine Verbundenheit und Loyalit\u00e4t zum gesamten Team rund um Bale, Benzema, Ramos und Co. Sie tr\u00e4gt am rechten Oberschenkel das unverwechselbare Vereinsabzeichen und ist mit dem adidas 3-Streifen-Deisgn und dem adidas Logo verziert. Somit sieht jeder bereits auf den ersten Blick f\u00fcr welche Mannschaft dein Fu\u00dfballerherz schl\u00e4gt!<\/p>\n<p>Gefertigt aus funktionellem, recyceltem und somit h\u00f6chst nachhaltigem Polyester und mit der adidas AEROREADY Technologie ausgestattet, bietet dir die Real Madrid Short auch ein optimales W\u00e4rme- und Feuchtigkeitsmanagement. Ein Mesh-Zwickel sorgt f\u00fcr des Weiteren f\u00fcr h\u00f6chste Atmungsaktivit\u00e4t. So gew\u00e4hrt dir die kurze Hose stets einen angenehm leichten und trockenen Tragekomfort \u2013 egal ob beim Fanjubel oder im eigenen Training!<\/p>\n<p>Conseils pour l'impression : Si le nom et le num\u00e9ro figurant sur l'image correspondent exactement \u00e0 ce que vous souhaitez, vous ne devez pas les saisir \u00e0 nouveau. Si ce n'est pas le cas, vous devez saisir le nom et le num\u00e9ro que vous souhaitez.<\/p>\n<p>Conseils pour le lavage : Il est recommand\u00e9 de laver les maillots de football \u00e0 la main. Si vous souhaitez utiliser la machine \u00e0 laver, pensez \u00e0 retourner les maillots de football avant de les laver. Remplissez la machine avec de l'eau froide et utilisez un cycle de lavage d\u00e9licat pour mieux prot\u00e9ger les couleurs.<\/p>","protected":false},"excerpt":{"rendered":"<p>Voici le tout nouveau et tr\u00e8s officiel short domicile enfants adidas Real Madrid 2021\/22 et avec lui le look authentique de ton petit enchant\u00e9 pr\u00e9f\u00e9r\u00e9! Dans ce short, tes grands idoles disputent tous leurs matchs \u00e0 domicile \u2013 reste toujours pr\u00e8s d'eux et assure-toi-le tout de suite! Dans le nouveau short domicile junior des \u00ab Royals \u00bb, tu montres toujours ton attachement et [\u2026]<\/p>","protected":false},"featured_media":3545,"comment_status":"open","ping_status":"closed","template":"","meta":[],"product_brand":[],"product_cat":[165],"product_tag":[20,21,22,23,24,94,46,47,166],"class_list":{"0":"post-3505","1":"product","2":"type-product","3":"status-publish","4":"has-post-thumbnail","6":"product_cat-real-madrid-kindertrikot","7":"product_tag-coole-fussballtrikots","8":"product_tag-fussballtrikot-fuer-herren","9":"product_tag-fussballtrikot-guenstig-kaufen","10":"product_tag-fussballtrikot-kurzarm","11":"product_tag-guenstiges-fussballtrikot","12":"product_tag-kinder-fussball-trikotsatz","13":"product_tag-real-madrid-heimtrikot","14":"product_tag-real-madrid-trikots","15":"product_tag-real-madrid-trikotsatz-fuer-kinder","17":"first","18":"instock","19":"shipping-taxable","20":"purchasable","21":"product-type-variable"},"_links":{"self":[{"href":"https:\/\/www.billigtrikotde.com\/fr\/wp-json\/wp\/v2\/product\/3505","targetHints":{"allow":["GET"]}}],"collection":[{"href":"https:\/\/www.billigtrikotde.com\/fr\/wp-json\/wp\/v2\/product"}],"about":[{"href":"https:\/\/www.billigtrikotde.com\/fr\/wp-json\/wp\/v2\/types\/product"}],"replies":[{"embeddable":true,"href":"https:\/\/www.billigtrikotde.com\/fr\/wp-json\/wp\/v2\/comments?post=3505"}],"wp:featuredmedia":[{"embeddable":true,"href":"https:\/\/www.billigtrikotde.com\/fr\/wp-json\/wp\/v2\/media\/3545"}],"wp:attachment":[{"href":"https:\/\/www.billigtrikotde.com\/fr\/wp-json\/wp\/v2\/media?parent=3505"}],"wp:term":[{"taxonomy":"product_brand","embeddable":true,"href":"https:\/\/www.billigtrikotde.com\/fr\/wp-json\/wp\/v2\/product_brand?post=3505"},{"taxonomy":"product_cat","embeddable":true,"href":"https:\/\/www.billigtrikotde.com\/fr\/wp-json\/wp\/v2\/product_cat?post=3505"},{"taxonomy":"product_tag","embeddable":true,"href":"https:\/\/www.billigtrikotde.com\/fr\/wp-json\/wp\/v2\/product_tag?post=3505"}],"curies":[{"name":"wp","href":"https:\/\/api.w.org\/{rel}","templated":true}]}}