{"id":3499,"date":"2024-10-23T15:05:25","date_gmt":"2024-10-23T13:05:25","guid":{"rendered":"http:\/\/billigtrikots.com\/?post_type=product&#038;p=3499"},"modified":"2025-10-16T16:04:43","modified_gmt":"2025-10-16T14:04:43","slug":"kinder-heimtrikot-real-madrid-home-trikot-weiss-blau-2021-22-mit-aufdruck-mbappe-7","status":"publish","type":"product","link":"https:\/\/www.billigtrikotde.com\/fr\/kinder-heimtrikot-real-madrid-home-trikot-weiss-blau-2021-22-mit-aufdruck-mbappe-7\/","title":{"rendered":"Maillot domicile pour enfants Real Madrid Maillot domicile blanc et bleu 2021\/22 avec impression Mbapp\u00e9 7"},"content":{"rendered":"<p>Les victoires et succ\u00e8s que l'\u00e9quipe remporte sur le terrain. Ils sont c\u00e9l\u00e9br\u00e9s sur la Plaza de Cibeles devant les fans en liesse. Pas \u00e9tonnant que ce maillot adidas Real Madrid en version pour enfants et adolescents, avec son motif circulaire et spiral\u00e9, soit inspir\u00e9 par cet endroit et ses fontaines. Le design pour les fans est en mat\u00e9riau doux avec la technologie absorbante d'humidit\u00e9 AEROREADY et garantit une sensation agr\u00e9able de s\u00e9cheresse et de confort. Un maillot pour les fans pour c\u00e9l\u00e9brer. Logo du club tiss\u00e9 de Real Madrid. Col rond c\u00f4tel\u00e9. Bords c\u00f4tel\u00e9s. Absorbe l'humidit\u00e9. Coupe r\u00e9guli\u00e8re. Ce produit est Primegreen : fabriqu\u00e9 avec divers mat\u00e9riaux recycl\u00e9s fonctionnels. Mat\u00e9riau : 100% Polyester.<\/p>\n<p>Conseils pour l'impression : Si le nom et le num\u00e9ro figurant sur l'image correspondent exactement \u00e0 ce que vous souhaitez, vous ne devez pas les saisir \u00e0 nouveau. Si ce n'est pas le cas, vous devez saisir le nom et le num\u00e9ro que vous souhaitez.<\/p>\n<p>Conseils pour le lavage : Il est recommand\u00e9 de laver les maillots de football \u00e0 la main. Si vous souhaitez utiliser la machine \u00e0 laver, pensez \u00e0 retourner les maillots de football avant de les laver. Remplissez la machine avec de l'eau froide et utilisez un cycle de lavage d\u00e9licat pour mieux prot\u00e9ger les couleurs.<\/p>","protected":false},"excerpt":{"rendered":"<p>Die Siege und Erfolge f\u00e4hrt die Mannschaft auf dem Spielfeld ein. Gefeiert werden sie auf dem Plaza de Cibeles vor den jubelnden Fans. Kein Wunder, dass dieses adidas Real Madrid Trikot in der Version f\u00fcr Kinder und Teens mit seinem Kreis- und Spiralmuster von diesem Ort und seinen Brunnenfont\u00e4nen inspiriert ist. Das Design f\u00fcr Fans [&hellip;]<\/p>","protected":false},"featured_media":3536,"comment_status":"open","ping_status":"closed","template":"","meta":[],"product_brand":[],"product_cat":[165],"product_tag":[20,21,22,23,24,94,46,47,166],"class_list":{"0":"post-3499","1":"product","2":"type-product","3":"status-publish","4":"has-post-thumbnail","6":"product_cat-real-madrid-kindertrikot","7":"product_tag-coole-fussballtrikots","8":"product_tag-fussballtrikot-fuer-herren","9":"product_tag-fussballtrikot-guenstig-kaufen","10":"product_tag-fussballtrikot-kurzarm","11":"product_tag-guenstiges-fussballtrikot","12":"product_tag-kinder-fussball-trikotsatz","13":"product_tag-real-madrid-heimtrikot","14":"product_tag-real-madrid-trikots","15":"product_tag-real-madrid-trikotsatz-fuer-kinder","17":"first","18":"instock","19":"shipping-taxable","20":"purchasable","21":"product-type-variable"},"_links":{"self":[{"href":"https:\/\/www.billigtrikotde.com\/fr\/wp-json\/wp\/v2\/product\/3499","targetHints":{"allow":["GET"]}}],"collection":[{"href":"https:\/\/www.billigtrikotde.com\/fr\/wp-json\/wp\/v2\/product"}],"about":[{"href":"https:\/\/www.billigtrikotde.com\/fr\/wp-json\/wp\/v2\/types\/product"}],"replies":[{"embeddable":true,"href":"https:\/\/www.billigtrikotde.com\/fr\/wp-json\/wp\/v2\/comments?post=3499"}],"wp:featuredmedia":[{"embeddable":true,"href":"https:\/\/www.billigtrikotde.com\/fr\/wp-json\/wp\/v2\/media\/3536"}],"wp:attachment":[{"href":"https:\/\/www.billigtrikotde.com\/fr\/wp-json\/wp\/v2\/media?parent=3499"}],"wp:term":[{"taxonomy":"product_brand","embeddable":true,"href":"https:\/\/www.billigtrikotde.com\/fr\/wp-json\/wp\/v2\/product_brand?post=3499"},{"taxonomy":"product_cat","embeddable":true,"href":"https:\/\/www.billigtrikotde.com\/fr\/wp-json\/wp\/v2\/product_cat?post=3499"},{"taxonomy":"product_tag","embeddable":true,"href":"https:\/\/www.billigtrikotde.com\/fr\/wp-json\/wp\/v2\/product_tag?post=3499"}],"curies":[{"name":"wp","href":"https:\/\/api.w.org\/{rel}","templated":true}]}}