{"id":3481,"date":"2024-10-23T15:04:43","date_gmt":"2024-10-23T13:04:43","guid":{"rendered":"http:\/\/billigtrikots.com\/?post_type=product&#038;p=3481"},"modified":"2025-10-16T16:04:49","modified_gmt":"2025-10-16T14:04:49","slug":"kinder-junior-fussballtrikot-real-madrid-2021-22-heimtrikot-weiss-blau-mit-aufdruck-marcelo-12","status":"publish","type":"product","link":"https:\/\/www.billigtrikotde.com\/fr\/kinder-junior-fussballtrikot-real-madrid-2021-22-heimtrikot-weiss-blau-mit-aufdruck-marcelo-12\/","title":{"rendered":"Maillot de football junior pour enfants Real Madrid 2021\/22 Maillot domicile blanc et bleu avec impression Marcelo 12"},"content":{"rendered":"<p>Vous gagnez sur le terrain.<\/p>\n<p>Mais sur la Plaza de Cibeles, ils f\u00eatent avec leur famille footballistique.<\/p>\n<p>Les cercles concentriques et le motif spiral\u00e9 de la fontaine sur la place c\u00e9l\u00e8bre de Madrid ont inspir\u00e9 le design de ce maillot Real Madrid junior adidas.<\/p>\n<p>Ce maillot a \u00e9t\u00e9 con\u00e7u pour les fans et offre du confort gr\u00e2ce \u00e0 un mat\u00e9riau doux et \u00e0 la technologie AEROREADY \u00e0 l\u2019\u00e9vacuation de l\u2019humidit\u00e9.<\/p>\n<p>Ce produit est compos\u00e9 de Primegreen, une s\u00e9rie de mat\u00e9riaux recycl\u00e9s haute performance.<\/p>\n<p>Conseils pour l'impression : Si le nom et le num\u00e9ro figurant sur l'image correspondent exactement \u00e0 ce que vous souhaitez, vous ne devez pas les saisir \u00e0 nouveau. Si ce n'est pas le cas, vous devez saisir le nom et le num\u00e9ro que vous souhaitez.<\/p>\n<p>Conseils pour le lavage : Il est recommand\u00e9 de laver les maillots de football \u00e0 la main. Si vous souhaitez utiliser la machine \u00e0 laver, pensez \u00e0 retourner les maillots de football avant de les laver. Remplissez la machine avec de l'eau froide et utilisez un cycle de lavage d\u00e9licat pour mieux prot\u00e9ger les couleurs.<\/p>","protected":false},"excerpt":{"rendered":"<p>Sie gewinnen auf dem Platz. Aber auf der Plaza de Cibeles feiern sie mit ihrer Fu\u00dfballfamilie. Die konzentrischen Kreise und das spiralf\u00f6rmige Muster des Brunnens in Madrids ber\u00fchmtem Quadrat haben das Design dieses adidas Real Madrid Trikots f\u00fcr Junioren inspiriert. Dieses Shirt wurde f\u00fcr Fans gemacht und sorgt mit weichem Material und feuchtigkeitstransportierendem AEROREADY f\u00fcr [&hellip;]<\/p>","protected":false},"featured_media":3522,"comment_status":"open","ping_status":"closed","template":"","meta":[],"product_brand":[],"product_cat":[165],"product_tag":[20,21,22,23,24,94,46,47,166],"class_list":{"0":"post-3481","1":"product","2":"type-product","3":"status-publish","4":"has-post-thumbnail","6":"product_cat-real-madrid-kindertrikot","7":"product_tag-coole-fussballtrikots","8":"product_tag-fussballtrikot-fuer-herren","9":"product_tag-fussballtrikot-guenstig-kaufen","10":"product_tag-fussballtrikot-kurzarm","11":"product_tag-guenstiges-fussballtrikot","12":"product_tag-kinder-fussball-trikotsatz","13":"product_tag-real-madrid-heimtrikot","14":"product_tag-real-madrid-trikots","15":"product_tag-real-madrid-trikotsatz-fuer-kinder","17":"first","18":"instock","19":"shipping-taxable","20":"purchasable","21":"product-type-variable"},"_links":{"self":[{"href":"https:\/\/www.billigtrikotde.com\/fr\/wp-json\/wp\/v2\/product\/3481","targetHints":{"allow":["GET"]}}],"collection":[{"href":"https:\/\/www.billigtrikotde.com\/fr\/wp-json\/wp\/v2\/product"}],"about":[{"href":"https:\/\/www.billigtrikotde.com\/fr\/wp-json\/wp\/v2\/types\/product"}],"replies":[{"embeddable":true,"href":"https:\/\/www.billigtrikotde.com\/fr\/wp-json\/wp\/v2\/comments?post=3481"}],"wp:featuredmedia":[{"embeddable":true,"href":"https:\/\/www.billigtrikotde.com\/fr\/wp-json\/wp\/v2\/media\/3522"}],"wp:attachment":[{"href":"https:\/\/www.billigtrikotde.com\/fr\/wp-json\/wp\/v2\/media?parent=3481"}],"wp:term":[{"taxonomy":"product_brand","embeddable":true,"href":"https:\/\/www.billigtrikotde.com\/fr\/wp-json\/wp\/v2\/product_brand?post=3481"},{"taxonomy":"product_cat","embeddable":true,"href":"https:\/\/www.billigtrikotde.com\/fr\/wp-json\/wp\/v2\/product_cat?post=3481"},{"taxonomy":"product_tag","embeddable":true,"href":"https:\/\/www.billigtrikotde.com\/fr\/wp-json\/wp\/v2\/product_tag?post=3481"}],"curies":[{"name":"wp","href":"https:\/\/api.w.org\/{rel}","templated":true}]}}