{"id":3440,"date":"2024-10-23T15:02:29","date_gmt":"2024-10-23T13:02:29","guid":{"rendered":"http:\/\/billigtrikots.com\/?post_type=product&#038;p=3440"},"modified":"2025-10-16T16:04:54","modified_gmt":"2025-10-16T14:04:54","slug":"real-madrid-auswaertstrikot-set-2021-22-trikots-fuer-kinder-blau","status":"publish","type":"product","link":"https:\/\/www.billigtrikotde.com\/fr\/real-madrid-auswaertstrikot-set-2021-22-trikots-fuer-kinder-blau\/","title":{"rendered":"Ensemble de maillots ext\u00e9rieurs Real Madrid 2021\/22 pour enfants bleu"},"content":{"rendered":"<p>Die Superstars von Real Madrid sind nicht die einzigen K\u00fcnstler, die in Spaniens Hauptstadt ihren Beruf aus\u00fcben. Dieses adidas Fu\u00dfballtrikot f\u00fcr Junioren ist von Graffiti inspiriert, die den grauen Stra\u00dfen der Stadt Farbe verleihen.<\/p>\n<p>Conseils pour l'impression : Si le nom et le num\u00e9ro figurant sur l'image correspondent exactement \u00e0 ce que vous souhaitez, vous ne devez pas les saisir \u00e0 nouveau. Si ce n'est pas le cas, vous devez saisir le nom et le num\u00e9ro que vous souhaitez.<\/p>\n<p>Conseils pour le lavage : Il est recommand\u00e9 de laver les maillots de football \u00e0 la main. Si vous souhaitez utiliser la machine \u00e0 laver, pensez \u00e0 retourner les maillots de football avant de les laver. Remplissez la machine avec de l'eau froide et utilisez un cycle de lavage d\u00e9licat pour mieux prot\u00e9ger les couleurs.<\/p>","protected":false},"excerpt":{"rendered":"<p>Die Superstars von Real Madrid sind nicht die einzigen K\u00fcnstler, die in Spaniens Hauptstadt ihren Beruf aus\u00fcben. Dieses adidas Fu\u00dfballtrikot f\u00fcr Junioren ist von Graffiti inspiriert, die den grauen Stra\u00dfen der Stadt Farbe verleihen. Tipps zum Drucken: Wenn der Name und die Nummer auf dem Bild genau Ihren W\u00fcnschen entsprechen, m\u00fcssen Sie sie nicht erneut [&hellip;]<\/p>","protected":false},"featured_media":3478,"comment_status":"open","ping_status":"closed","template":"","meta":[],"product_brand":[],"product_cat":[165],"product_tag":[20,21,22,23,24,94,49,47,166],"class_list":{"0":"post-3440","1":"product","2":"type-product","3":"status-publish","4":"has-post-thumbnail","6":"product_cat-real-madrid-kindertrikot","7":"product_tag-coole-fussballtrikots","8":"product_tag-fussballtrikot-fuer-herren","9":"product_tag-fussballtrikot-guenstig-kaufen","10":"product_tag-fussballtrikot-kurzarm","11":"product_tag-guenstiges-fussballtrikot","12":"product_tag-kinder-fussball-trikotsatz","13":"product_tag-real-madrid-auswaertstrikot","14":"product_tag-real-madrid-trikots","15":"product_tag-real-madrid-trikotsatz-fuer-kinder","17":"first","18":"instock","19":"shipping-taxable","20":"purchasable","21":"product-type-variable"},"_links":{"self":[{"href":"https:\/\/www.billigtrikotde.com\/fr\/wp-json\/wp\/v2\/product\/3440","targetHints":{"allow":["GET"]}}],"collection":[{"href":"https:\/\/www.billigtrikotde.com\/fr\/wp-json\/wp\/v2\/product"}],"about":[{"href":"https:\/\/www.billigtrikotde.com\/fr\/wp-json\/wp\/v2\/types\/product"}],"replies":[{"embeddable":true,"href":"https:\/\/www.billigtrikotde.com\/fr\/wp-json\/wp\/v2\/comments?post=3440"}],"wp:featuredmedia":[{"embeddable":true,"href":"https:\/\/www.billigtrikotde.com\/fr\/wp-json\/wp\/v2\/media\/3478"}],"wp:attachment":[{"href":"https:\/\/www.billigtrikotde.com\/fr\/wp-json\/wp\/v2\/media?parent=3440"}],"wp:term":[{"taxonomy":"product_brand","embeddable":true,"href":"https:\/\/www.billigtrikotde.com\/fr\/wp-json\/wp\/v2\/product_brand?post=3440"},{"taxonomy":"product_cat","embeddable":true,"href":"https:\/\/www.billigtrikotde.com\/fr\/wp-json\/wp\/v2\/product_cat?post=3440"},{"taxonomy":"product_tag","embeddable":true,"href":"https:\/\/www.billigtrikotde.com\/fr\/wp-json\/wp\/v2\/product_tag?post=3440"}],"curies":[{"name":"wp","href":"https:\/\/api.w.org\/{rel}","templated":true}]}}