{"id":3414,"date":"2024-10-23T15:01:18","date_gmt":"2024-10-23T13:01:18","guid":{"rendered":"http:\/\/billigtrikots.com\/?post_type=product&#038;p=3414"},"modified":"2025-10-16T16:04:58","modified_gmt":"2025-10-16T14:04:58","slug":"real-madrid-auswaertstrikot-set-blau-2021-22-away-trikot-fuer-kinder-mit-aufdruck-alaba-4","status":"publish","type":"product","link":"https:\/\/www.billigtrikotde.com\/fr\/real-madrid-auswaertstrikot-set-blau-2021-22-away-trikot-fuer-kinder-mit-aufdruck-alaba-4\/","title":{"rendered":"Real Madrid away maillot set bleu 2021\/22 maillot ext\u00e9rieur pour enfants avec impression Alaba 4"},"content":{"rendered":"<p>Ce n'est pas seulement les professionnels du Real Madrid qui rendent la vie dans la capitale espagnole plus color\u00e9e. Ce maillot de football adidas en version pour enfants et adolescents est inspir\u00e9 par les graffitis de la sc\u00e8ne street art \u00e0 Madrid. Cela se voit \u00e9galement dans les d\u00e9tails subtils \u2013 l'un d'eux dans la zone du cou. Pour un confort et une sensation de s\u00e9cheresse optimale, le mat\u00e9riau doux est \u00e9galement \u00e9quip\u00e9 de la technologie absorbante d'humidit\u00e9 AEROREADY. Ce produit est Primegreen : fabriqu\u00e9 avec divers mat\u00e9riaux recycl\u00e9s fonctionnels.<\/p>\n<p>Conseils pour l'impression : Si le nom et le num\u00e9ro figurant sur l'image correspondent exactement \u00e0 ce que vous souhaitez, vous ne devez pas les saisir \u00e0 nouveau. Si ce n'est pas le cas, vous devez saisir le nom et le num\u00e9ro que vous souhaitez.<\/p>\n<p>Conseils pour le lavage : Il est recommand\u00e9 de laver les maillots de football \u00e0 la main. Si vous souhaitez utiliser la machine \u00e0 laver, pensez \u00e0 retourner les maillots de football avant de les laver. Remplissez la machine avec de l'eau froide et utilisez un cycle de lavage d\u00e9licat pour mieux prot\u00e9ger les couleurs.<\/p>","protected":false},"excerpt":{"rendered":"<p>Ce n'est pas seulement les professionnels du Real Madrid qui rendent la vie dans la capitale espagnole plus color\u00e9e. Ce maillot de football adidas en version pour enfants et adolescents est inspir\u00e9 par les graffitis de la sc\u00e8ne street art \u00e0 Madrid. Cela se voit aussi dans les d\u00e9tails subtils \u2013 l'un d'eux dans la zone du cou. Pour un confort et une sensation de s\u00e9cheresse optimale, le mat\u00e9riau doux [\u2026]<\/p>","protected":false},"featured_media":3454,"comment_status":"open","ping_status":"closed","template":"","meta":[],"product_brand":[],"product_cat":[165],"product_tag":[20,21,22,23,24,94,49,47,166],"class_list":{"0":"post-3414","1":"product","2":"type-product","3":"status-publish","4":"has-post-thumbnail","6":"product_cat-real-madrid-kindertrikot","7":"product_tag-coole-fussballtrikots","8":"product_tag-fussballtrikot-fuer-herren","9":"product_tag-fussballtrikot-guenstig-kaufen","10":"product_tag-fussballtrikot-kurzarm","11":"product_tag-guenstiges-fussballtrikot","12":"product_tag-kinder-fussball-trikotsatz","13":"product_tag-real-madrid-auswaertstrikot","14":"product_tag-real-madrid-trikots","15":"product_tag-real-madrid-trikotsatz-fuer-kinder","17":"first","18":"instock","19":"shipping-taxable","20":"purchasable","21":"product-type-variable"},"_links":{"self":[{"href":"https:\/\/www.billigtrikotde.com\/fr\/wp-json\/wp\/v2\/product\/3414","targetHints":{"allow":["GET"]}}],"collection":[{"href":"https:\/\/www.billigtrikotde.com\/fr\/wp-json\/wp\/v2\/product"}],"about":[{"href":"https:\/\/www.billigtrikotde.com\/fr\/wp-json\/wp\/v2\/types\/product"}],"replies":[{"embeddable":true,"href":"https:\/\/www.billigtrikotde.com\/fr\/wp-json\/wp\/v2\/comments?post=3414"}],"wp:featuredmedia":[{"embeddable":true,"href":"https:\/\/www.billigtrikotde.com\/fr\/wp-json\/wp\/v2\/media\/3454"}],"wp:attachment":[{"href":"https:\/\/www.billigtrikotde.com\/fr\/wp-json\/wp\/v2\/media?parent=3414"}],"wp:term":[{"taxonomy":"product_brand","embeddable":true,"href":"https:\/\/www.billigtrikotde.com\/fr\/wp-json\/wp\/v2\/product_brand?post=3414"},{"taxonomy":"product_cat","embeddable":true,"href":"https:\/\/www.billigtrikotde.com\/fr\/wp-json\/wp\/v2\/product_cat?post=3414"},{"taxonomy":"product_tag","embeddable":true,"href":"https:\/\/www.billigtrikotde.com\/fr\/wp-json\/wp\/v2\/product_tag?post=3414"}],"curies":[{"name":"wp","href":"https:\/\/api.w.org\/{rel}","templated":true}]}}