{"id":3385,"date":"2024-10-23T15:00:02","date_gmt":"2024-10-23T13:00:02","guid":{"rendered":"http:\/\/billigtrikots.com\/?post_type=product&#038;p=3385"},"modified":"2024-10-23T15:02:19","modified_gmt":"2024-10-23T13:02:19","slug":"personalisierbar-fc-chelsea-auswaertstrikot-2021-22-kinder-gelb-mit-aufdruck-kovacic-17","status":"publish","type":"product","link":"https:\/\/www.billigtrikotde.com\/fr\/personalisierbar-fc-chelsea-auswaertstrikot-2021-22-kinder-gelb-mit-aufdruck-kovacic-17\/","title":{"rendered":"Personnalisable Maillot ext\u00e9rieur Chelsea 2021\/22 pour enfants jaune avec impression Kovacic 17"},"content":{"rendered":"<p>Soutenez le FC Chelsea lors de la saison 2021\/2022 et montrez votre fiert\u00e9 avec le maillot ext\u00e9rieur officiel Nike Replica. Le design authentique du maillot ext\u00e9rieur pour enfants est bas\u00e9 sur les maillots de jeu des professionnels. Le mat\u00e9riau fonctionnel l\u00e9ger avec la technologie Dri-FIT est particuli\u00e8rement respirant et procure une sensation de fra\u00eecheur. Le blason du club sur la poitrine montre votre enthousiasme pour votre \u00e9quipe, que ce soit sur le terrain ou dans la rue.<\/p>\n<p>Conseils pour l'impression : Si le nom et le num\u00e9ro figurant sur l'image correspondent exactement \u00e0 ce que vous souhaitez, vous ne devez pas les saisir \u00e0 nouveau. Si ce n'est pas le cas, vous devez saisir le nom et le num\u00e9ro que vous souhaitez.<\/p>\n<p>Conseils pour le lavage : Il est recommand\u00e9 de laver les maillots de football \u00e0 la main. Si vous souhaitez utiliser la machine \u00e0 laver, pensez \u00e0 retourner les maillots de football avant de les laver. Remplissez la machine avec de l'eau froide et utilisez un cycle de lavage d\u00e9licat pour mieux prot\u00e9ger les couleurs.<\/p>","protected":false},"excerpt":{"rendered":"<p>Soutenez le FC Chelsea lors de la saison 2021\/2022 et montrez votre fiert\u00e9 avec le maillot ext\u00e9rieur officiel en replica Nike. Le design authentique du maillot ext\u00e9rieur pour enfants est bas\u00e9 sur les maillots de jeu des professionnels. Le mat\u00e9riau l\u00e9ger \u00e0 fonction avec technologie Dri-FIT est particuli\u00e8rement respirant et assure une sensation de fra\u00eecheur. Le blason du club sur la poitrine montre votre enthousiasme pour votre [\u2026]<\/p>","protected":false},"featured_media":3420,"comment_status":"open","ping_status":"closed","template":"","meta":[],"product_brand":[],"product_cat":[162],"product_tag":[20,76,73,163,21,22,23,24,94],"class_list":{"0":"post-3385","1":"product","2":"type-product","3":"status-publish","4":"has-post-thumbnail","6":"product_cat-chelsea-kindertrikot","7":"product_tag-coole-fussballtrikots","8":"product_tag-chelsea-auswaertstrikot","9":"product_tag-chelsea-trikots","10":"product_tag-chelsea-trikotsatz-fuer-kinder","11":"product_tag-fussballtrikot-fuer-herren","12":"product_tag-fussballtrikot-guenstig-kaufen","13":"product_tag-fussballtrikot-kurzarm","14":"product_tag-guenstiges-fussballtrikot","15":"product_tag-kinder-fussball-trikotsatz","17":"first","18":"instock","19":"shipping-taxable","20":"purchasable","21":"product-type-variable"},"_links":{"self":[{"href":"https:\/\/www.billigtrikotde.com\/fr\/wp-json\/wp\/v2\/product\/3385","targetHints":{"allow":["GET"]}}],"collection":[{"href":"https:\/\/www.billigtrikotde.com\/fr\/wp-json\/wp\/v2\/product"}],"about":[{"href":"https:\/\/www.billigtrikotde.com\/fr\/wp-json\/wp\/v2\/types\/product"}],"replies":[{"embeddable":true,"href":"https:\/\/www.billigtrikotde.com\/fr\/wp-json\/wp\/v2\/comments?post=3385"}],"wp:featuredmedia":[{"embeddable":true,"href":"https:\/\/www.billigtrikotde.com\/fr\/wp-json\/wp\/v2\/media\/3420"}],"wp:attachment":[{"href":"https:\/\/www.billigtrikotde.com\/fr\/wp-json\/wp\/v2\/media?parent=3385"}],"wp:term":[{"taxonomy":"product_brand","embeddable":true,"href":"https:\/\/www.billigtrikotde.com\/fr\/wp-json\/wp\/v2\/product_brand?post=3385"},{"taxonomy":"product_cat","embeddable":true,"href":"https:\/\/www.billigtrikotde.com\/fr\/wp-json\/wp\/v2\/product_cat?post=3385"},{"taxonomy":"product_tag","embeddable":true,"href":"https:\/\/www.billigtrikotde.com\/fr\/wp-json\/wp\/v2\/product_tag?post=3385"}],"curies":[{"name":"wp","href":"https:\/\/api.w.org\/{rel}","templated":true}]}}