{"id":3326,"date":"2024-10-23T14:56:55","date_gmt":"2024-10-23T12:56:55","guid":{"rendered":"http:\/\/billigtrikots.com\/?post_type=product&#038;p=3326"},"modified":"2024-10-23T14:59:26","modified_gmt":"2024-10-23T12:59:26","slug":"personalisierbar-paris-st-germain-kinder-3rd-trikot-2021-22-schwarz-rot","status":"publish","type":"product","link":"https:\/\/www.billigtrikotde.com\/fr\/personalisierbar-paris-st-germain-kinder-3rd-trikot-2021-22-schwarz-rot\/","title":{"rendered":"Personnalisable Paris Saint Germain Enfants 3\u00e8me Maillot 2021\/22 noir\/rouge"},"content":{"rendered":"<p>Repr\u00e9sente ton \u00e9quipe pr\u00e9f\u00e9r\u00e9e avec le maillot third stadium Nike Paris-Saint-Germain 2021\/22. Le maillot r\u00e9plique convainc non seulement par son design dans l\u2019esprit d\u2019\u00e9quipe, mais aussi par la technologie Nike Dri-FIT, qui te garantit une sensation de s\u00e9cheresse.<\/p>\n<p>Conseils pour l'impression : Si le nom et le num\u00e9ro figurant sur l'image correspondent exactement \u00e0 ce que vous souhaitez, vous ne devez pas les saisir \u00e0 nouveau. Si ce n'est pas le cas, vous devez saisir le nom et le num\u00e9ro que vous souhaitez.<\/p>\n<p>Conseils pour le lavage : Il est recommand\u00e9 de laver les maillots de football \u00e0 la main. Si vous souhaitez utiliser la machine \u00e0 laver, pensez \u00e0 retourner les maillots de football avant de les laver. Remplissez la machine avec de l'eau froide et utilisez un cycle de lavage d\u00e9licat pour mieux prot\u00e9ger les couleurs.<\/p>","protected":false},"excerpt":{"rendered":"<p>Repr\u00e4sentiere dein Lieblingsteam mit dem Nike Paris-Saint Germain 2021\/22 Stadium Third Trikot. Das Replika Trikot \u00fcberzeugt nicht nur mit seinem Design im Sinne des Teamgeists, sondern auch mit der Nike Dri-FIT Technologie, die dir ein trockenes Tragegef\u00fchl garantiert. Tipps zum Drucken: Wenn der Name und die Nummer auf dem Bild genau Ihren W\u00fcnschen entsprechen, m\u00fcssen [&hellip;]<\/p>","protected":false},"featured_media":3370,"comment_status":"open","ping_status":"closed","template":"","meta":[],"product_brand":[],"product_cat":[160],"product_tag":[20,21,22,23,24,94,42,41,159],"class_list":{"0":"post-3326","1":"product","2":"type-product","3":"status-publish","4":"has-post-thumbnail","6":"product_cat-paris-saint-germain-kindertrikot","7":"product_tag-coole-fussballtrikots","8":"product_tag-fussballtrikot-fuer-herren","9":"product_tag-fussballtrikot-guenstig-kaufen","10":"product_tag-fussballtrikot-kurzarm","11":"product_tag-guenstiges-fussballtrikot","12":"product_tag-kinder-fussball-trikotsatz","13":"product_tag-paris-saint-germain-ausweichtrikot","14":"product_tag-paris-saint-germain-trikots","15":"product_tag-psg-trikotsatz-fuer-kinder","17":"first","18":"instock","19":"shipping-taxable","20":"purchasable","21":"product-type-variable"},"_links":{"self":[{"href":"https:\/\/www.billigtrikotde.com\/fr\/wp-json\/wp\/v2\/product\/3326","targetHints":{"allow":["GET"]}}],"collection":[{"href":"https:\/\/www.billigtrikotde.com\/fr\/wp-json\/wp\/v2\/product"}],"about":[{"href":"https:\/\/www.billigtrikotde.com\/fr\/wp-json\/wp\/v2\/types\/product"}],"replies":[{"embeddable":true,"href":"https:\/\/www.billigtrikotde.com\/fr\/wp-json\/wp\/v2\/comments?post=3326"}],"wp:featuredmedia":[{"embeddable":true,"href":"https:\/\/www.billigtrikotde.com\/fr\/wp-json\/wp\/v2\/media\/3370"}],"wp:attachment":[{"href":"https:\/\/www.billigtrikotde.com\/fr\/wp-json\/wp\/v2\/media?parent=3326"}],"wp:term":[{"taxonomy":"product_brand","embeddable":true,"href":"https:\/\/www.billigtrikotde.com\/fr\/wp-json\/wp\/v2\/product_brand?post=3326"},{"taxonomy":"product_cat","embeddable":true,"href":"https:\/\/www.billigtrikotde.com\/fr\/wp-json\/wp\/v2\/product_cat?post=3326"},{"taxonomy":"product_tag","embeddable":true,"href":"https:\/\/www.billigtrikotde.com\/fr\/wp-json\/wp\/v2\/product_tag?post=3326"}],"curies":[{"name":"wp","href":"https:\/\/api.w.org\/{rel}","templated":true}]}}