{"id":3314,"date":"2024-10-23T14:56:20","date_gmt":"2024-10-23T12:56:20","guid":{"rendered":"http:\/\/billigtrikots.com\/?post_type=product&#038;p=3314"},"modified":"2024-10-23T14:58:55","modified_gmt":"2024-10-23T12:58:55","slug":"paris-saint-germain-heimtrikot-2021-22-kinder-in-blau-mit-aufdruck-draxler-23","status":"publish","type":"product","link":"https:\/\/www.billigtrikotde.com\/fr\/paris-saint-germain-heimtrikot-2021-22-kinder-in-blau-mit-aufdruck-draxler-23\/","title":{"rendered":"Maillot domicile Paris Saint Germain 2021\/22 pour enfants en bleu avec impression Draxler 23"},"content":{"rendered":"<p>Les jeunes supporters montrent leur appartenance \u00e0 leur club avec le mod\u00e8le confortable en bleu. Le t-shirt pour enfants Nike est le choix parfait. Aime ton \u00e9quipe \u2013 avec le maillot domicile du Paris Saint-Germain, port\u00e9 m\u00eame par les joueurs en Ligue 1, tu montres pour qui ton c\u0153ur bat. Nous recommandons ce mod\u00e8le confortable, respirant, \u00e9vacuant la transpiration, l\u00e9ger et agr\u00e9able \u00e0 porter. Ainsi, tu peux montrer \u00e0 tous que tu es le meilleur sur le terrain. Avec ce maillot, tu peux compter sur le blason du club sur la poitrine pour un aspect visuel.<\/p>\n<p>Conseils pour l'impression : Si le nom et le num\u00e9ro figurant sur l'image correspondent exactement \u00e0 ce que vous souhaitez, vous ne devez pas les saisir \u00e0 nouveau. Si ce n'est pas le cas, vous devez saisir le nom et le num\u00e9ro que vous souhaitez.<\/p>\n<p>Conseils pour le lavage : Il est recommand\u00e9 de laver les maillots de football \u00e0 la main. Si vous souhaitez utiliser la machine \u00e0 laver, pensez \u00e0 retourner les maillots de football avant de les laver. Remplissez la machine avec de l'eau froide et utilisez un cycle de lavage d\u00e9licat pour mieux prot\u00e9ger les couleurs.<\/p>","protected":false},"excerpt":{"rendered":"<p>Junge Fans zeigen die Zugeh\u00f6rigkeit zu ihrem Verein mit dem bequemen Modell in Blau. Das Nike Kinder-Shirt ist die perfekte Wahl. Liebe deine Mannschaft \u2013 mit dem Heim-Shirt des Paris Saint-Germain, das sogar von den Spielern in der Ligue 1 getragen wird, zeigst du, f\u00fcr wen dein Herz schl\u00e4gt. Wir empfehlen dieses bequeme, atmungsaktive, schwei\u00dfableitende [&hellip;]<\/p>","protected":false},"featured_media":3359,"comment_status":"open","ping_status":"closed","template":"","meta":[],"product_brand":[],"product_cat":[160],"product_tag":[20,21,22,23,24,94,161,41,159],"class_list":{"0":"post-3314","1":"product","2":"type-product","3":"status-publish","4":"has-post-thumbnail","6":"product_cat-paris-saint-germain-kindertrikot","7":"product_tag-coole-fussballtrikots","8":"product_tag-fussballtrikot-fuer-herren","9":"product_tag-fussballtrikot-guenstig-kaufen","10":"product_tag-fussballtrikot-kurzarm","11":"product_tag-guenstiges-fussballtrikot","12":"product_tag-kinder-fussball-trikotsatz","13":"product_tag-paris-saint-germain-heimtrikot","14":"product_tag-paris-saint-germain-trikots","15":"product_tag-psg-trikotsatz-fuer-kinder","17":"first","18":"instock","19":"shipping-taxable","20":"purchasable","21":"product-type-variable"},"_links":{"self":[{"href":"https:\/\/www.billigtrikotde.com\/fr\/wp-json\/wp\/v2\/product\/3314","targetHints":{"allow":["GET"]}}],"collection":[{"href":"https:\/\/www.billigtrikotde.com\/fr\/wp-json\/wp\/v2\/product"}],"about":[{"href":"https:\/\/www.billigtrikotde.com\/fr\/wp-json\/wp\/v2\/types\/product"}],"replies":[{"embeddable":true,"href":"https:\/\/www.billigtrikotde.com\/fr\/wp-json\/wp\/v2\/comments?post=3314"}],"wp:featuredmedia":[{"embeddable":true,"href":"https:\/\/www.billigtrikotde.com\/fr\/wp-json\/wp\/v2\/media\/3359"}],"wp:attachment":[{"href":"https:\/\/www.billigtrikotde.com\/fr\/wp-json\/wp\/v2\/media?parent=3314"}],"wp:term":[{"taxonomy":"product_brand","embeddable":true,"href":"https:\/\/www.billigtrikotde.com\/fr\/wp-json\/wp\/v2\/product_brand?post=3314"},{"taxonomy":"product_cat","embeddable":true,"href":"https:\/\/www.billigtrikotde.com\/fr\/wp-json\/wp\/v2\/product_cat?post=3314"},{"taxonomy":"product_tag","embeddable":true,"href":"https:\/\/www.billigtrikotde.com\/fr\/wp-json\/wp\/v2\/product_tag?post=3314"}],"curies":[{"name":"wp","href":"https:\/\/api.w.org\/{rel}","templated":true}]}}