{"id":329,"date":"2024-10-23T12:14:27","date_gmt":"2024-10-23T10:14:27","guid":{"rendered":"http:\/\/billigtrikots.com\/?post_type=product&#038;p=329"},"modified":"2024-10-23T12:16:53","modified_gmt":"2024-10-23T10:16:53","slug":"fc-barcelona-herren-auswaerts-trikot-2021-22-fussballtrikot-lila-gelb","status":"publish","type":"product","link":"https:\/\/www.billigtrikotde.com\/fr\/fc-barcelona-herren-auswaerts-trikot-2021-22-fussballtrikot-lila-gelb\/","title":{"rendered":"FC Barcelone Maillot Ext\u00e9rieur Hommes 2021\/22 Maillot de Football violet\/jaune"},"content":{"rendered":"<p>Repr\u00e9sentez votre \u00e9quipe avec le maillot Away Stadium du FC Barcelone. Le tissu tr\u00e8s respirant \u00e9loigne la transpiration de la peau, de sorte que vous restiez au frais, que vous encouragiez les fans dans les tribunes ou que vous jouiez sur le terrain.Dry designLa technologie Nike Dri-FIT \u00e9loigne la transpiration de la peau pour une \u00e9vaporation plus rapide, vous garder au sec et confortable.Cool comfortLe tissu Nike Breathe est tr\u00e8s respirant pour vous aider \u00e0 rester au frais.Inspiration de niveau professionnelLe design reproduit ce que portent les professionnels sur le terrain.<\/p>\n<p>Conseils pour l'impression : Si le nom et le num\u00e9ro figurant sur l'image correspondent exactement \u00e0 ce que vous souhaitez, vous ne devez pas les saisir \u00e0 nouveau. Si ce n'est pas le cas, vous devez saisir le nom et le num\u00e9ro que vous souhaitez.<\/p>\n<p>Conseils pour le lavage : Il est recommand\u00e9 de laver les maillots de football \u00e0 la main. Si vous souhaitez utiliser la machine \u00e0 laver, pensez \u00e0 retourner les maillots de football avant de les laver. Remplissez la machine avec de l'eau froide et utilisez un cycle de lavage d\u00e9licat pour mieux prot\u00e9ger les couleurs.<\/p>","protected":false},"excerpt":{"rendered":"<p>Repr\u00e4sentieren Sie Ihr Team mit dem FC Barcelona Stadium Away Jersey. Das hoch atmungsaktive Gewebe leitet Schwei\u00df von der Haut weg, so dass Sie k\u00fchl bleiben, ob Sie auf der Trib\u00fcne die Fans anfeuern oder auf dem Feld spielen.Dry designThe Nike Dri-FIT-Technologie leitet Schwei\u00df von der Haut weg f\u00fcr eine schnellere Verdunstung, halten Sie trocken [&hellip;]<\/p>","protected":false},"featured_media":384,"comment_status":"open","ping_status":"closed","template":"","meta":[],"product_brand":[],"product_cat":[31],"product_tag":[36,20,33,21,22,23,24],"class_list":{"0":"post-329","1":"product","2":"type-product","3":"status-publish","4":"has-post-thumbnail","6":"product_cat-fc-barcelona","7":"product_tag-barcelona-auswaertstrikot","8":"product_tag-coole-fussballtrikots","9":"product_tag-fc-barcelona-trikots","10":"product_tag-fussballtrikot-fuer-herren","11":"product_tag-fussballtrikot-guenstig-kaufen","12":"product_tag-fussballtrikot-kurzarm","13":"product_tag-guenstiges-fussballtrikot","15":"first","16":"instock","17":"shipping-taxable","18":"purchasable","19":"product-type-variable"},"_links":{"self":[{"href":"https:\/\/www.billigtrikotde.com\/fr\/wp-json\/wp\/v2\/product\/329","targetHints":{"allow":["GET"]}}],"collection":[{"href":"https:\/\/www.billigtrikotde.com\/fr\/wp-json\/wp\/v2\/product"}],"about":[{"href":"https:\/\/www.billigtrikotde.com\/fr\/wp-json\/wp\/v2\/types\/product"}],"replies":[{"embeddable":true,"href":"https:\/\/www.billigtrikotde.com\/fr\/wp-json\/wp\/v2\/comments?post=329"}],"wp:featuredmedia":[{"embeddable":true,"href":"https:\/\/www.billigtrikotde.com\/fr\/wp-json\/wp\/v2\/media\/384"}],"wp:attachment":[{"href":"https:\/\/www.billigtrikotde.com\/fr\/wp-json\/wp\/v2\/media?parent=329"}],"wp:term":[{"taxonomy":"product_brand","embeddable":true,"href":"https:\/\/www.billigtrikotde.com\/fr\/wp-json\/wp\/v2\/product_brand?post=329"},{"taxonomy":"product_cat","embeddable":true,"href":"https:\/\/www.billigtrikotde.com\/fr\/wp-json\/wp\/v2\/product_cat?post=329"},{"taxonomy":"product_tag","embeddable":true,"href":"https:\/\/www.billigtrikotde.com\/fr\/wp-json\/wp\/v2\/product_tag?post=329"}],"curies":[{"name":"wp","href":"https:\/\/api.w.org\/{rel}","templated":true}]}}